{"id":36268,"date":"2019-12-20T08:04:27","date_gmt":"2019-12-20T07:04:27","guid":{"rendered":"https:\/\/www.travianet.de\/nasze-rozwiazania\/"},"modified":"2019-12-20T08:04:35","modified_gmt":"2019-12-20T07:04:35","slug":"nasze-rozwiazania","status":"publish","type":"page","link":"https:\/\/www.travianet.de\/pl\/nasze-rozwiazania\/","title":{"rendered":"Nasze rozwi\u0105zania"},"content":{"rendered":"<p>[et_pb_section fb_built=&#8221;1&#8243; admin_label=&#8221;section&#8221; _builder_version=&#8221;3.20.2&#8243; background_image=&#8221;https:\/\/www.travianet.de\/wp-content\/uploads\/2019\/03\/HeaderIdee.jpg&#8221; custom_padding=&#8221;240px||240px|&#8221;][et_pb_row custom_padding=&#8221;0px||0px|&#8221; admin_label=&#8221;row&#8221; _builder_version=&#8221;3.0.47&#8243; background_size=&#8221;initial&#8221; background_position=&#8221;top_left&#8221; background_repeat=&#8221;repeat&#8221;][et_pb_column type=&#8221;4_4&#8243; _builder_version=&#8221;3.0.47&#8243;][\/et_pb_column][\/et_pb_row][\/et_pb_section][et_pb_section fb_built=&#8221;1&#8243; admin_label=&#8221;Section&#8221; _builder_version=&#8221;3.0.47&#8243; custom_padding=&#8221;||100px|&#8221;][et_pb_row custom_width_px=&#8221;780px&#8221; custom_padding=&#8221;|||&#8221; padding_mobile=&#8221;on&#8221; column_padding_mobile=&#8221;on&#8221; parallax_method_1=&#8221;off&#8221; admin_label=&#8221;Row&#8221; _builder_version=&#8221;3.0.47&#8243; background_size=&#8221;initial&#8221; background_position=&#8221;top_left&#8221; background_repeat=&#8221;repeat&#8221;][et_pb_column type=&#8221;4_4&#8243; _builder_version=&#8221;3.0.47&#8243;][et_pb_text admin_label=&#8221;Reise gut. Alles gut. Mit travianet.&#8221; _builder_version=&#8221;3.0.74&#8243; header_text_color=&#8221;#2b82b1&#8243; header_font_size=&#8221;42px&#8221; header_font_size_phone=&#8221;30px&#8221; header_font_size_last_edited=&#8221;on|phone&#8221; background_size=&#8221;initial&#8221; background_position=&#8221;top_left&#8221; background_repeat=&#8221;repeat&#8221; text_orientation=&#8221;center&#8221; module_alignment=&#8221;center&#8221;]<\/p>\n<h1>Dobra podr\u00f3\u017c. Od razu lepiej. Z travianet.<\/h1>\n<p>[\/et_pb_text][et_pb_text _builder_version=&#8221;3.0.74&#8243; text_font=&#8221;Roboto Light||||&#8221; text_font_size=&#8221;20px&#8221; text_line_height=&#8221;1.5em&#8221; background_size=&#8221;initial&#8221; background_position=&#8221;top_left&#8221; background_repeat=&#8221;repeat&#8221; text_orientation=&#8221;center&#8221; module_alignment=&#8221;center&#8221; custom_margin=&#8221;|||&#8221;]Rozwi\u0105zania i us\u0142ugi[\/et_pb_text][\/et_pb_column][\/et_pb_row][et_pb_row custom_padding=&#8221;|30px||30px&#8221; column_padding_mobile=&#8221;on&#8221; parallax_method_1=&#8221;off&#8221; parallax_method_2=&#8221;off&#8221; parallax_method_3=&#8221;off&#8221; parallax_method_4=&#8221;off&#8221; admin_label=&#8221;Row&#8221; module_class=&#8221;et_pb_animation_right et-animated et-waypoint&#8221; _builder_version=&#8221;3.0.47&#8243; background_color=&#8221;rgba(43,130,177,0.2)&#8221; background_size=&#8221;initial&#8221; background_position=&#8221;top_left&#8221; background_repeat=&#8221;repeat&#8221;][et_pb_column type=&#8221;4_4&#8243; _builder_version=&#8221;3.0.47&#8243;][et_pb_text admin_label=&#8221;F\u00fcr Reiseunternehmen&#8221; _builder_version=&#8221;3.0.74&#8243; header_text_color=&#8221;#2b82b1&#8243; header_font_size=&#8221;40px&#8221; header_font_size_phone=&#8221;30px&#8221; header_font_size_last_edited=&#8221;on|phone&#8221; header_line_height=&#8221;1.5em&#8221; background_size=&#8221;initial&#8221; background_position=&#8221;top_left&#8221; background_repeat=&#8221;repeat&#8221; custom_margin=&#8221;|||&#8221;]<\/p>\n<h1 style=\"text-align: center;\">Dla biur podr\u00f3\u017cy<\/h1>\n<p style=\"text-align: center;\">Dzi\u0119ki naszym rozwi\u0105zaniom i us\u0142ugom u\u0142atwiamy biurom podr\u00f3\u017cy ich prac\u0119, podnosimy jako\u015b\u0107 obs\u0142ugi i dbamy o wi\u0119ksz\u0105 op\u0142acalno\u015b\u0107 proces\u00f3w. Nasz program partnerski to dodatkowe \u017ar\u00f3d\u0142o dochod\u00f3w.<\/p>\n<p>[\/et_pb_text][et_pb_button button_url=&#8221;https:\/\/www.travianet.de\/unsere-loesungen\/reiseunternehmen\/&#8221; button_text=&#8221;Wi\u0119cej informacji&#8221; button_alignment=&#8221;center&#8221; _builder_version=&#8221;3.16&#8243; custom_button=&#8221;on&#8221; button_text_color_hover=&#8221;#ffffff&#8221; button_border_color_hover=&#8221;#2b82b1&#8243; button_bg_color_hover=&#8221;#2b82b1&#8243; button_text_size__hover_enabled=&#8221;off&#8221; button_one_text_size__hover_enabled=&#8221;off&#8221; button_two_text_size__hover_enabled=&#8221;off&#8221; button_text_color__hover_enabled=&#8221;on&#8221; button_text_color__hover=&#8221;#ffffff&#8221; button_one_text_color__hover_enabled=&#8221;off&#8221; button_two_text_color__hover_enabled=&#8221;off&#8221; button_border_width__hover_enabled=&#8221;off&#8221; button_one_border_width__hover_enabled=&#8221;off&#8221; button_two_border_width__hover_enabled=&#8221;off&#8221; button_border_color__hover_enabled=&#8221;on&#8221; button_border_color__hover=&#8221;#2b82b1&#8243; button_one_border_color__hover_enabled=&#8221;off&#8221; button_two_border_color__hover_enabled=&#8221;off&#8221; button_border_radius__hover_enabled=&#8221;off&#8221; button_one_border_radius__hover_enabled=&#8221;off&#8221; button_two_border_radius__hover_enabled=&#8221;off&#8221; button_letter_spacing__hover_enabled=&#8221;off&#8221; button_one_letter_spacing__hover_enabled=&#8221;off&#8221; button_two_letter_spacing__hover_enabled=&#8221;off&#8221; button_bg_color__hover_enabled=&#8221;on&#8221; button_bg_color__hover=&#8221;#2b82b1&#8243; button_one_bg_color__hover_enabled=&#8221;off&#8221; button_two_bg_color__hover_enabled=&#8221;off&#8221;][\/et_pb_button][\/et_pb_column][\/et_pb_row][et_pb_row custom_padding=&#8221;|30px||30px&#8221; custom_margin=&#8221;50px||50px|&#8221; column_padding_mobile=&#8221;on&#8221; parallax_method_1=&#8221;off&#8221; parallax_method_2=&#8221;off&#8221; parallax_method_3=&#8221;off&#8221; parallax_method_4=&#8221;off&#8221; admin_label=&#8221;Row&#8221; module_class=&#8221;et_pb_animation_right et-animated et-waypoint&#8221; _builder_version=&#8221;3.0.51&#8243; background_color=&#8221;rgba(43,130,177,0.15)&#8221; background_size=&#8221;initial&#8221; background_position=&#8221;top_left&#8221; background_repeat=&#8221;repeat&#8221;][et_pb_column type=&#8221;4_4&#8243; _builder_version=&#8221;3.0.47&#8243;][et_pb_text admin_label=&#8221;F\u00fcr Firmen, Vereine und Organisationen&#8221; _builder_version=&#8221;3.0.74&#8243; header_text_color=&#8221;#2b82b1&#8243; header_font_size=&#8221;40px&#8221; header_font_size_phone=&#8221;30px&#8221; header_font_size_last_edited=&#8221;on|phone&#8221; header_line_height=&#8221;1.5em&#8221; background_size=&#8221;initial&#8221; background_position=&#8221;top_left&#8221; background_repeat=&#8221;repeat&#8221; custom_margin=&#8221;|||&#8221;]<\/p>\n<h1 style=\"text-align: center;\">Dla firm, klub\u00f3w i organizacji<\/h1>\n<p style=\"text-align: center;\">Pomagamy tworzy\u0107 warto\u015b\u0107 dodan\u0105 i zach\u0119ty dla klient\u00f3w i pracownik\u00f3w. Kosztuje Ci\u0119 to niewiele, a mo\u017ce nawet nic, pomaga dba\u0107 o pozytywny wizerunek i \u2013 przy odrobinie sprytu \u2013 przynosi dodatkowy doch\u00f3d.<\/p>\n<p>[\/et_pb_text][et_pb_button button_url=&#8221;https:\/\/www.travianet.de\/unsere-loesungen\/touristikprofis\/&#8221; button_text=&#8221;Wi\u0119cej informacji&#8221; button_alignment=&#8221;center&#8221; _builder_version=&#8221;3.16&#8243; custom_button=&#8221;on&#8221; button_text_color_hover=&#8221;#ffffff&#8221; button_border_color_hover=&#8221;#2b82b1&#8243; button_bg_color_hover=&#8221;#2b82b1&#8243; button_text_size__hover_enabled=&#8221;off&#8221; button_one_text_size__hover_enabled=&#8221;off&#8221; button_two_text_size__hover_enabled=&#8221;off&#8221; button_text_color__hover_enabled=&#8221;on&#8221; button_text_color__hover=&#8221;#ffffff&#8221; button_one_text_color__hover_enabled=&#8221;off&#8221; button_two_text_color__hover_enabled=&#8221;off&#8221; button_border_width__hover_enabled=&#8221;off&#8221; button_one_border_width__hover_enabled=&#8221;off&#8221; button_two_border_width__hover_enabled=&#8221;off&#8221; button_border_color__hover_enabled=&#8221;on&#8221; button_border_color__hover=&#8221;#2b82b1&#8243; button_one_border_color__hover_enabled=&#8221;off&#8221; button_two_border_color__hover_enabled=&#8221;off&#8221; button_border_radius__hover_enabled=&#8221;off&#8221; button_one_border_radius__hover_enabled=&#8221;off&#8221; button_two_border_radius__hover_enabled=&#8221;off&#8221; button_letter_spacing__hover_enabled=&#8221;off&#8221; button_one_letter_spacing__hover_enabled=&#8221;off&#8221; button_two_letter_spacing__hover_enabled=&#8221;off&#8221; button_bg_color__hover_enabled=&#8221;on&#8221; button_bg_color__hover=&#8221;#2b82b1&#8243; button_one_bg_color__hover_enabled=&#8221;off&#8221; button_two_bg_color__hover_enabled=&#8221;off&#8221;][\/et_pb_button][\/et_pb_column][\/et_pb_row][et_pb_row custom_padding=&#8221;|30px||30px&#8221; custom_margin=&#8221;50px||50px|&#8221; column_padding_mobile=&#8221;on&#8221; parallax_method_1=&#8221;off&#8221; parallax_method_2=&#8221;off&#8221; parallax_method_3=&#8221;off&#8221; parallax_method_4=&#8221;off&#8221; admin_label=&#8221;Row&#8221; module_class=&#8221;et_pb_animation_right et-animated et-waypoint&#8221; _builder_version=&#8221;3.0.51&#8243; background_color=&#8221;rgba(43,130,177,0.1)&#8221; background_size=&#8221;initial&#8221; background_position=&#8221;top_left&#8221; background_repeat=&#8221;repeat&#8221;][et_pb_column type=&#8221;4_4&#8243; _builder_version=&#8221;3.0.47&#8243;][et_pb_text admin_label=&#8221;F\u00fcr Reise-Enthusiasten &#038; Blogger&#8221; _builder_version=&#8221;3.0.74&#8243; header_text_color=&#8221;#2b82b1&#8243; header_font_size=&#8221;40px&#8221; header_font_size_phone=&#8221;30px&#8221; header_font_size_last_edited=&#8221;on|phone&#8221; header_line_height=&#8221;1.5em&#8221; background_size=&#8221;initial&#8221; background_position=&#8221;top_left&#8221; background_repeat=&#8221;repeat&#8221; custom_margin=&#8221;|||&#8221;]<\/p>\n<h1 style=\"text-align: center;\">Dla fan\u00f3w podr\u00f3\u017cy i bloger\u00f3w<\/h1>\n<p style=\"text-align: center;\">Umo\u017cliwiamy Ci zarabianie na tym, co kochasz: podr\u00f3\u017cach, przygodach, prze\u017cyciach i historiach. Jak to mo\u017cliwe? Ch\u0119tnie Ci poka\u017cemy. A my zapewnimy Ci wszystko, co b\u0119dzie potrzebne.<\/p>\n<p>[\/et_pb_text][et_pb_button button_url=&#8221;https:\/\/www.travianet.de\/unsere-loesungen\/reise-enthusiasten\/&#8221; button_text=&#8221;Wi\u0119cej informacji&#8221; button_alignment=&#8221;center&#8221; _builder_version=&#8221;3.16&#8243; custom_button=&#8221;on&#8221; button_text_color_hover=&#8221;#ffffff&#8221; button_border_color_hover=&#8221;#2b82b1&#8243; button_bg_color_hover=&#8221;#2b82b1&#8243; button_text_size__hover_enabled=&#8221;off&#8221; button_one_text_size__hover_enabled=&#8221;off&#8221; button_two_text_size__hover_enabled=&#8221;off&#8221; button_text_color__hover_enabled=&#8221;on&#8221; button_text_color__hover=&#8221;#ffffff&#8221; button_one_text_color__hover_enabled=&#8221;off&#8221; button_two_text_color__hover_enabled=&#8221;off&#8221; button_border_width__hover_enabled=&#8221;off&#8221; button_one_border_width__hover_enabled=&#8221;off&#8221; button_two_border_width__hover_enabled=&#8221;off&#8221; button_border_color__hover_enabled=&#8221;on&#8221; button_border_color__hover=&#8221;#2b82b1&#8243; button_one_border_color__hover_enabled=&#8221;off&#8221; button_two_border_color__hover_enabled=&#8221;off&#8221; button_border_radius__hover_enabled=&#8221;off&#8221; button_one_border_radius__hover_enabled=&#8221;off&#8221; button_two_border_radius__hover_enabled=&#8221;off&#8221; button_letter_spacing__hover_enabled=&#8221;off&#8221; button_one_letter_spacing__hover_enabled=&#8221;off&#8221; button_two_letter_spacing__hover_enabled=&#8221;off&#8221; button_bg_color__hover_enabled=&#8221;on&#8221; button_bg_color__hover=&#8221;#2b82b1&#8243; button_one_bg_color__hover_enabled=&#8221;off&#8221; button_two_bg_color__hover_enabled=&#8221;off&#8221;][\/et_pb_button][\/et_pb_column][\/et_pb_row][\/et_pb_section]<\/p>\n","protected":false},"excerpt":{"rendered":"<p>Dobra podr\u00f3\u017c. Od razu lepiej. Z travianet.Rozwi\u0105zania i us\u0142ugiDla biur podr\u00f3\u017cy Dzi\u0119ki naszym rozwi\u0105zaniom i us\u0142ugom u\u0142atwiamy biurom podr\u00f3\u017cy ich prac\u0119, podnosimy jako\u015b\u0107 obs\u0142ugi i dbamy o wi\u0119ksz\u0105 op\u0142acalno\u015b\u0107 proces\u00f3w. Nasz program partnerski to dodatkowe \u017ar\u00f3d\u0142o dochod\u00f3w.Dla firm, klub\u00f3w i organizacji Pomagamy tworzy\u0107 warto\u015b\u0107 dodan\u0105 i zach\u0119ty dla klient\u00f3w i pracownik\u00f3w. Kosztuje Ci\u0119 to niewiele, [&hellip;]<\/p>\n","protected":false},"author":4,"featured_media":0,"parent":0,"menu_order":0,"comment_status":"closed","ping_status":"closed","template":"","meta":{"_et_pb_use_builder":"on","_et_pb_old_content":"","_et_gb_content_width":"","footnotes":""},"class_list":["post-36268","page","type-page","status-publish","hentry"],"yoast_head":"<!-- This site is optimized with the Yoast SEO plugin v27.4 - https:\/\/yoast.com\/product\/yoast-seo-wordpress\/ -->\n<title>Rozwi\u0105zania travianet dla wszystkich fan\u00f3w podr\u00f3\u017cy i firm<\/title>\n<meta name=\"description\" content=\"Rozwi\u0105zania travianet dla wszystkich: biur podr\u00f3\u017cy, firm i klub\u00f3w, fan\u00f3w podr\u00f3\u017cy i bloger\u00f3w \u2714 Zadzwo\u0144 do nas \u2706 0991\/29670\" \/>\n<meta name=\"robots\" content=\"index, follow, max-snippet:-1, max-image-preview:large, max-video-preview:-1\" \/>\n<link rel=\"canonical\" href=\"https:\/\/www.travianet.de\/pl\/nasze-rozwiazania\/\" \/>\n<meta property=\"og:locale\" content=\"pl_PL\" \/>\n<meta property=\"og:type\" content=\"article\" \/>\n<meta property=\"og:title\" content=\"Rozwi\u0105zania travianet dla wszystkich fan\u00f3w podr\u00f3\u017cy i firm\" \/>\n<meta property=\"og:description\" content=\"Rozwi\u0105zania travianet dla wszystkich: biur podr\u00f3\u017cy, firm i klub\u00f3w, fan\u00f3w podr\u00f3\u017cy i bloger\u00f3w \u2714 Zadzwo\u0144 do nas \u2706 0991\/29670\" \/>\n<meta property=\"og:url\" content=\"https:\/\/www.travianet.de\/pl\/nasze-rozwiazania\/\" \/>\n<meta property=\"og:site_name\" content=\"travianet\" \/>\n<meta property=\"article:modified_time\" content=\"2019-12-20T07:04:35+00:00\" \/>\n<meta name=\"twitter:card\" content=\"summary_large_image\" \/>\n<meta name=\"twitter:site\" content=\"@travianet\" \/>\n<meta name=\"twitter:label1\" content=\"Szacowany czas czytania\" \/>\n\t<meta name=\"twitter:data1\" content=\"6 minut\" \/>\n<script type=\"application\/ld+json\" class=\"yoast-schema-graph\">{\"@context\":\"https:\\\/\\\/schema.org\",\"@graph\":[{\"@type\":\"WebPage\",\"@id\":\"https:\\\/\\\/www.travianet.de\\\/pl\\\/nasze-rozwiazania\\\/\",\"url\":\"https:\\\/\\\/www.travianet.de\\\/pl\\\/nasze-rozwiazania\\\/\",\"name\":\"Rozwi\u0105zania travianet dla wszystkich fan\u00f3w podr\u00f3\u017cy i firm\",\"isPartOf\":{\"@id\":\"https:\\\/\\\/www.travianet.de\\\/#website\"},\"datePublished\":\"2019-12-20T07:04:27+00:00\",\"dateModified\":\"2019-12-20T07:04:35+00:00\",\"description\":\"Rozwi\u0105zania travianet dla wszystkich: biur podr\u00f3\u017cy, firm i klub\u00f3w, fan\u00f3w podr\u00f3\u017cy i bloger\u00f3w \u2714 Zadzwo\u0144 do nas \u2706 0991\\\/29670\",\"breadcrumb\":{\"@id\":\"https:\\\/\\\/www.travianet.de\\\/pl\\\/nasze-rozwiazania\\\/#breadcrumb\"},\"inLanguage\":\"pl-PL\",\"potentialAction\":[{\"@type\":\"ReadAction\",\"target\":[\"https:\\\/\\\/www.travianet.de\\\/pl\\\/nasze-rozwiazania\\\/\"]}]},{\"@type\":\"BreadcrumbList\",\"@id\":\"https:\\\/\\\/www.travianet.de\\\/pl\\\/nasze-rozwiazania\\\/#breadcrumb\",\"itemListElement\":[{\"@type\":\"ListItem\",\"position\":1,\"name\":\"Startseite\",\"item\":\"https:\\\/\\\/www.travianet.de\\\/pl\\\/\"},{\"@type\":\"ListItem\",\"position\":2,\"name\":\"Nasze rozwi\u0105zania\"}]},{\"@type\":\"WebSite\",\"@id\":\"https:\\\/\\\/www.travianet.de\\\/#website\",\"url\":\"https:\\\/\\\/www.travianet.de\\\/\",\"name\":\"travianet\",\"description\":\"Die Nummer Eins wenn es um Reisepartnerprogramme geht\",\"publisher\":{\"@id\":\"https:\\\/\\\/www.travianet.de\\\/#organization\"},\"potentialAction\":[{\"@type\":\"SearchAction\",\"target\":{\"@type\":\"EntryPoint\",\"urlTemplate\":\"https:\\\/\\\/www.travianet.de\\\/?s={search_term_string}\"},\"query-input\":{\"@type\":\"PropertyValueSpecification\",\"valueRequired\":true,\"valueName\":\"search_term_string\"}}],\"inLanguage\":\"pl-PL\"},{\"@type\":\"Organization\",\"@id\":\"https:\\\/\\\/www.travianet.de\\\/#organization\",\"name\":\"travianet GmbH\",\"url\":\"https:\\\/\\\/www.travianet.de\\\/\",\"logo\":{\"@type\":\"ImageObject\",\"inLanguage\":\"pl-PL\",\"@id\":\"https:\\\/\\\/www.travianet.de\\\/#\\\/schema\\\/logo\\\/image\\\/\",\"url\":\"https:\\\/\\\/www.travianet.de\\\/wp-content\\\/uploads\\\/2017\\\/06\\\/travianetLogo.png\",\"contentUrl\":\"https:\\\/\\\/www.travianet.de\\\/wp-content\\\/uploads\\\/2017\\\/06\\\/travianetLogo.png\",\"width\":426,\"height\":80,\"caption\":\"travianet GmbH\"},\"image\":{\"@id\":\"https:\\\/\\\/www.travianet.de\\\/#\\\/schema\\\/logo\\\/image\\\/\"},\"sameAs\":[\"https:\\\/\\\/x.com\\\/travianet\",\"https:\\\/\\\/www.linkedin.com\\\/company-beta\\\/1138881\\\/\"]}]}<\/script>\n<!-- \/ Yoast SEO plugin. -->","yoast_head_json":{"title":"Rozwi\u0105zania travianet dla wszystkich fan\u00f3w podr\u00f3\u017cy i firm","description":"Rozwi\u0105zania travianet dla wszystkich: biur podr\u00f3\u017cy, firm i klub\u00f3w, fan\u00f3w podr\u00f3\u017cy i bloger\u00f3w \u2714 Zadzwo\u0144 do nas \u2706 0991\/29670","robots":{"index":"index","follow":"follow","max-snippet":"max-snippet:-1","max-image-preview":"max-image-preview:large","max-video-preview":"max-video-preview:-1"},"canonical":"https:\/\/www.travianet.de\/pl\/nasze-rozwiazania\/","og_locale":"pl_PL","og_type":"article","og_title":"Rozwi\u0105zania travianet dla wszystkich fan\u00f3w podr\u00f3\u017cy i firm","og_description":"Rozwi\u0105zania travianet dla wszystkich: biur podr\u00f3\u017cy, firm i klub\u00f3w, fan\u00f3w podr\u00f3\u017cy i bloger\u00f3w \u2714 Zadzwo\u0144 do nas \u2706 0991\/29670","og_url":"https:\/\/www.travianet.de\/pl\/nasze-rozwiazania\/","og_site_name":"travianet","article_modified_time":"2019-12-20T07:04:35+00:00","twitter_card":"summary_large_image","twitter_site":"@travianet","twitter_misc":{"Szacowany czas czytania":"6 minut"},"schema":{"@context":"https:\/\/schema.org","@graph":[{"@type":"WebPage","@id":"https:\/\/www.travianet.de\/pl\/nasze-rozwiazania\/","url":"https:\/\/www.travianet.de\/pl\/nasze-rozwiazania\/","name":"Rozwi\u0105zania travianet dla wszystkich fan\u00f3w podr\u00f3\u017cy i firm","isPartOf":{"@id":"https:\/\/www.travianet.de\/#website"},"datePublished":"2019-12-20T07:04:27+00:00","dateModified":"2019-12-20T07:04:35+00:00","description":"Rozwi\u0105zania travianet dla wszystkich: biur podr\u00f3\u017cy, firm i klub\u00f3w, fan\u00f3w podr\u00f3\u017cy i bloger\u00f3w \u2714 Zadzwo\u0144 do nas \u2706 0991\/29670","breadcrumb":{"@id":"https:\/\/www.travianet.de\/pl\/nasze-rozwiazania\/#breadcrumb"},"inLanguage":"pl-PL","potentialAction":[{"@type":"ReadAction","target":["https:\/\/www.travianet.de\/pl\/nasze-rozwiazania\/"]}]},{"@type":"BreadcrumbList","@id":"https:\/\/www.travianet.de\/pl\/nasze-rozwiazania\/#breadcrumb","itemListElement":[{"@type":"ListItem","position":1,"name":"Startseite","item":"https:\/\/www.travianet.de\/pl\/"},{"@type":"ListItem","position":2,"name":"Nasze rozwi\u0105zania"}]},{"@type":"WebSite","@id":"https:\/\/www.travianet.de\/#website","url":"https:\/\/www.travianet.de\/","name":"travianet","description":"Die Nummer Eins wenn es um Reisepartnerprogramme geht","publisher":{"@id":"https:\/\/www.travianet.de\/#organization"},"potentialAction":[{"@type":"SearchAction","target":{"@type":"EntryPoint","urlTemplate":"https:\/\/www.travianet.de\/?s={search_term_string}"},"query-input":{"@type":"PropertyValueSpecification","valueRequired":true,"valueName":"search_term_string"}}],"inLanguage":"pl-PL"},{"@type":"Organization","@id":"https:\/\/www.travianet.de\/#organization","name":"travianet GmbH","url":"https:\/\/www.travianet.de\/","logo":{"@type":"ImageObject","inLanguage":"pl-PL","@id":"https:\/\/www.travianet.de\/#\/schema\/logo\/image\/","url":"https:\/\/www.travianet.de\/wp-content\/uploads\/2017\/06\/travianetLogo.png","contentUrl":"https:\/\/www.travianet.de\/wp-content\/uploads\/2017\/06\/travianetLogo.png","width":426,"height":80,"caption":"travianet GmbH"},"image":{"@id":"https:\/\/www.travianet.de\/#\/schema\/logo\/image\/"},"sameAs":["https:\/\/x.com\/travianet","https:\/\/www.linkedin.com\/company-beta\/1138881\/"]}]}},"_links":{"self":[{"href":"https:\/\/www.travianet.de\/pl\/wp-json\/wp\/v2\/pages\/36268","targetHints":{"allow":["GET"]}}],"collection":[{"href":"https:\/\/www.travianet.de\/pl\/wp-json\/wp\/v2\/pages"}],"about":[{"href":"https:\/\/www.travianet.de\/pl\/wp-json\/wp\/v2\/types\/page"}],"author":[{"embeddable":true,"href":"https:\/\/www.travianet.de\/pl\/wp-json\/wp\/v2\/users\/4"}],"replies":[{"embeddable":true,"href":"https:\/\/www.travianet.de\/pl\/wp-json\/wp\/v2\/comments?post=36268"}],"version-history":[{"count":1,"href":"https:\/\/www.travianet.de\/pl\/wp-json\/wp\/v2\/pages\/36268\/revisions"}],"predecessor-version":[{"id":36272,"href":"https:\/\/www.travianet.de\/pl\/wp-json\/wp\/v2\/pages\/36268\/revisions\/36272"}],"wp:attachment":[{"href":"https:\/\/www.travianet.de\/pl\/wp-json\/wp\/v2\/media?parent=36268"}],"curies":[{"name":"wp","href":"https:\/\/api.w.org\/{rel}","templated":true}]}}