{"id":36258,"date":"2019-12-20T08:04:16","date_gmt":"2019-12-20T07:04:16","guid":{"rendered":"https:\/\/www.travianet.de\/polityka-plikow-cookie\/"},"modified":"2019-12-20T08:04:37","modified_gmt":"2019-12-20T07:04:37","slug":"polityka-plikow-cookie","status":"publish","type":"page","link":"https:\/\/www.travianet.de\/pl\/polityka-plikow-cookie\/","title":{"rendered":"Polityka plik\u00f3w cookie"},"content":{"rendered":"<p>[et_pb_section bb_built=&#8221;1&#8243; admin_label=&#8221;section&#8221;][et_pb_row admin_label=&#8221;row&#8221; background_position=&#8221;top_left&#8221; background_repeat=&#8221;repeat&#8221; background_size=&#8221;initial&#8221;][et_pb_column type=&#8221;4_4&#8243;][et_pb_text admin_label=&#8221;Text&#8221; background_layout=&#8221;light&#8221; text_orientation=&#8221;left&#8221; border_style=&#8221;solid&#8221; background_position=&#8221;top_left&#8221; background_repeat=&#8221;repeat&#8221; background_size=&#8221;initial&#8221; _builder_version=&#8221;3.0.51&#8243;]<!-- wpml:html_fragment <\/p>\n\n --><\/p>\n<h2>Pliki cookie<\/h2>\n<p>Wiele stron internetowych wykorzystuje tak zwane pliki cookie. Pliki cookie nie wyrz\u0105dzaj\u0105 szkody komputerowi i nie zawieraj\u0105 wirus\u00f3w. S\u0142u\u017c\u0105 nam one do tego, aby nasza oferta by\u0142a bardziej przyjazna dla u\u017cytkownika, efektywna i bezpieczna. Pliki cookie to ma\u0142e pliki tekstowe zapisywane na komputerze u\u017cytkownika i przechowywane przez przegl\u0105dark\u0119.<\/p>\n<p>Wi\u0119kszo\u015b\u0107 u\u017cywanych przez nas plik\u00f3w cookie to tak zwane \u201esesyjne pliki cookie\u201d. Zostaj\u0105 one automatycznie skasowane po zako\u0144czeniu wizyty na stronie. Inne pliki cookie pozostaj\u0105 na Twoim urz\u0105dzeniu, dop\u00f3ki ich nie usuniesz. Te pliki cookie umo\u017cliwiaj\u0105 nam rozpoznanie Twojej przegl\u0105darki podczas kolejnej wizyty.<\/p>\n<p>Mo\u017cesz dokona\u0107 w swojej przegl\u0105darce takich ustawie\u0144, aby informowa\u0142a Ci\u0119 o zapisywaniu plik\u00f3w cookie i zezwala\u0142a na to tylko w indywidualnych przypadkach, mo\u017cesz tak\u017ce odm\u00f3wi\u0107 akceptacji plik\u00f3w cookie w okre\u015blonych przypadkach, odm\u00f3wi\u0107 akceptacji wszystkich plik\u00f3w cookie lub aktywowa\u0107 automatyczne usuwanie plik\u00f3w cookie przy zamykaniu przegl\u0105darki. Wy\u0142\u0105czenie plik\u00f3w cookie mo\u017ce ograniczy\u0107 funkcjonalno\u015b\u0107 tej strony internetowej.<\/p>\n<p>[\/et_pb_text][\/et_pb_column][\/et_pb_row][\/et_pb_section]<\/p>\n","protected":false},"excerpt":{"rendered":"<p>Pliki cookie Wiele stron internetowych wykorzystuje tak zwane pliki cookie. Pliki cookie nie wyrz\u0105dzaj\u0105 szkody komputerowi i nie zawieraj\u0105 wirus\u00f3w. S\u0142u\u017c\u0105 nam one do tego, aby nasza oferta by\u0142a bardziej przyjazna dla u\u017cytkownika, efektywna i bezpieczna. Pliki cookie to ma\u0142e pliki tekstowe zapisywane na komputerze u\u017cytkownika i przechowywane przez przegl\u0105dark\u0119. Wi\u0119kszo\u015b\u0107 u\u017cywanych przez nas plik\u00f3w [&hellip;]<\/p>\n","protected":false},"author":4,"featured_media":0,"parent":0,"menu_order":0,"comment_status":"closed","ping_status":"closed","template":"","meta":{"_et_pb_use_builder":"on","_et_pb_old_content":"<p>This site uses cookies - small text files that are placed on your machine to help the site provide a better user experience. In general, cookies are used to retain user preferences, store information for things like shopping carts, and provide anonymised tracking data to third party applications like Google Analytics. As a rule, cookies will make your browsing experience better. However, you may prefer to disable cookies on this site and on others. The most effective way to do this is to disable cookies in your browser. We suggest consulting the Help section of your browser or taking a look at <a href=\"http:\/\/www.aboutcookies.org\">the About Cookies website<\/a> which offers guidance for all modern browsers<\/p>","_et_gb_content_width":"","footnotes":""},"class_list":["post-36258","page","type-page","status-publish","hentry"],"yoast_head":"<!-- This site is optimized with the Yoast SEO plugin v27.5 - https:\/\/yoast.com\/product\/yoast-seo-wordpress\/ -->\n<title>Polityka plik\u00f3w cookie - travianet<\/title>\n<meta name=\"robots\" content=\"index, follow, max-snippet:-1, max-image-preview:large, max-video-preview:-1\" \/>\n<link rel=\"canonical\" href=\"https:\/\/www.travianet.de\/pl\/polityka-plikow-cookie\/\" \/>\n<meta property=\"og:locale\" content=\"pl_PL\" \/>\n<meta property=\"og:type\" content=\"article\" \/>\n<meta property=\"og:title\" content=\"Polityka plik\u00f3w cookie - travianet\" \/>\n<meta property=\"og:description\" content=\"Pliki cookie Wiele stron internetowych wykorzystuje tak zwane pliki cookie. Pliki cookie nie wyrz\u0105dzaj\u0105 szkody komputerowi i nie zawieraj\u0105 wirus\u00f3w. S\u0142u\u017c\u0105 nam one do tego, aby nasza oferta by\u0142a bardziej przyjazna dla u\u017cytkownika, efektywna i bezpieczna. Pliki cookie to ma\u0142e pliki tekstowe zapisywane na komputerze u\u017cytkownika i przechowywane przez przegl\u0105dark\u0119. Wi\u0119kszo\u015b\u0107 u\u017cywanych przez nas plik\u00f3w [&hellip;]\" \/>\n<meta property=\"og:url\" content=\"https:\/\/www.travianet.de\/pl\/polityka-plikow-cookie\/\" \/>\n<meta property=\"og:site_name\" content=\"travianet\" \/>\n<meta property=\"article:modified_time\" content=\"2019-12-20T07:04:37+00:00\" \/>\n<meta name=\"twitter:card\" content=\"summary_large_image\" \/>\n<meta name=\"twitter:site\" content=\"@travianet\" \/>\n<meta name=\"twitter:label1\" content=\"Szacowany czas czytania\" \/>\n\t<meta name=\"twitter:data1\" content=\"1 minuta\" \/>\n<script type=\"application\/ld+json\" class=\"yoast-schema-graph\">{\"@context\":\"https:\\\/\\\/schema.org\",\"@graph\":[{\"@type\":\"WebPage\",\"@id\":\"https:\\\/\\\/www.travianet.de\\\/pl\\\/polityka-plikow-cookie\\\/\",\"url\":\"https:\\\/\\\/www.travianet.de\\\/pl\\\/polityka-plikow-cookie\\\/\",\"name\":\"Polityka plik\u00f3w cookie - travianet\",\"isPartOf\":{\"@id\":\"https:\\\/\\\/www.travianet.de\\\/#website\"},\"datePublished\":\"2019-12-20T07:04:16+00:00\",\"dateModified\":\"2019-12-20T07:04:37+00:00\",\"breadcrumb\":{\"@id\":\"https:\\\/\\\/www.travianet.de\\\/pl\\\/polityka-plikow-cookie\\\/#breadcrumb\"},\"inLanguage\":\"pl-PL\",\"potentialAction\":[{\"@type\":\"ReadAction\",\"target\":[\"https:\\\/\\\/www.travianet.de\\\/pl\\\/polityka-plikow-cookie\\\/\"]}]},{\"@type\":\"BreadcrumbList\",\"@id\":\"https:\\\/\\\/www.travianet.de\\\/pl\\\/polityka-plikow-cookie\\\/#breadcrumb\",\"itemListElement\":[{\"@type\":\"ListItem\",\"position\":1,\"name\":\"Startseite\",\"item\":\"https:\\\/\\\/www.travianet.de\\\/pl\\\/\"},{\"@type\":\"ListItem\",\"position\":2,\"name\":\"Polityka plik\u00f3w cookie\"}]},{\"@type\":\"WebSite\",\"@id\":\"https:\\\/\\\/www.travianet.de\\\/#website\",\"url\":\"https:\\\/\\\/www.travianet.de\\\/\",\"name\":\"travianet\",\"description\":\"Die Nummer Eins wenn es um Reisepartnerprogramme geht\",\"publisher\":{\"@id\":\"https:\\\/\\\/www.travianet.de\\\/#organization\"},\"potentialAction\":[{\"@type\":\"SearchAction\",\"target\":{\"@type\":\"EntryPoint\",\"urlTemplate\":\"https:\\\/\\\/www.travianet.de\\\/?s={search_term_string}\"},\"query-input\":{\"@type\":\"PropertyValueSpecification\",\"valueRequired\":true,\"valueName\":\"search_term_string\"}}],\"inLanguage\":\"pl-PL\"},{\"@type\":\"Organization\",\"@id\":\"https:\\\/\\\/www.travianet.de\\\/#organization\",\"name\":\"travianet GmbH\",\"url\":\"https:\\\/\\\/www.travianet.de\\\/\",\"logo\":{\"@type\":\"ImageObject\",\"inLanguage\":\"pl-PL\",\"@id\":\"https:\\\/\\\/www.travianet.de\\\/#\\\/schema\\\/logo\\\/image\\\/\",\"url\":\"https:\\\/\\\/www.travianet.de\\\/wp-content\\\/uploads\\\/2017\\\/06\\\/travianetLogo.png\",\"contentUrl\":\"https:\\\/\\\/www.travianet.de\\\/wp-content\\\/uploads\\\/2017\\\/06\\\/travianetLogo.png\",\"width\":426,\"height\":80,\"caption\":\"travianet GmbH\"},\"image\":{\"@id\":\"https:\\\/\\\/www.travianet.de\\\/#\\\/schema\\\/logo\\\/image\\\/\"},\"sameAs\":[\"https:\\\/\\\/x.com\\\/travianet\",\"https:\\\/\\\/www.linkedin.com\\\/company-beta\\\/1138881\\\/\"]}]}<\/script>\n<!-- \/ Yoast SEO plugin. -->","yoast_head_json":{"title":"Polityka plik\u00f3w cookie - travianet","robots":{"index":"index","follow":"follow","max-snippet":"max-snippet:-1","max-image-preview":"max-image-preview:large","max-video-preview":"max-video-preview:-1"},"canonical":"https:\/\/www.travianet.de\/pl\/polityka-plikow-cookie\/","og_locale":"pl_PL","og_type":"article","og_title":"Polityka plik\u00f3w cookie - travianet","og_description":"Pliki cookie Wiele stron internetowych wykorzystuje tak zwane pliki cookie. Pliki cookie nie wyrz\u0105dzaj\u0105 szkody komputerowi i nie zawieraj\u0105 wirus\u00f3w. S\u0142u\u017c\u0105 nam one do tego, aby nasza oferta by\u0142a bardziej przyjazna dla u\u017cytkownika, efektywna i bezpieczna. Pliki cookie to ma\u0142e pliki tekstowe zapisywane na komputerze u\u017cytkownika i przechowywane przez przegl\u0105dark\u0119. Wi\u0119kszo\u015b\u0107 u\u017cywanych przez nas plik\u00f3w [&hellip;]","og_url":"https:\/\/www.travianet.de\/pl\/polityka-plikow-cookie\/","og_site_name":"travianet","article_modified_time":"2019-12-20T07:04:37+00:00","twitter_card":"summary_large_image","twitter_site":"@travianet","twitter_misc":{"Szacowany czas czytania":"1 minuta"},"schema":{"@context":"https:\/\/schema.org","@graph":[{"@type":"WebPage","@id":"https:\/\/www.travianet.de\/pl\/polityka-plikow-cookie\/","url":"https:\/\/www.travianet.de\/pl\/polityka-plikow-cookie\/","name":"Polityka plik\u00f3w cookie - travianet","isPartOf":{"@id":"https:\/\/www.travianet.de\/#website"},"datePublished":"2019-12-20T07:04:16+00:00","dateModified":"2019-12-20T07:04:37+00:00","breadcrumb":{"@id":"https:\/\/www.travianet.de\/pl\/polityka-plikow-cookie\/#breadcrumb"},"inLanguage":"pl-PL","potentialAction":[{"@type":"ReadAction","target":["https:\/\/www.travianet.de\/pl\/polityka-plikow-cookie\/"]}]},{"@type":"BreadcrumbList","@id":"https:\/\/www.travianet.de\/pl\/polityka-plikow-cookie\/#breadcrumb","itemListElement":[{"@type":"ListItem","position":1,"name":"Startseite","item":"https:\/\/www.travianet.de\/pl\/"},{"@type":"ListItem","position":2,"name":"Polityka plik\u00f3w cookie"}]},{"@type":"WebSite","@id":"https:\/\/www.travianet.de\/#website","url":"https:\/\/www.travianet.de\/","name":"travianet","description":"Die Nummer Eins wenn es um Reisepartnerprogramme geht","publisher":{"@id":"https:\/\/www.travianet.de\/#organization"},"potentialAction":[{"@type":"SearchAction","target":{"@type":"EntryPoint","urlTemplate":"https:\/\/www.travianet.de\/?s={search_term_string}"},"query-input":{"@type":"PropertyValueSpecification","valueRequired":true,"valueName":"search_term_string"}}],"inLanguage":"pl-PL"},{"@type":"Organization","@id":"https:\/\/www.travianet.de\/#organization","name":"travianet GmbH","url":"https:\/\/www.travianet.de\/","logo":{"@type":"ImageObject","inLanguage":"pl-PL","@id":"https:\/\/www.travianet.de\/#\/schema\/logo\/image\/","url":"https:\/\/www.travianet.de\/wp-content\/uploads\/2017\/06\/travianetLogo.png","contentUrl":"https:\/\/www.travianet.de\/wp-content\/uploads\/2017\/06\/travianetLogo.png","width":426,"height":80,"caption":"travianet GmbH"},"image":{"@id":"https:\/\/www.travianet.de\/#\/schema\/logo\/image\/"},"sameAs":["https:\/\/x.com\/travianet","https:\/\/www.linkedin.com\/company-beta\/1138881\/"]}]}},"_links":{"self":[{"href":"https:\/\/www.travianet.de\/pl\/wp-json\/wp\/v2\/pages\/36258","targetHints":{"allow":["GET"]}}],"collection":[{"href":"https:\/\/www.travianet.de\/pl\/wp-json\/wp\/v2\/pages"}],"about":[{"href":"https:\/\/www.travianet.de\/pl\/wp-json\/wp\/v2\/types\/page"}],"author":[{"embeddable":true,"href":"https:\/\/www.travianet.de\/pl\/wp-json\/wp\/v2\/users\/4"}],"replies":[{"embeddable":true,"href":"https:\/\/www.travianet.de\/pl\/wp-json\/wp\/v2\/comments?post=36258"}],"version-history":[{"count":1,"href":"https:\/\/www.travianet.de\/pl\/wp-json\/wp\/v2\/pages\/36258\/revisions"}],"predecessor-version":[{"id":36259,"href":"https:\/\/www.travianet.de\/pl\/wp-json\/wp\/v2\/pages\/36258\/revisions\/36259"}],"wp:attachment":[{"href":"https:\/\/www.travianet.de\/pl\/wp-json\/wp\/v2\/media?parent=36258"}],"curies":[{"name":"wp","href":"https:\/\/api.w.org\/{rel}","templated":true}]}}