{"id":36252,"date":"2019-12-20T08:04:10","date_gmt":"2019-12-20T07:04:10","guid":{"rendered":"https:\/\/www.travianet.de\/nasze-uslugi\/"},"modified":"2019-12-20T08:04:34","modified_gmt":"2019-12-20T07:04:34","slug":"nasze-uslugi","status":"publish","type":"page","link":"https:\/\/www.travianet.de\/pl\/nasze-uslugi\/","title":{"rendered":"Nasze us\u0142ugi"},"content":{"rendered":"<p>[et_pb_section fb_built=&#8221;1&#8243; admin_label=&#8221;section&#8221; _builder_version=&#8221;3.20.2&#8243; background_image=&#8221;https:\/\/www.travianet.de\/wp-content\/uploads\/2019\/03\/header_Besprechung.jpg&#8221; custom_padding=&#8221;240px||240px|&#8221; background_position=&#8221;bottom_center&#8221;][et_pb_row custom_padding=&#8221;0px||0px|&#8221; admin_label=&#8221;row&#8221; _builder_version=&#8221;3.0.47&#8243; background_size=&#8221;initial&#8221; background_position=&#8221;top_left&#8221; background_repeat=&#8221;repeat&#8221;][et_pb_column type=&#8221;4_4&#8243; _builder_version=&#8221;3.0.47&#8243;][\/et_pb_column][\/et_pb_row][\/et_pb_section][et_pb_section fb_built=&#8221;1&#8243; admin_label=&#8221;Section&#8221; _builder_version=&#8221;3.0.47&#8243; custom_padding=&#8221;||100px|&#8221;][et_pb_row custom_width_px=&#8221;780px&#8221; custom_padding=&#8221;||50px|&#8221; column_padding_mobile=&#8221;on&#8221; parallax_method_1=&#8221;off&#8221; admin_label=&#8221;Row&#8221; _builder_version=&#8221;3.0.47&#8243; background_size=&#8221;initial&#8221; background_position=&#8221;top_left&#8221; background_repeat=&#8221;repeat&#8221;][et_pb_column type=&#8221;4_4&#8243; _builder_version=&#8221;3.0.47&#8243;][et_pb_text admin_label=&#8221;Unsere Kunden.&#8221; _builder_version=&#8221;3.0.74&#8243; header_text_color=&#8221;#2b82b1&#8243; header_font_size=&#8221;42px&#8221; header_font_size_phone=&#8221;30px&#8221; header_font_size_last_edited=&#8221;on|phone&#8221; background_size=&#8221;initial&#8221; background_position=&#8221;top_left&#8221; background_repeat=&#8221;repeat&#8221; text_orientation=&#8221;center&#8221; module_alignment=&#8221;center&#8221;]<\/p>\n<h1>Nasze us\u0142ugi.<\/h1>\n<p>[\/et_pb_text][et_pb_text _builder_version=&#8221;3.0.74&#8243; text_font=&#8221;Roboto Light||||&#8221; text_font_size=&#8221;20px&#8221; text_line_height=&#8221;1.5em&#8221; background_size=&#8221;initial&#8221; background_position=&#8221;top_left&#8221; background_repeat=&#8221;repeat&#8221; text_orientation=&#8221;center&#8221; module_alignment=&#8221;center&#8221; custom_margin=&#8221;|||&#8221;]<\/p>\n<p>Nasza oferta us\u0142ug koncentruje si\u0119 TWOJEGO kluczowego tematu: podr\u00f3\u017cy i turystyki. Tworzymy dla Ciebie op\u0142acalne rozwi\u0105zania i nowe, atrakcyjne \u017ar\u00f3d\u0142a dochodu.<\/p>\n<p>[\/et_pb_text][\/et_pb_column][\/et_pb_row][et_pb_row custom_padding=&#8221;|30px||30px&#8221; column_padding_mobile=&#8221;on&#8221; parallax_method_1=&#8221;off&#8221; parallax_method_2=&#8221;off&#8221; parallax_method_3=&#8221;off&#8221; parallax_method_4=&#8221;off&#8221; admin_label=&#8221;Row&#8221; module_class=&#8221;et_pb_animation_right et-animated et-waypoint&#8221; _builder_version=&#8221;3.0.47&#8243; background_color=&#8221;rgba(43,130,177,0.2)&#8221; background_size=&#8221;initial&#8221; background_position=&#8221;top_left&#8221; background_repeat=&#8221;repeat&#8221;][et_pb_column type=&#8221;4_4&#8243; _builder_version=&#8221;3.0.47&#8243;][et_pb_text admin_label=&#8221;Reiseunternehmen&#8221; _builder_version=&#8221;3.0.74&#8243; text_font_size=&#8221;16px&#8221; header_text_color=&#8221;#2b82b1&#8243; header_font_size_phone=&#8221;28px&#8221; header_font_size_last_edited=&#8221;on|phone&#8221; header_line_height=&#8221;1.5em&#8221; header_line_height_phone=&#8221;1em&#8221; header_line_height_last_edited=&#8221;on|desktop&#8221; background_size=&#8221;initial&#8221; background_position=&#8221;top_left&#8221; background_repeat=&#8221;repeat&#8221; custom_margin=&#8221;|||&#8221;]<\/p>\n<h1 style=\"text-align: center;\">Profesjonalne turystyczne centrum obs\u0142ugi<\/h1>\n<p style=\"text-align: center;\">Nasze wewn\u0119trzne turystyczne centrum obs\u0142ugi jest czynne przez 365 dni w roku, ponad 90 godzin w tygodniu, do godziny 22:00 ka\u017cdego dnia. W centrum obs\u0142ugi pracuj\u0105 wy\u0142\u0105cznie dobrze przeszkoleni specjali\u015bci. \u015awietnie orientuj\u0105 si\u0119 we wszystkich popularnych systemach rezerwacji. Telefoniczna obs\u0142uga klienta jest szczeg\u00f3lnie ceniona przez naszych partner\u00f3w, a zapytania kierowane na nasz\u0105 infolini\u0119 maj\u0105 wysoki wska\u017anik zamkni\u0119cia sprzeda\u017cy.<\/p>\n<p>[\/et_pb_text][\/et_pb_column][\/et_pb_row][et_pb_row custom_padding=&#8221;|30px||30px&#8221; custom_margin=&#8221;50px||50px|&#8221; column_padding_mobile=&#8221;on&#8221; parallax_method_1=&#8221;off&#8221; parallax_method_2=&#8221;off&#8221; parallax_method_3=&#8221;off&#8221; parallax_method_4=&#8221;off&#8221; admin_label=&#8221;Row&#8221; module_class=&#8221;et_pb_animation_right et-animated et-waypoint&#8221; _builder_version=&#8221;3.0.47&#8243; background_color=&#8221;rgba(43,130,177,0.15)&#8221; background_size=&#8221;initial&#8221; background_position=&#8221;top_left&#8221; background_repeat=&#8221;repeat&#8221;][et_pb_column type=&#8221;4_4&#8243; _builder_version=&#8221;3.0.47&#8243;][et_pb_text admin_label=&#8221;Reise-Enthusiasten &#038; Blogger&#8221; _builder_version=&#8221;3.0.74&#8243; text_font_size=&#8221;16px&#8221; header_text_color=&#8221;#2b82b1&#8243; header_font_size_phone=&#8221;28px&#8221; header_font_size_last_edited=&#8221;on|phone&#8221; background_size=&#8221;initial&#8221; background_position=&#8221;top_left&#8221; background_repeat=&#8221;repeat&#8221; custom_margin=&#8221;|||&#8221;]<\/p>\n<h1 style=\"text-align: center;\">Nasz w\u0142asny system rezerwacji dla portali turystycznych<\/h1>\n<p style=\"text-align: center;\">Wsp\u00f3\u0142pracujemy ze wszystkimi wa\u017cnymi dostawcami technologii rezerwacji. W oparciu o interfejsy danych XML opracowali\u015bmy w\u0142asne procesy rezerwacji. Daje nam to maksymaln\u0105 elastyczno\u015b\u0107 we wszystkich programach partnerskich. Oczywi\u015bcie mo\u017cesz nadal u\u017cywa\u0107 w\u0142asnego systemu rezerwacji i jednocze\u015bnie uczestniczy\u0107 w naszym programie partnerskim.<\/p>\n<p>[\/et_pb_text][\/et_pb_column][\/et_pb_row][et_pb_row custom_padding=&#8221;|30px||30px&#8221; custom_margin=&#8221;50px||50px|&#8221; column_padding_mobile=&#8221;on&#8221; parallax_method_1=&#8221;off&#8221; parallax_method_2=&#8221;off&#8221; parallax_method_3=&#8221;off&#8221; parallax_method_4=&#8221;off&#8221; admin_label=&#8221;Row&#8221; module_class=&#8221;et_pb_animation_right et-animated et-waypoint&#8221; _builder_version=&#8221;3.0.47&#8243; background_color=&#8221;rgba(43,130,177,0.12)&#8221; background_size=&#8221;initial&#8221; background_position=&#8221;top_left&#8221; background_repeat=&#8221;repeat&#8221;][et_pb_column type=&#8221;4_4&#8243; _builder_version=&#8221;3.0.47&#8243;][et_pb_text admin_label=&#8221;Reise-Enthusiasten &#038; Blogger&#8221; _builder_version=&#8221;3.0.74&#8243; text_font_size=&#8221;16px&#8221; header_text_color=&#8221;#2b82b1&#8243; header_font_size_phone=&#8221;28px&#8221; header_font_size_last_edited=&#8221;on|phone&#8221; header_line_height=&#8221;1.5em&#8221; header_line_height_phone=&#8221;1em&#8221; header_line_height_last_edited=&#8221;on|desktop&#8221; background_size=&#8221;initial&#8221; background_position=&#8221;top_left&#8221; background_repeat=&#8221;repeat&#8221; custom_margin=&#8221;|||&#8221;]<\/p>\n<h1 style=\"text-align: center;\">Ca\u0142e spektrum biur podr\u00f3\u017cy i ofert turystycznych<\/h1>\n<p style=\"text-align: center;\">Jako du\u017ce internetowe biuro podr\u00f3\u017cy mo\u017cemy zawiera\u0107 umowy agencyjne ze wszystkimi biurami podr\u00f3\u017cy i turystycznymi firmami us\u0142ugowymi, kt\u00f3rych oferty s\u0105 dost\u0119pne do rezerwacji online. Dzi\u0119ki temu nasi partnerzy mog\u0105 przedstawia\u0107 na swoich stronach internetowych ca\u0142y asortyment wycieczek i pe\u0142ne spektrum biur podr\u00f3\u017cy. Mog\u0105 przy tym wykorzystywa\u0107 w\u0142asny system rezerwacji b\u0105d\u017a system udost\u0119pniony przez travianet.<\/p>\n<p>[\/et_pb_text][\/et_pb_column][\/et_pb_row][et_pb_row custom_padding=&#8221;|30px||30px&#8221; custom_margin=&#8221;50px||50px|&#8221; column_padding_mobile=&#8221;on&#8221; parallax_method_1=&#8221;off&#8221; parallax_method_2=&#8221;off&#8221; parallax_method_3=&#8221;off&#8221; parallax_method_4=&#8221;off&#8221; admin_label=&#8221;Row&#8221; module_class=&#8221;et_pb_animation_right et-animated et-waypoint&#8221; _builder_version=&#8221;3.0.47&#8243; background_color=&#8221;rgba(43,130,177,0.1)&#8221; background_size=&#8221;initial&#8221; background_position=&#8221;top_left&#8221; background_repeat=&#8221;repeat&#8221;][et_pb_column type=&#8221;4_4&#8243; _builder_version=&#8221;3.0.47&#8243;][et_pb_text admin_label=&#8221;Reise-Enthusiasten &#038; Blogger&#8221; _builder_version=&#8221;3.0.74&#8243; text_font_size=&#8221;16px&#8221; header_text_color=&#8221;#2b82b1&#8243; header_font_size_phone=&#8221;28px&#8221; header_font_size_last_edited=&#8221;on|phone&#8221; background_size=&#8221;initial&#8221; background_position=&#8221;top_left&#8221; background_repeat=&#8221;repeat&#8221; custom_margin=&#8221;|||&#8221;]<\/p>\n<h1 style=\"text-align: center;\">Nasza w\u0142asna nowoczesna technologia przetwarzania rezerwacji<\/h1>\n<p style=\"text-align: center;\">Aby optymalnie wspiera\u0107 r\u00f3\u017cne modele biznesowe naszych partner\u00f3w, ju\u017c przed wieloma laty postanowili\u015bmy stworzy\u0107 w\u0142asny kompleksowy System Informacji Turystycznej (TIS). Pierwotnie mia\u0142 on charakter \u201emid-office\u201d, lecz z czasem sta\u0142 si\u0119 wydajnym wszechstronnym systemem. Dzisiaj za po\u015brednictwem TIS zarz\u0105dzamy nie tylko ca\u0142ym procesem przetwarzania rezerwacji i automatycznym rozliczaniem partner\u00f3w; jest on r\u00f3wnie\u017c po\u0142\u0105czony ze wszystkimi interfejsami centrali telefonicznej, a tak\u017ce systemami rezerwacji oraz systemami biur podr\u00f3\u017cy \u2013 i nie tylko. TIS jest stale unowocze\u015bniany i uzupe\u0142niany o nowe funkcje.<\/p>\n<p>[\/et_pb_text][\/et_pb_column][\/et_pb_row][et_pb_row custom_padding=&#8221;|30px||30px&#8221; custom_margin=&#8221;50px||50px|&#8221; column_padding_mobile=&#8221;on&#8221; parallax_method_1=&#8221;off&#8221; parallax_method_2=&#8221;off&#8221; parallax_method_3=&#8221;off&#8221; parallax_method_4=&#8221;off&#8221; admin_label=&#8221;Row&#8221; module_class=&#8221;et_pb_animation_right et-animated et-waypoint&#8221; _builder_version=&#8221;3.0.47&#8243; background_color=&#8221;rgba(43,130,177,0.08)&#8221; background_size=&#8221;initial&#8221; background_position=&#8221;top_left&#8221; background_repeat=&#8221;repeat&#8221;][et_pb_column type=&#8221;4_4&#8243; _builder_version=&#8221;3.0.47&#8243;][et_pb_text admin_label=&#8221;Reise-Enthusiasten &#038; Blogger&#8221; _builder_version=&#8221;3.0.74&#8243; text_font_size=&#8221;16px&#8221; header_text_color=&#8221;#2b82b1&#8243; header_font_size_phone=&#8221;28px&#8221; header_font_size_last_edited=&#8221;on|phone&#8221; background_size=&#8221;initial&#8221; background_position=&#8221;top_left&#8221; background_repeat=&#8221;repeat&#8221; custom_margin=&#8221;|||&#8221;]<\/p>\n<h1 style=\"text-align: center;\">Wsparcie we wszystkich obszarach<\/h1>\n<p style=\"text-align: center;\">Nasz dzia\u0142 obs\u0142ugi partner\u00f3w jest do Twojej dyspozycji. Ch\u0119tnie doradzi i pomo\u017ce Ci w przypadku jakichkolwiek pyta\u0144 dotycz\u0105cych wsp\u00f3\u0142pracy, rozbudowy Twojego portalu turystycznego o nasz system rezerwacji lub pod\u0142\u0105czania Twojej technologii rezerwacji do naszego systemu. Je\u015bli masz problemy techniczne ze swoim portalem turystycznym, nasz wewn\u0119trzny dzia\u0142 tworzenia stron internetowych szybko i niezawodnie Ci pomo\u017ce. Na \u017cyczenie stworzy tak\u017ce ca\u0142y portal turystyczny w korzystnej cenie.<\/p>\n<p>[\/et_pb_text][\/et_pb_column][\/et_pb_row][\/et_pb_section][et_pb_section fb_built=&#8221;1&#8243; _builder_version=&#8221;3.20.2&#8243; background_image=&#8221;https:\/\/www.travianet.de\/wp-content\/uploads\/2017\/01\/bg_gradient1.jpg&#8221; custom_padding=&#8221;0px||0px|&#8221;][et_pb_row custom_padding=&#8221;0px||0px|&#8221; custom_margin=&#8221;|||&#8221; parallax_method_1=&#8221;off&#8221; parallax_method_2=&#8221;off&#8221; parallax_method_3=&#8221;off&#8221; padding_top_1=&#8221;50px&#8221; padding_top_2=&#8221;50px &#8221; padding_top_3=&#8221;50px &#8221; padding_right_1=&#8221;0px&#8221; padding_right_2=&#8221; 50px &#8221; padding_right_3=&#8221; 50px &#8221; padding_bottom_1=&#8221;0px&#8221; padding_bottom_2=&#8221; 50px &#8221; padding_bottom_3=&#8221; 50px &#8221; padding_left_1=&#8221;0px&#8221; padding_left_2=&#8221;50px&#8221; padding_left_3=&#8221;50px&#8221; _builder_version=&#8221;3.0.64&#8243; background_size=&#8221;initial&#8221; background_position=&#8221;top_left&#8221; background_repeat=&#8221;repeat&#8221;][et_pb_column type=&#8221;4_4&#8243; _builder_version=&#8221;3.0.47&#8243;][et_pb_text disabled_on=&#8221;off|off|off&#8221; admin_label=&#8221;F\u00fcr wen arbeitet travianet?&#8221; _builder_version=&#8221;3.0.74&#8243; text_font=&#8221;Roboto||||&#8221; text_text_color=&#8221;#ffffff&#8221; text_font_size=&#8221;20&#8243; text_line_height=&#8221;1.2em&#8221; header_font_size=&#8221;42px&#8221; header_font_size_phone=&#8221;30px&#8221; header_font_size_last_edited=&#8221;on|phone&#8221; background_size=&#8221;initial&#8221; background_position=&#8221;top_left&#8221; background_repeat=&#8221;repeat&#8221; text_orientation=&#8221;center&#8221; background_layout=&#8221;dark&#8221; module_alignment=&#8221;center&#8221; custom_margin=&#8221;24px||0px|&#8221; custom_css_main_element=&#8221;font-weight: 400;&#8221;]<\/p>\n<h1>Dla kogo pracuje travianet?<\/h1>\n<p>[\/et_pb_text][et_pb_image src=&#8221;https:\/\/www.travianet.de\/wp-content\/uploads\/2017\/01\/Kundensegmente.png&#8221; alt=&#8221;Us\u0142ugi travianet dla ka\u017cdego&#8221; align=&#8221;center&#8221; _builder_version=&#8221;3.20.2&#8243; custom_margin=&#8221;||0px|&#8221; animation_style=&#8221;fade&#8221; animation_duration=&#8221;500ms&#8221; animation=&#8221;fade_in&#8221; sticky=&#8221;off&#8221; border_style=&#8221;solid&#8221;][\/et_pb_image][\/et_pb_column][\/et_pb_row][\/et_pb_section]<\/p>\n","protected":false},"excerpt":{"rendered":"<p>Nasze us\u0142ugi. Nasza oferta us\u0142ug koncentruje si\u0119 TWOJEGO kluczowego tematu: podr\u00f3\u017cy i turystyki. Tworzymy dla Ciebie op\u0142acalne rozwi\u0105zania i nowe, atrakcyjne \u017ar\u00f3d\u0142a dochodu. Profesjonalne turystyczne centrum obs\u0142ugi Nasze wewn\u0119trzne turystyczne centrum obs\u0142ugi jest czynne przez 365 dni w roku, ponad 90 godzin w tygodniu, do godziny 22:00 ka\u017cdego dnia. W centrum obs\u0142ugi pracuj\u0105 wy\u0142\u0105cznie dobrze [&hellip;]<\/p>\n","protected":false},"author":4,"featured_media":0,"parent":0,"menu_order":0,"comment_status":"closed","ping_status":"closed","template":"","meta":{"_et_pb_use_builder":"on","_et_pb_old_content":"","_et_gb_content_width":"","footnotes":""},"class_list":["post-36252","page","type-page","status-publish","hentry"],"yoast_head":"<!-- This site is optimized with the Yoast SEO plugin v27.5 - https:\/\/yoast.com\/product\/yoast-seo-wordpress\/ -->\n<title>\u2192 Skorzystaj z kompleksowych us\u0142ug travianet! \u2190<\/title>\n<meta name=\"description\" content=\"Us\u0142ugi travianet obejmuj\u0105 profesjonalne turystyczne centrum obs\u0142ugi, system rezerwacji dla portali turystycznych oraz wsparcie techniczne\" \/>\n<meta name=\"robots\" content=\"index, follow, max-snippet:-1, max-image-preview:large, max-video-preview:-1\" \/>\n<link rel=\"canonical\" href=\"https:\/\/www.travianet.de\/pl\/nasze-uslugi\/\" \/>\n<meta property=\"og:locale\" content=\"pl_PL\" \/>\n<meta property=\"og:type\" content=\"article\" \/>\n<meta property=\"og:title\" content=\"\u2192 Skorzystaj z kompleksowych us\u0142ug travianet! \u2190\" \/>\n<meta property=\"og:description\" content=\"Us\u0142ugi travianet obejmuj\u0105 profesjonalne turystyczne centrum obs\u0142ugi, system rezerwacji dla portali turystycznych oraz wsparcie techniczne\" \/>\n<meta property=\"og:url\" content=\"https:\/\/www.travianet.de\/pl\/nasze-uslugi\/\" \/>\n<meta property=\"og:site_name\" content=\"travianet\" \/>\n<meta property=\"article:modified_time\" content=\"2019-12-20T07:04:34+00:00\" \/>\n<meta name=\"twitter:card\" content=\"summary_large_image\" \/>\n<meta name=\"twitter:site\" content=\"@travianet\" \/>\n<meta name=\"twitter:label1\" content=\"Szacowany czas czytania\" \/>\n\t<meta name=\"twitter:data1\" content=\"7 minut\" \/>\n<script type=\"application\/ld+json\" class=\"yoast-schema-graph\">{\"@context\":\"https:\\\/\\\/schema.org\",\"@graph\":[{\"@type\":\"WebPage\",\"@id\":\"https:\\\/\\\/www.travianet.de\\\/pl\\\/nasze-uslugi\\\/\",\"url\":\"https:\\\/\\\/www.travianet.de\\\/pl\\\/nasze-uslugi\\\/\",\"name\":\"\u2192 Skorzystaj z kompleksowych us\u0142ug travianet! \u2190\",\"isPartOf\":{\"@id\":\"https:\\\/\\\/www.travianet.de\\\/#website\"},\"datePublished\":\"2019-12-20T07:04:10+00:00\",\"dateModified\":\"2019-12-20T07:04:34+00:00\",\"description\":\"Us\u0142ugi travianet obejmuj\u0105 profesjonalne turystyczne centrum obs\u0142ugi, system rezerwacji dla portali turystycznych oraz wsparcie techniczne\",\"breadcrumb\":{\"@id\":\"https:\\\/\\\/www.travianet.de\\\/pl\\\/nasze-uslugi\\\/#breadcrumb\"},\"inLanguage\":\"pl-PL\",\"potentialAction\":[{\"@type\":\"ReadAction\",\"target\":[\"https:\\\/\\\/www.travianet.de\\\/pl\\\/nasze-uslugi\\\/\"]}]},{\"@type\":\"BreadcrumbList\",\"@id\":\"https:\\\/\\\/www.travianet.de\\\/pl\\\/nasze-uslugi\\\/#breadcrumb\",\"itemListElement\":[{\"@type\":\"ListItem\",\"position\":1,\"name\":\"Startseite\",\"item\":\"https:\\\/\\\/www.travianet.de\\\/pl\\\/\"},{\"@type\":\"ListItem\",\"position\":2,\"name\":\"Nasze us\u0142ugi\"}]},{\"@type\":\"WebSite\",\"@id\":\"https:\\\/\\\/www.travianet.de\\\/#website\",\"url\":\"https:\\\/\\\/www.travianet.de\\\/\",\"name\":\"travianet\",\"description\":\"Die Nummer Eins wenn es um Reisepartnerprogramme geht\",\"publisher\":{\"@id\":\"https:\\\/\\\/www.travianet.de\\\/#organization\"},\"potentialAction\":[{\"@type\":\"SearchAction\",\"target\":{\"@type\":\"EntryPoint\",\"urlTemplate\":\"https:\\\/\\\/www.travianet.de\\\/?s={search_term_string}\"},\"query-input\":{\"@type\":\"PropertyValueSpecification\",\"valueRequired\":true,\"valueName\":\"search_term_string\"}}],\"inLanguage\":\"pl-PL\"},{\"@type\":\"Organization\",\"@id\":\"https:\\\/\\\/www.travianet.de\\\/#organization\",\"name\":\"travianet GmbH\",\"url\":\"https:\\\/\\\/www.travianet.de\\\/\",\"logo\":{\"@type\":\"ImageObject\",\"inLanguage\":\"pl-PL\",\"@id\":\"https:\\\/\\\/www.travianet.de\\\/#\\\/schema\\\/logo\\\/image\\\/\",\"url\":\"https:\\\/\\\/www.travianet.de\\\/wp-content\\\/uploads\\\/2017\\\/06\\\/travianetLogo.png\",\"contentUrl\":\"https:\\\/\\\/www.travianet.de\\\/wp-content\\\/uploads\\\/2017\\\/06\\\/travianetLogo.png\",\"width\":426,\"height\":80,\"caption\":\"travianet GmbH\"},\"image\":{\"@id\":\"https:\\\/\\\/www.travianet.de\\\/#\\\/schema\\\/logo\\\/image\\\/\"},\"sameAs\":[\"https:\\\/\\\/x.com\\\/travianet\",\"https:\\\/\\\/www.linkedin.com\\\/company-beta\\\/1138881\\\/\"]}]}<\/script>\n<!-- \/ Yoast SEO plugin. -->","yoast_head_json":{"title":"\u2192 Skorzystaj z kompleksowych us\u0142ug travianet! \u2190","description":"Us\u0142ugi travianet obejmuj\u0105 profesjonalne turystyczne centrum obs\u0142ugi, system rezerwacji dla portali turystycznych oraz wsparcie techniczne","robots":{"index":"index","follow":"follow","max-snippet":"max-snippet:-1","max-image-preview":"max-image-preview:large","max-video-preview":"max-video-preview:-1"},"canonical":"https:\/\/www.travianet.de\/pl\/nasze-uslugi\/","og_locale":"pl_PL","og_type":"article","og_title":"\u2192 Skorzystaj z kompleksowych us\u0142ug travianet! \u2190","og_description":"Us\u0142ugi travianet obejmuj\u0105 profesjonalne turystyczne centrum obs\u0142ugi, system rezerwacji dla portali turystycznych oraz wsparcie techniczne","og_url":"https:\/\/www.travianet.de\/pl\/nasze-uslugi\/","og_site_name":"travianet","article_modified_time":"2019-12-20T07:04:34+00:00","twitter_card":"summary_large_image","twitter_site":"@travianet","twitter_misc":{"Szacowany czas czytania":"7 minut"},"schema":{"@context":"https:\/\/schema.org","@graph":[{"@type":"WebPage","@id":"https:\/\/www.travianet.de\/pl\/nasze-uslugi\/","url":"https:\/\/www.travianet.de\/pl\/nasze-uslugi\/","name":"\u2192 Skorzystaj z kompleksowych us\u0142ug travianet! \u2190","isPartOf":{"@id":"https:\/\/www.travianet.de\/#website"},"datePublished":"2019-12-20T07:04:10+00:00","dateModified":"2019-12-20T07:04:34+00:00","description":"Us\u0142ugi travianet obejmuj\u0105 profesjonalne turystyczne centrum obs\u0142ugi, system rezerwacji dla portali turystycznych oraz wsparcie techniczne","breadcrumb":{"@id":"https:\/\/www.travianet.de\/pl\/nasze-uslugi\/#breadcrumb"},"inLanguage":"pl-PL","potentialAction":[{"@type":"ReadAction","target":["https:\/\/www.travianet.de\/pl\/nasze-uslugi\/"]}]},{"@type":"BreadcrumbList","@id":"https:\/\/www.travianet.de\/pl\/nasze-uslugi\/#breadcrumb","itemListElement":[{"@type":"ListItem","position":1,"name":"Startseite","item":"https:\/\/www.travianet.de\/pl\/"},{"@type":"ListItem","position":2,"name":"Nasze us\u0142ugi"}]},{"@type":"WebSite","@id":"https:\/\/www.travianet.de\/#website","url":"https:\/\/www.travianet.de\/","name":"travianet","description":"Die Nummer Eins wenn es um Reisepartnerprogramme geht","publisher":{"@id":"https:\/\/www.travianet.de\/#organization"},"potentialAction":[{"@type":"SearchAction","target":{"@type":"EntryPoint","urlTemplate":"https:\/\/www.travianet.de\/?s={search_term_string}"},"query-input":{"@type":"PropertyValueSpecification","valueRequired":true,"valueName":"search_term_string"}}],"inLanguage":"pl-PL"},{"@type":"Organization","@id":"https:\/\/www.travianet.de\/#organization","name":"travianet GmbH","url":"https:\/\/www.travianet.de\/","logo":{"@type":"ImageObject","inLanguage":"pl-PL","@id":"https:\/\/www.travianet.de\/#\/schema\/logo\/image\/","url":"https:\/\/www.travianet.de\/wp-content\/uploads\/2017\/06\/travianetLogo.png","contentUrl":"https:\/\/www.travianet.de\/wp-content\/uploads\/2017\/06\/travianetLogo.png","width":426,"height":80,"caption":"travianet GmbH"},"image":{"@id":"https:\/\/www.travianet.de\/#\/schema\/logo\/image\/"},"sameAs":["https:\/\/x.com\/travianet","https:\/\/www.linkedin.com\/company-beta\/1138881\/"]}]}},"_links":{"self":[{"href":"https:\/\/www.travianet.de\/pl\/wp-json\/wp\/v2\/pages\/36252","targetHints":{"allow":["GET"]}}],"collection":[{"href":"https:\/\/www.travianet.de\/pl\/wp-json\/wp\/v2\/pages"}],"about":[{"href":"https:\/\/www.travianet.de\/pl\/wp-json\/wp\/v2\/types\/page"}],"author":[{"embeddable":true,"href":"https:\/\/www.travianet.de\/pl\/wp-json\/wp\/v2\/users\/4"}],"replies":[{"embeddable":true,"href":"https:\/\/www.travianet.de\/pl\/wp-json\/wp\/v2\/comments?post=36252"}],"version-history":[{"count":1,"href":"https:\/\/www.travianet.de\/pl\/wp-json\/wp\/v2\/pages\/36252\/revisions"}],"predecessor-version":[{"id":36254,"href":"https:\/\/www.travianet.de\/pl\/wp-json\/wp\/v2\/pages\/36252\/revisions\/36254"}],"wp:attachment":[{"href":"https:\/\/www.travianet.de\/pl\/wp-json\/wp\/v2\/media?parent=36252"}],"curies":[{"name":"wp","href":"https:\/\/api.w.org\/{rel}","templated":true}]}}