{"id":36243,"date":"2019-12-20T08:04:05","date_gmt":"2019-12-20T07:04:05","guid":{"rendered":"https:\/\/www.travianet.de\/travianet\/"},"modified":"2024-04-04T11:15:49","modified_gmt":"2024-04-04T09:15:49","slug":"travianet","status":"publish","type":"page","link":"https:\/\/www.travianet.de\/pl\/travianet\/","title":{"rendered":"travianet"},"content":{"rendered":"<p>[et_pb_section fb_built=&#8221;1&#8243; admin_label=&#8221;section&#8221; _builder_version=&#8221;4.16&#8243; background_image=&#8221;https:\/\/www.travianet.de\/wp-content\/uploads\/2019\/03\/HeaderBoardwalk.jpg&#8221; custom_padding=&#8221;240px||240px|&#8221; global_colors_info=&#8221;{}&#8221;][et_pb_row admin_label=&#8221;row&#8221; _builder_version=&#8221;4.16&#8243; background_size=&#8221;initial&#8221; background_position=&#8221;top_left&#8221; background_repeat=&#8221;repeat&#8221; custom_padding=&#8221;0px||0px|&#8221; global_colors_info=&#8221;{}&#8221;][et_pb_column type=&#8221;4_4&#8243; _builder_version=&#8221;4.16&#8243; custom_padding=&#8221;|||&#8221; global_colors_info=&#8221;{}&#8221; custom_padding__hover=&#8221;|||&#8221;][\/et_pb_column][\/et_pb_row][\/et_pb_section][et_pb_section fb_built=&#8221;1&#8243; admin_label=&#8221;Section&#8221; _builder_version=&#8221;4.16&#8243; global_colors_info=&#8221;{}&#8221;][et_pb_row padding_mobile=&#8221;on&#8221; column_padding_mobile=&#8221;on&#8221; admin_label=&#8221;Row&#8221; _builder_version=&#8221;4.16&#8243; background_size=&#8221;initial&#8221; background_position=&#8221;top_left&#8221; background_repeat=&#8221;repeat&#8221; custom_padding=&#8221;|||&#8221; custom_width_px=&#8221;780px&#8221; global_colors_info=&#8221;{}&#8221;][et_pb_column type=&#8221;4_4&#8243; _builder_version=&#8221;4.16&#8243; custom_padding=&#8221;|||&#8221; global_colors_info=&#8221;{}&#8221; custom_padding__hover=&#8221;|||&#8221;][et_pb_text admin_label=&#8221;travianet. Und die Reise kann beginnen.&#8221; _builder_version=&#8221;4.16&#8243; header_text_color=&#8221;#2b82b1&#8243; header_font_size=&#8221;42px&#8221; background_size=&#8221;initial&#8221; background_position=&#8221;top_left&#8221; background_repeat=&#8221;repeat&#8221; text_orientation=&#8221;center&#8221; module_alignment=&#8221;center&#8221; header_font_size_tablet=&#8221;&#8221; header_font_size_phone=&#8221;30px&#8221; header_font_size_last_edited=&#8221;on|phone&#8221; global_colors_info=&#8221;{}&#8221;]<\/p>\n<h1>travianet. I mo\u017cna rusza\u0107 w podr\u00f3\u017c.<\/h1>\n<p>[\/et_pb_text][et_pb_text _builder_version=&#8221;4.16&#8243; text_font=&#8221;Roboto Light||||&#8221; text_font_size=&#8221;20px&#8221; text_line_height=&#8221;1.5em&#8221; background_size=&#8221;initial&#8221; background_position=&#8221;top_left&#8221; background_repeat=&#8221;repeat&#8221; text_orientation=&#8221;center&#8221; module_alignment=&#8221;center&#8221; custom_margin=&#8221;|||&#8221; global_colors_info=&#8221;{}&#8221;]<\/p>\n<p>Jeste\u015bmy dostawc\u0105 rozwi\u0105za\u0144 dla wszystkich sektor\u00f3w bran\u017cy turystycznej.<br \/>\n  Bez nas te\u017c si\u0119 da. Ale z nami idzie lepiej.<\/p>\n<p>[\/et_pb_text][\/et_pb_column][\/et_pb_row][et_pb_row column_structure=&#8221;1_2,1_2&#8243; padding_mobile=&#8221;on&#8221; column_padding_mobile=&#8221;on&#8221; admin_label=&#8221;Row&#8221; _builder_version=&#8221;4.16&#8243; background_size=&#8221;initial&#8221; background_position=&#8221;top_left&#8221; background_repeat=&#8221;repeat&#8221; custom_padding=&#8221;|||&#8221; global_colors_info=&#8221;{}&#8221;][et_pb_column type=&#8221;1_2&#8243; _builder_version=&#8221;4.16&#8243; custom_padding=&#8221;|||&#8221; global_colors_info=&#8221;{}&#8221; custom_padding__hover=&#8221;|||&#8221;][et_pb_text _builder_version=&#8221;4.24.2&#8243; text_font=&#8221;||||&#8221; background_size=&#8221;initial&#8221; background_position=&#8221;top_left&#8221; background_repeat=&#8221;repeat&#8221; custom_margin=&#8221;|||&#8221; global_colors_info=&#8221;{}&#8221;]<\/p>\n<p>Firma travianet zosta\u0142a za\u0142o\u017cona w 1998 roku jako &#8222;Touristikb\u00f6rse Deggendorf&#8221;, a od 2006 roku dzia\u0142a jako travianet GmbH. Zosta\u0142a przej\u0119ta przez FTI GROUP w 2012 roku. Od 1 listopada 2023 r. travianet GmbH ma nowego udzia\u0142owca, travianet Beteiligungsgesellschaft mbH, i nie jest ju\u017c cz\u0119\u015bci\u0105 GRUPY FTI.<\/p>\n<p>Obecnie travianet GmbH jest liderem na rynku program\u00f3w partnerskich dla podr\u00f3\u017cnych. Pracownicy travianet pracuj\u0105 zar\u00f3wno w siedzibie g\u0142\u00f3wnej travianet GmbH w Deggendorfie, jak i z domu (telepraca). W centrum obs\u0142ugi podr\u00f3\u017cnych eksperci travianet doradzaj\u0105 klientom 7 dni w tygodniu \/ 365 dni w roku we wszystkich kwestiach zwi\u0105zanych z najpi\u0119kniejszym tematem na \u015bwiecie: wakacjami!<\/p>\n<p>[\/et_pb_text][\/et_pb_column][et_pb_column type=&#8221;1_2&#8243; _builder_version=&#8221;4.16&#8243; custom_padding=&#8221;|||&#8221; global_colors_info=&#8221;{}&#8221; custom_padding__hover=&#8221;|||&#8221;][et_pb_text _builder_version=&#8221;4.24.2&#8243; text_font=&#8221;||||&#8221; background_size=&#8221;initial&#8221; background_position=&#8221;top_left&#8221; background_repeat=&#8221;repeat&#8221; custom_margin=&#8221;|||&#8221; hover_enabled=&#8221;0&#8243; global_colors_info=&#8221;{}&#8221; sticky_enabled=&#8221;0&#8243;]<\/p>\n<p>R\u00f3wnie\u017c zaplecze firmy, w tym dzia\u0142 techniczny i dzia\u0142 wsparcia, s\u0105 bardzo dobrze wyposa\u017cone technicznie i pod wzgl\u0119dem personelu. Dzia\u0142 IT ma w\u0142asnych specjalist\u00f3w odpowiadaj\u0105cych za wszystkie obszary firmy, dzi\u0119ki czemu jeste\u015bmy niezale\u017cni od zewn\u0119trznych dostawc\u00f3w us\u0142ug. Siedmiu do\u015bwiadczonych pracownik\u00f3w dzia\u0142u pomocy technicznej jest do dyspozycji wszystkich uczestnik\u00f3w program\u00f3w partnerskich.<\/p>\n<p>&nbsp;<\/p>\n<p>[\/et_pb_text][\/et_pb_column][\/et_pb_row][\/et_pb_section][et_pb_section fb_built=&#8221;1&#8243; admin_label=&#8221;Section&#8221; _builder_version=&#8221;4.16&#8243; background_color=&#8221;#132a4a&#8221; global_colors_info=&#8221;{}&#8221;][et_pb_row padding_mobile=&#8221;on&#8221; column_padding_mobile=&#8221;on&#8221; admin_label=&#8221;Row&#8221; _builder_version=&#8221;4.16&#8243; background_size=&#8221;initial&#8221; background_position=&#8221;top_left&#8221; background_repeat=&#8221;repeat&#8221; custom_padding=&#8221;|||&#8221; custom_width_px=&#8221;780px&#8221; global_colors_info=&#8221;{}&#8221;][et_pb_column type=&#8221;4_4&#8243; _builder_version=&#8221;4.16&#8243; custom_padding=&#8221;|||&#8221; global_colors_info=&#8221;{}&#8221; custom_padding__hover=&#8221;|||&#8221;][et_pb_text disabled_on=&#8221;on|on|on&#8221; admin_label=&#8221;Die FTI GROUP&#8221; _builder_version=&#8221;4.16&#8243; header_text_color=&#8221;#01bcd4&#8243; header_font_size=&#8221;42px&#8221; background_size=&#8221;initial&#8221; background_position=&#8221;top_left&#8221; background_repeat=&#8221;repeat&#8221; text_orientation=&#8221;center&#8221; module_alignment=&#8221;center&#8221; header_font_size_tablet=&#8221;&#8221; header_font_size_phone=&#8221;30px&#8221; header_font_size_last_edited=&#8221;on|phone&#8221; disabled=&#8221;on&#8221; global_colors_info=&#8221;{}&#8221;]<\/p>\n<h1>FTI GROUP.<\/h1>\n<p>[\/et_pb_text][et_pb_text disabled_on=&#8221;on|on|on&#8221; _builder_version=&#8221;4.16&#8243; text_font=&#8221;Roboto Light||||&#8221; text_font_size=&#8221;20px&#8221; text_line_height=&#8221;1.5em&#8221; background_size=&#8221;initial&#8221; background_position=&#8221;top_left&#8221; background_repeat=&#8221;repeat&#8221; text_orientation=&#8221;center&#8221; background_layout=&#8221;dark&#8221; module_alignment=&#8221;center&#8221; custom_margin=&#8221;|||&#8221; disabled=&#8221;on&#8221; global_colors_info=&#8221;{}&#8221;]<\/p>\n<p>Trzecia co do wielko\u015bci firma turystyczna w Europie.<\/p>\n<p>[\/et_pb_text][\/et_pb_column][\/et_pb_row][et_pb_row column_structure=&#8221;1_2,1_2&#8243; padding_mobile=&#8221;on&#8221; column_padding_mobile=&#8221;on&#8221; admin_label=&#8221;Row&#8221; _builder_version=&#8221;4.16&#8243; background_size=&#8221;initial&#8221; background_position=&#8221;top_left&#8221; background_repeat=&#8221;repeat&#8221; custom_padding=&#8221;|||&#8221; global_colors_info=&#8221;{}&#8221;][et_pb_column type=&#8221;1_2&#8243; _builder_version=&#8221;4.16&#8243; custom_padding=&#8221;|||&#8221; global_colors_info=&#8221;{}&#8221; custom_padding__hover=&#8221;|||&#8221;][et_pb_text disabled_on=&#8221;on|on|on&#8221; _builder_version=&#8221;4.16&#8243; background_size=&#8221;initial&#8221; background_position=&#8221;top_left&#8221; background_repeat=&#8221;repeat&#8221; background_layout=&#8221;dark&#8221; custom_margin=&#8221;|||&#8221; disabled=&#8221;on&#8221; global_colors_info=&#8221;{}&#8221;]<\/p>\n<p>Do FTI GROUP nale\u017c\u0105:<\/p>\n<ul>\n<li>Biuro podr\u00f3\u017cy FTI Touristik<\/li>\n<li>Organizator wycieczek last minute 5vorFlug<\/li>\n<li>Wypo\u017cyczalnia samochod\u00f3w driveFTI<\/li>\n<li>Destination Management Company (DMC) Meeting Point International<\/li>\n<li>Organizator promocji BigXtra<\/li>\n<li>Globalny internetowy dostawca zakwaterowania B2B Youtravel<\/li>\n<li>Konsolidator bilet\u00f3w lotniczych FTI-Ticketshop<\/li>\n<li>Franczyzodawca biur podr\u00f3\u017cy Touristik Vertriebsgesellschaft (TVG)<\/li>\n<li>Najwi\u0119ksza europejska stacja telewizyjna sprzedaj\u0105ca us\u0142ugi turystyczne sonnenklar.TV<\/li>\n<\/ul>\n<p>[\/et_pb_text][\/et_pb_column][et_pb_column type=&#8221;1_2&#8243; _builder_version=&#8221;4.16&#8243; custom_padding=&#8221;|||&#8221; global_colors_info=&#8221;{}&#8221; custom_padding__hover=&#8221;|||&#8221;][et_pb_text disabled_on=&#8221;on|on|on&#8221; _builder_version=&#8221;4.16&#8243; background_size=&#8221;initial&#8221; background_position=&#8221;top_left&#8221; background_repeat=&#8221;repeat&#8221; background_layout=&#8221;dark&#8221; custom_margin=&#8221;|||&#8221; disabled=&#8221;on&#8221; global_colors_info=&#8221;{}&#8221;]<\/p>\n<p>Cz\u0119\u015bci\u0105 FTI GROUP s\u0105 r\u00f3wnie\u017c siostrzane sp\u00f3\u0142ki travianet, erf24 touristic services GmbH z siedzib\u0105 w Erfurcie oraz bsl24 z siedzib\u0105 w szwajcarskiej Bazylei. We wszystkich trzech lokalizacjach znajduj\u0105 si\u0119 r\u00f3wnie\u017c profesjonalne turystyczne centra obs\u0142ugi, kt\u00f3re opr\u00f3cz us\u0142ug zwi\u0105zanych z produktami FTI GROUP maj\u0105 r\u00f3wnie\u017c du\u017cy udzia\u0142 w \u015bwiadczeniu us\u0142ug dla innych zleceniodawc\u00f3w.<\/p>\n<p>Dzi\u0119ki \u015bcis\u0142ej wsp\u00f3\u0142pracy mi\u0119dzy centrami obs\u0142ugi uzyskujemy wiele efekt\u00f3w synergii. Dodatkowo oddzia\u0142y te wzajemnie si\u0119 uzupe\u0142niaj\u0105 i w ma\u0142o prawdopodobnym przypadku ca\u0142kowitej awarii, s\u0105 w stanie szybko zorganizowa\u0107 awaryjn\u0105 obs\u0142ug\u0119 dla innego oddzia\u0142u.<\/p>\n<p>[\/et_pb_text][\/et_pb_column][\/et_pb_row][\/et_pb_section]<\/p>\n","protected":false},"excerpt":{"rendered":"<p>travianet. I mo\u017cna rusza\u0107 w podr\u00f3\u017c. Jeste\u015bmy dostawc\u0105 rozwi\u0105za\u0144 dla wszystkich sektor\u00f3w bran\u017cy turystycznej. Bez nas te\u017c si\u0119 da. Ale z nami idzie lepiej. Firma travianet zosta\u0142a za\u0142o\u017cona w 1998 roku jako &#8222;Touristikb\u00f6rse Deggendorf&#8221;, a od 2006 roku dzia\u0142a jako travianet GmbH. Zosta\u0142a przej\u0119ta przez FTI GROUP w 2012 roku. Od 1 listopada 2023 r. [&hellip;]<\/p>\n","protected":false},"author":4,"featured_media":0,"parent":0,"menu_order":0,"comment_status":"closed","ping_status":"closed","template":"","meta":{"_et_pb_use_builder":"on","_et_pb_old_content":"","_et_gb_content_width":"","footnotes":""},"class_list":["post-36243","page","type-page","status-publish","hentry"],"yoast_head":"<!-- This site is optimized with the Yoast SEO plugin v27.4 - https:\/\/yoast.com\/product\/yoast-seo-wordpress\/ -->\n<title>\u2714 travianet GmbH: i mo\u017cna rusza\u0107 w podr\u00f3\u017c \u2714<\/title>\n<meta name=\"description\" content=\"travianet GmbH to NAJLEPSZY dostawca rozwi\u0105za\u0144 dla wszystkich sektor\u00f3w bran\u017cy turystycznej \u2714 Program partnerski, telefoniczne centrum obs\u0142ugi i wsparcie techniczne\" \/>\n<meta name=\"robots\" content=\"index, follow, max-snippet:-1, max-image-preview:large, max-video-preview:-1\" \/>\n<link rel=\"canonical\" href=\"https:\/\/www.travianet.de\/pl\/travianet\/\" \/>\n<meta property=\"og:locale\" content=\"pl_PL\" \/>\n<meta property=\"og:type\" content=\"article\" \/>\n<meta property=\"og:title\" content=\"\u2714 travianet GmbH: i mo\u017cna rusza\u0107 w podr\u00f3\u017c \u2714\" \/>\n<meta property=\"og:description\" content=\"travianet GmbH to NAJLEPSZY dostawca rozwi\u0105za\u0144 dla wszystkich sektor\u00f3w bran\u017cy turystycznej \u2714 Program partnerski, telefoniczne centrum obs\u0142ugi i wsparcie techniczne\" \/>\n<meta property=\"og:url\" content=\"https:\/\/www.travianet.de\/pl\/travianet\/\" \/>\n<meta property=\"og:site_name\" content=\"travianet\" \/>\n<meta property=\"article:modified_time\" content=\"2024-04-04T09:15:49+00:00\" \/>\n<meta name=\"twitter:card\" content=\"summary_large_image\" \/>\n<meta name=\"twitter:site\" content=\"@travianet\" \/>\n<meta name=\"twitter:label1\" content=\"Szacowany czas czytania\" \/>\n\t<meta name=\"twitter:data1\" content=\"1 minuta\" \/>\n<script type=\"application\/ld+json\" class=\"yoast-schema-graph\">{\"@context\":\"https:\\\/\\\/schema.org\",\"@graph\":[{\"@type\":\"WebPage\",\"@id\":\"https:\\\/\\\/www.travianet.de\\\/pl\\\/travianet\\\/\",\"url\":\"https:\\\/\\\/www.travianet.de\\\/pl\\\/travianet\\\/\",\"name\":\"\u2714 travianet GmbH: i mo\u017cna rusza\u0107 w podr\u00f3\u017c \u2714\",\"isPartOf\":{\"@id\":\"https:\\\/\\\/www.travianet.de\\\/#website\"},\"datePublished\":\"2019-12-20T07:04:05+00:00\",\"dateModified\":\"2024-04-04T09:15:49+00:00\",\"description\":\"travianet GmbH to NAJLEPSZY dostawca rozwi\u0105za\u0144 dla wszystkich sektor\u00f3w bran\u017cy turystycznej \u2714 Program partnerski, telefoniczne centrum obs\u0142ugi i wsparcie techniczne\",\"breadcrumb\":{\"@id\":\"https:\\\/\\\/www.travianet.de\\\/pl\\\/travianet\\\/#breadcrumb\"},\"inLanguage\":\"pl-PL\",\"potentialAction\":[{\"@type\":\"ReadAction\",\"target\":[\"https:\\\/\\\/www.travianet.de\\\/pl\\\/travianet\\\/\"]}]},{\"@type\":\"BreadcrumbList\",\"@id\":\"https:\\\/\\\/www.travianet.de\\\/pl\\\/travianet\\\/#breadcrumb\",\"itemListElement\":[{\"@type\":\"ListItem\",\"position\":1,\"name\":\"Startseite\",\"item\":\"https:\\\/\\\/www.travianet.de\\\/pl\\\/\"},{\"@type\":\"ListItem\",\"position\":2,\"name\":\"travianet\"}]},{\"@type\":\"WebSite\",\"@id\":\"https:\\\/\\\/www.travianet.de\\\/#website\",\"url\":\"https:\\\/\\\/www.travianet.de\\\/\",\"name\":\"travianet\",\"description\":\"Die Nummer Eins wenn es um Reisepartnerprogramme geht\",\"publisher\":{\"@id\":\"https:\\\/\\\/www.travianet.de\\\/#organization\"},\"potentialAction\":[{\"@type\":\"SearchAction\",\"target\":{\"@type\":\"EntryPoint\",\"urlTemplate\":\"https:\\\/\\\/www.travianet.de\\\/?s={search_term_string}\"},\"query-input\":{\"@type\":\"PropertyValueSpecification\",\"valueRequired\":true,\"valueName\":\"search_term_string\"}}],\"inLanguage\":\"pl-PL\"},{\"@type\":\"Organization\",\"@id\":\"https:\\\/\\\/www.travianet.de\\\/#organization\",\"name\":\"travianet GmbH\",\"url\":\"https:\\\/\\\/www.travianet.de\\\/\",\"logo\":{\"@type\":\"ImageObject\",\"inLanguage\":\"pl-PL\",\"@id\":\"https:\\\/\\\/www.travianet.de\\\/#\\\/schema\\\/logo\\\/image\\\/\",\"url\":\"https:\\\/\\\/www.travianet.de\\\/wp-content\\\/uploads\\\/2017\\\/06\\\/travianetLogo.png\",\"contentUrl\":\"https:\\\/\\\/www.travianet.de\\\/wp-content\\\/uploads\\\/2017\\\/06\\\/travianetLogo.png\",\"width\":426,\"height\":80,\"caption\":\"travianet GmbH\"},\"image\":{\"@id\":\"https:\\\/\\\/www.travianet.de\\\/#\\\/schema\\\/logo\\\/image\\\/\"},\"sameAs\":[\"https:\\\/\\\/x.com\\\/travianet\",\"https:\\\/\\\/www.linkedin.com\\\/company-beta\\\/1138881\\\/\"]}]}<\/script>\n<!-- \/ Yoast SEO plugin. -->","yoast_head_json":{"title":"\u2714 travianet GmbH: i mo\u017cna rusza\u0107 w podr\u00f3\u017c \u2714","description":"travianet GmbH to NAJLEPSZY dostawca rozwi\u0105za\u0144 dla wszystkich sektor\u00f3w bran\u017cy turystycznej \u2714 Program partnerski, telefoniczne centrum obs\u0142ugi i wsparcie techniczne","robots":{"index":"index","follow":"follow","max-snippet":"max-snippet:-1","max-image-preview":"max-image-preview:large","max-video-preview":"max-video-preview:-1"},"canonical":"https:\/\/www.travianet.de\/pl\/travianet\/","og_locale":"pl_PL","og_type":"article","og_title":"\u2714 travianet GmbH: i mo\u017cna rusza\u0107 w podr\u00f3\u017c \u2714","og_description":"travianet GmbH to NAJLEPSZY dostawca rozwi\u0105za\u0144 dla wszystkich sektor\u00f3w bran\u017cy turystycznej \u2714 Program partnerski, telefoniczne centrum obs\u0142ugi i wsparcie techniczne","og_url":"https:\/\/www.travianet.de\/pl\/travianet\/","og_site_name":"travianet","article_modified_time":"2024-04-04T09:15:49+00:00","twitter_card":"summary_large_image","twitter_site":"@travianet","twitter_misc":{"Szacowany czas czytania":"1 minuta"},"schema":{"@context":"https:\/\/schema.org","@graph":[{"@type":"WebPage","@id":"https:\/\/www.travianet.de\/pl\/travianet\/","url":"https:\/\/www.travianet.de\/pl\/travianet\/","name":"\u2714 travianet GmbH: i mo\u017cna rusza\u0107 w podr\u00f3\u017c \u2714","isPartOf":{"@id":"https:\/\/www.travianet.de\/#website"},"datePublished":"2019-12-20T07:04:05+00:00","dateModified":"2024-04-04T09:15:49+00:00","description":"travianet GmbH to NAJLEPSZY dostawca rozwi\u0105za\u0144 dla wszystkich sektor\u00f3w bran\u017cy turystycznej \u2714 Program partnerski, telefoniczne centrum obs\u0142ugi i wsparcie techniczne","breadcrumb":{"@id":"https:\/\/www.travianet.de\/pl\/travianet\/#breadcrumb"},"inLanguage":"pl-PL","potentialAction":[{"@type":"ReadAction","target":["https:\/\/www.travianet.de\/pl\/travianet\/"]}]},{"@type":"BreadcrumbList","@id":"https:\/\/www.travianet.de\/pl\/travianet\/#breadcrumb","itemListElement":[{"@type":"ListItem","position":1,"name":"Startseite","item":"https:\/\/www.travianet.de\/pl\/"},{"@type":"ListItem","position":2,"name":"travianet"}]},{"@type":"WebSite","@id":"https:\/\/www.travianet.de\/#website","url":"https:\/\/www.travianet.de\/","name":"travianet","description":"Die Nummer Eins wenn es um Reisepartnerprogramme geht","publisher":{"@id":"https:\/\/www.travianet.de\/#organization"},"potentialAction":[{"@type":"SearchAction","target":{"@type":"EntryPoint","urlTemplate":"https:\/\/www.travianet.de\/?s={search_term_string}"},"query-input":{"@type":"PropertyValueSpecification","valueRequired":true,"valueName":"search_term_string"}}],"inLanguage":"pl-PL"},{"@type":"Organization","@id":"https:\/\/www.travianet.de\/#organization","name":"travianet GmbH","url":"https:\/\/www.travianet.de\/","logo":{"@type":"ImageObject","inLanguage":"pl-PL","@id":"https:\/\/www.travianet.de\/#\/schema\/logo\/image\/","url":"https:\/\/www.travianet.de\/wp-content\/uploads\/2017\/06\/travianetLogo.png","contentUrl":"https:\/\/www.travianet.de\/wp-content\/uploads\/2017\/06\/travianetLogo.png","width":426,"height":80,"caption":"travianet GmbH"},"image":{"@id":"https:\/\/www.travianet.de\/#\/schema\/logo\/image\/"},"sameAs":["https:\/\/x.com\/travianet","https:\/\/www.linkedin.com\/company-beta\/1138881\/"]}]}},"_links":{"self":[{"href":"https:\/\/www.travianet.de\/pl\/wp-json\/wp\/v2\/pages\/36243","targetHints":{"allow":["GET"]}}],"collection":[{"href":"https:\/\/www.travianet.de\/pl\/wp-json\/wp\/v2\/pages"}],"about":[{"href":"https:\/\/www.travianet.de\/pl\/wp-json\/wp\/v2\/types\/page"}],"author":[{"embeddable":true,"href":"https:\/\/www.travianet.de\/pl\/wp-json\/wp\/v2\/users\/4"}],"replies":[{"embeddable":true,"href":"https:\/\/www.travianet.de\/pl\/wp-json\/wp\/v2\/comments?post=36243"}],"version-history":[{"count":5,"href":"https:\/\/www.travianet.de\/pl\/wp-json\/wp\/v2\/pages\/36243\/revisions"}],"predecessor-version":[{"id":38280,"href":"https:\/\/www.travianet.de\/pl\/wp-json\/wp\/v2\/pages\/36243\/revisions\/38280"}],"wp:attachment":[{"href":"https:\/\/www.travianet.de\/pl\/wp-json\/wp\/v2\/media?parent=36243"}],"curies":[{"name":"wp","href":"https:\/\/api.w.org\/{rel}","templated":true}]}}