{"id":35993,"date":"2019-11-19T15:39:06","date_gmt":"2019-11-19T14:39:06","guid":{"rendered":"https:\/\/www.travianet.de\/stopka-redakcyjna\/"},"modified":"2019-12-20T08:04:37","modified_gmt":"2019-12-20T07:04:37","slug":"stopka-redakcyjna","status":"publish","type":"page","link":"https:\/\/www.travianet.de\/pl\/stopka-redakcyjna\/","title":{"rendered":"Stopka redakcyjna"},"content":{"rendered":"<p>[et_pb_section bb_built=&#8221;1&#8243; admin_label=&#8221;section&#8221; background_image=&#8221;https:\/\/www.travianet.de\/wp-content\/uploads\/2017\/01\/HeaderBoardwalk.jpg&#8221; custom_padding=&#8221;240px||240px|&#8221; next_background_color=&#8221;#ffffff&#8221;][et_pb_row admin_label=&#8221;row&#8221; custom_padding=&#8221;0px||0px|&#8221; parallax_method_1=&#8221;off&#8221; background_position=&#8221;top_left&#8221; background_repeat=&#8221;repeat&#8221; background_size=&#8221;initial&#8221;][et_pb_column type=&#8221;4_4&#8243;][\/et_pb_column][\/et_pb_row][\/et_pb_section][et_pb_section bb_built=&#8221;1&#8243; admin_label=&#8221;Section&#8221; prev_background_color=&#8221;#000000&#8243;][et_pb_row admin_label=&#8221;Row&#8221; custom_width_px=&#8221;780px&#8221; custom_padding=&#8221;|||&#8221; padding_mobile=&#8221;on&#8221; column_padding_mobile=&#8221;on&#8221; parallax_method_1=&#8221;off&#8221; background_position=&#8221;top_left&#8221; background_repeat=&#8221;repeat&#8221; background_size=&#8221;initial&#8221;][et_pb_column type=&#8221;4_4&#8243;][et_pb_text admin_label=&#8221;Impressum&#8221; text_orientation=&#8221;center&#8221; header_font_size=&#8221;42px&#8221; header_text_color=&#8221;#2b82b1&#8243; background_position=&#8221;top_left&#8221; background_repeat=&#8221;repeat&#8221; background_size=&#8221;initial&#8221; module_alignment=&#8221;center&#8221;]<\/p>\n<h1>Stopka redakcyjna<\/h1>\n<p>[\/et_pb_text][\/et_pb_column][\/et_pb_row][et_pb_row admin_label=&#8221;Row&#8221; custom_padding=&#8221;|||&#8221; padding_mobile=&#8221;on&#8221; column_padding_mobile=&#8221;on&#8221; parallax_method_1=&#8221;off&#8221; parallax_method_2=&#8221;off&#8221; parallax_method_3=&#8221;off&#8221; parallax_method_4=&#8221;off&#8221; background_position=&#8221;top_left&#8221; background_repeat=&#8221;repeat&#8221; background_size=&#8221;initial&#8221;][et_pb_column type=&#8221;1_2&#8243;][et_pb_text custom_margin=&#8221;|||&#8221; background_position=&#8221;top_left&#8221; background_repeat=&#8221;repeat&#8221; background_size=&#8221;initial&#8221; _builder_version=&#8221;3.5.1&#8243;]<\/p>\n<h3>Dane zgodnie z \u00a7 5 niemieckiej ustawy TMG:<\/h3>\n<p>travianet GmbH<br \/>\nStadtfeldstr. 16 16<br \/>\n94469 Deggendorf<\/p>\n<h3> <\/h3>\n<h3>Sp\u00f3\u0142k\u0119 reprezentuj\u0105:<\/h3>\n<p>G\u00f6ran Giegler i J\u00fcrgen Weickl<\/p>\n<h3> <\/h3>\n<h3>Kontakt:<\/h3>\n<p>Telefon: +49 991 &#8211; 29 67 &#8211; 0<br \/>\nFaks: +49 991 &#8211; 29 67 &#8211; 23 90<\/p>\n<p>E-mail: <a href=\"mailto:info@travianet.de\">info@travianet.de<\/a><\/p>\n<h3> <\/h3>\n<h3>Dane rejestracyjne:<\/h3>\n<p>Wpis do rejestru handlowego.<br \/>\n<span style=\"font-size: 14px;\">S\u0105d rejestrowy: s\u0105d rejonowy w Deggendorf<br \/>\n<\/span><span style=\"font-size: 14px;\">Numer rejestru: HRB 2873<br \/>\n<\/span>Numer identyfikacji podatkowej zgodnie z \u00a727 niemieckiej ustawy o podatku obrotowym:<br \/>\n<span style=\"font-size: 14px;\">DE 246 652 677<\/span><\/p>\n<p>Komisja Europejska udost\u0119pnia platform\u0119 internetowego rozstrzygania spor\u00f3w:&nbsp;<a href=\"http:\/\/ec.europa.eu\/consumers\/odr\" target=\"_blank\" rel=\"noopener noreferrer\">http:\/\/ec.europa.eu\/consumers\/odr <\/a><\/p>\n<p>Nasz adres e-mail znajduje si\u0119 powy\u017cej w stopce redakcyjnej.<\/p>\n<p>Nie przewidujemy ani nie jeste\u015bmy zobowi\u0105zani do udzia\u0142u w procedurach rozstrzygania spor\u00f3w przed konsumenckim biurem arbitra\u017cowym.<\/p>\n<h3> <\/h3>\n<h3>Odpowiedzialno\u015b\u0107 za tre\u015b\u0107 zgodnie z \u00a7 55 ust.  2 RStV:<\/h3>\n<p>travianet GmbH<br \/>\nStadtfeldstr. 16 16<br \/>\n94469 Deggendorf<\/p>\n<h3> <\/h3>\n<h3>Projekt i programowanie<\/h3>\n<p>Schwarzfischer Creativ GmbH | <a href=\"http:\/\/www.schwarzfischer.com\" target=\"_blank\" rel=\"noopener noreferrer\">www.schwarzfischer.com<\/a><\/p>\n<h3> <\/h3>\n<h3>Zdj\u0119cia<\/h3>\n<p><a href=\"http:\/\/www.fotolia.com\">www.fotolia.com<\/a> | <a href=\"http:\/\/www.istockphoto.com\">www.istockphoto.com<\/a><\/p>\n<p>[\/et_pb_text][\/et_pb_column][et_pb_column type=&#8221;1_2&#8243;][et_pb_text background_position=&#8221;top_left&#8221; background_repeat=&#8221;repeat&#8221; background_size=&#8221;initial&#8221;]<\/p>\n<h3>Odpowiedzialno\u015b\u0107 za tre\u015b\u0107<\/h3>\n<p>Zgodnie z \u00a7 7 ust.1 niemieckiej ustawy TMG jako dostawca us\u0142ug odpowiadamy za w\u0142asne tre\u015bci zamieszczone na tej stronie internetowej zgodnie z og\u00f3lnymi przepisami. Jednak zgodnie z \u00a7\u00a7 8 do 10 niemieckiej ustawy TMG jako dostawca us\u0142ug nie jeste\u015bmy zobowi\u0105zani do monitorowania przesy\u0142anych lub zapisywanych informacji os\u00f3b trzecich, ani do badania okoliczno\u015bci wskazuj\u0105cych na dzia\u0142anie niezgodne z prawem.<\/p>\n<p>Powy\u017csze nie wp\u0142ywa na zobowi\u0105zanie do usuni\u0119cia lub zablokowania korzystania z informacji zgodnie z og\u00f3lnymi przepisami prawa. Odpowiedzialno\u015b\u0107 z tego tytu\u0142u jest jednak mo\u017cliwa dopiero od momentu powzi\u0119cia wiedzy o konkretnym naruszeniu prawa. Po ujawnieniu naruszenia prawa natychmiast usuniemy odpowiednie tre\u015bci.<\/p>\n<h3>Odpowiedzialno\u015b\u0107 za hiper\u0142\u0105cza<\/h3>\n<p>Nasza oferta zawiera hiper\u0142\u0105cza do zewn\u0119trznych stron internetowych os\u00f3b trzecich, na kt\u00f3rych tre\u015b\u0107 nie mamy wp\u0142ywu. Dlatego nie ponosimy \u017cadnej odpowiedzialno\u015bci za te tre\u015bci os\u00f3b trzecich. Za tre\u015b\u0107 stron, do kt\u00f3rych odsy\u0142aj\u0105 hiper\u0142\u0105cza, odpowiada zawsze dostawca lub operator tych stron. Strony, do kt\u00f3rych odsy\u0142aj\u0105 hiper\u0142\u0105cza, zosta\u0142y sprawdzone pod k\u0105tem ewentualnych narusze\u0144 prawna w momencie dodawania hiper\u0142\u0105czy. W momencie dodawania hiper\u0142\u0105czy nie wykryto tre\u015bci niezgodnych z prawem.<\/p>\n<p>Nie jest jednak mo\u017cliwa ci\u0105g\u0142a kontrola tre\u015bci stron, do kt\u00f3rych odsy\u0142aj\u0105 hiper\u0142\u0105cza, bez konkretnych przes\u0142anek \u015bwiadcz\u0105cych o naruszeniu prawa. Po ujawnieniu naruszenia prawa natychmiast usuniemy odpowiednie hiper\u0142\u0105cza.<\/p>\n<h3>Prawa autorskie<\/h3>\n<p>Tre\u015bci i dzie\u0142a utworzone przez operatora strony i zamieszczone na tej stronie internetowej s\u0105 obj\u0119te niemieckim prawem autorskim. Powielanie, przetwarzanie, rozpowszechnianie i wszelkiego rodzaju wykorzystywanie wykraczaj\u0105ce poza granice praw autorskich wymaga pisemnej zgody odpowiedniego autora lub tw\u00f3rcy. Dozwolone jest pobieranie plik\u00f3w i kopiowanie tej strony wy\u0142\u0105cznie do prywatnego u\u017cytku niekomercyjnego.<\/p>\n<p>W odniesieniu do tre\u015bci, kt\u00f3re nie zosta\u0142y utworzone przez operatora strony, przestrzegane s\u0105 prawa autorskie os\u00f3b trzecich. W szczeg\u00f3lno\u015bci tre\u015bci os\u00f3b trzecich s\u0105 identyfikowane jako takie. W przypadku stwierdzenia mimo to naruszenia praw autorskich prosimy o informacj\u0119. Po ujawnieniu naruszenia prawa natychmiast usuniemy odpowiednie tre\u015bci.<\/p>\n<p>\u0179r\u00f3d\u0142o: <a href=\"https:\/\/www.e-recht24.de\/impressum-generator.html\">https:\/\/www.e-recht24.de <br \/>\n<\/a><\/p>\n<p>[\/et_pb_text][\/et_pb_column][\/et_pb_row][\/et_pb_section]<\/p>\n","protected":false},"excerpt":{"rendered":"<p>Stopka redakcyjna Dane zgodnie z \u00a7 5 niemieckiej ustawy TMG: travianet GmbH Stadtfeldstr. 16 16 94469 Deggendorf Sp\u00f3\u0142k\u0119 reprezentuj\u0105: G\u00f6ran Giegler i J\u00fcrgen Weickl Kontakt: Telefon: +49 991 &#8211; 29 67 &#8211; 0 Faks: +49 991 &#8211; 29 67 &#8211; 23 90 E-mail: info@travianet.de Dane rejestracyjne: Wpis do rejestru handlowego. S\u0105d rejestrowy: s\u0105d rejonowy w [&hellip;]<\/p>\n","protected":false},"author":4,"featured_media":0,"parent":0,"menu_order":0,"comment_status":"closed","ping_status":"closed","template":"","meta":{"_et_pb_use_builder":"on","_et_pb_old_content":"","_et_gb_content_width":"","footnotes":""},"class_list":["post-35993","page","type-page","status-publish","hentry"],"yoast_head":"<!-- This site is optimized with the Yoast SEO plugin v27.3 - https:\/\/yoast.com\/product\/yoast-seo-wordpress\/ -->\n<title>Stopka redakcyjna - travianet<\/title>\n<meta name=\"robots\" content=\"index, follow, max-snippet:-1, max-image-preview:large, max-video-preview:-1\" \/>\n<link rel=\"canonical\" href=\"https:\/\/www.travianet.de\/pl\/stopka-redakcyjna\/\" \/>\n<meta property=\"og:locale\" content=\"pl_PL\" \/>\n<meta property=\"og:type\" content=\"article\" \/>\n<meta property=\"og:title\" content=\"Stopka redakcyjna - travianet\" \/>\n<meta property=\"og:description\" content=\"Stopka redakcyjna Dane zgodnie z \u00a7 5 niemieckiej ustawy TMG: travianet GmbH Stadtfeldstr. 16 16 94469 Deggendorf Sp\u00f3\u0142k\u0119 reprezentuj\u0105: G\u00f6ran Giegler i J\u00fcrgen Weickl Kontakt: Telefon: +49 991 - 29 67 - 0 Faks: +49 991 - 29 67 - 23 90 E-mail: info@travianet.de Dane rejestracyjne: Wpis do rejestru handlowego. S\u0105d rejestrowy: s\u0105d rejonowy w [&hellip;]\" \/>\n<meta property=\"og:url\" content=\"https:\/\/www.travianet.de\/pl\/stopka-redakcyjna\/\" \/>\n<meta property=\"og:site_name\" content=\"travianet\" \/>\n<meta property=\"article:modified_time\" content=\"2019-12-20T07:04:37+00:00\" \/>\n<meta name=\"twitter:card\" content=\"summary_large_image\" \/>\n<meta name=\"twitter:site\" content=\"@travianet\" \/>\n<meta name=\"twitter:label1\" content=\"Szacowany czas czytania\" \/>\n\t<meta name=\"twitter:data1\" content=\"4 minuty\" \/>\n<script type=\"application\/ld+json\" class=\"yoast-schema-graph\">{\"@context\":\"https:\\\/\\\/schema.org\",\"@graph\":[{\"@type\":\"WebPage\",\"@id\":\"https:\\\/\\\/www.travianet.de\\\/pl\\\/stopka-redakcyjna\\\/\",\"url\":\"https:\\\/\\\/www.travianet.de\\\/pl\\\/stopka-redakcyjna\\\/\",\"name\":\"Stopka redakcyjna - travianet\",\"isPartOf\":{\"@id\":\"https:\\\/\\\/www.travianet.de\\\/#website\"},\"datePublished\":\"2019-11-19T14:39:06+00:00\",\"dateModified\":\"2019-12-20T07:04:37+00:00\",\"breadcrumb\":{\"@id\":\"https:\\\/\\\/www.travianet.de\\\/pl\\\/stopka-redakcyjna\\\/#breadcrumb\"},\"inLanguage\":\"pl-PL\",\"potentialAction\":[{\"@type\":\"ReadAction\",\"target\":[\"https:\\\/\\\/www.travianet.de\\\/pl\\\/stopka-redakcyjna\\\/\"]}]},{\"@type\":\"BreadcrumbList\",\"@id\":\"https:\\\/\\\/www.travianet.de\\\/pl\\\/stopka-redakcyjna\\\/#breadcrumb\",\"itemListElement\":[{\"@type\":\"ListItem\",\"position\":1,\"name\":\"Startseite\",\"item\":\"https:\\\/\\\/www.travianet.de\\\/pl\\\/\"},{\"@type\":\"ListItem\",\"position\":2,\"name\":\"Stopka redakcyjna\"}]},{\"@type\":\"WebSite\",\"@id\":\"https:\\\/\\\/www.travianet.de\\\/#website\",\"url\":\"https:\\\/\\\/www.travianet.de\\\/\",\"name\":\"travianet\",\"description\":\"Die Nummer Eins wenn es um Reisepartnerprogramme geht\",\"publisher\":{\"@id\":\"https:\\\/\\\/www.travianet.de\\\/#organization\"},\"potentialAction\":[{\"@type\":\"SearchAction\",\"target\":{\"@type\":\"EntryPoint\",\"urlTemplate\":\"https:\\\/\\\/www.travianet.de\\\/?s={search_term_string}\"},\"query-input\":{\"@type\":\"PropertyValueSpecification\",\"valueRequired\":true,\"valueName\":\"search_term_string\"}}],\"inLanguage\":\"pl-PL\"},{\"@type\":\"Organization\",\"@id\":\"https:\\\/\\\/www.travianet.de\\\/#organization\",\"name\":\"travianet GmbH\",\"url\":\"https:\\\/\\\/www.travianet.de\\\/\",\"logo\":{\"@type\":\"ImageObject\",\"inLanguage\":\"pl-PL\",\"@id\":\"https:\\\/\\\/www.travianet.de\\\/#\\\/schema\\\/logo\\\/image\\\/\",\"url\":\"https:\\\/\\\/www.travianet.de\\\/wp-content\\\/uploads\\\/2017\\\/06\\\/travianetLogo.png\",\"contentUrl\":\"https:\\\/\\\/www.travianet.de\\\/wp-content\\\/uploads\\\/2017\\\/06\\\/travianetLogo.png\",\"width\":426,\"height\":80,\"caption\":\"travianet GmbH\"},\"image\":{\"@id\":\"https:\\\/\\\/www.travianet.de\\\/#\\\/schema\\\/logo\\\/image\\\/\"},\"sameAs\":[\"https:\\\/\\\/x.com\\\/travianet\",\"https:\\\/\\\/www.linkedin.com\\\/company-beta\\\/1138881\\\/\"]}]}<\/script>\n<!-- \/ Yoast SEO plugin. -->","yoast_head_json":{"title":"Stopka redakcyjna - travianet","robots":{"index":"index","follow":"follow","max-snippet":"max-snippet:-1","max-image-preview":"max-image-preview:large","max-video-preview":"max-video-preview:-1"},"canonical":"https:\/\/www.travianet.de\/pl\/stopka-redakcyjna\/","og_locale":"pl_PL","og_type":"article","og_title":"Stopka redakcyjna - travianet","og_description":"Stopka redakcyjna Dane zgodnie z \u00a7 5 niemieckiej ustawy TMG: travianet GmbH Stadtfeldstr. 16 16 94469 Deggendorf Sp\u00f3\u0142k\u0119 reprezentuj\u0105: G\u00f6ran Giegler i J\u00fcrgen Weickl Kontakt: Telefon: +49 991 - 29 67 - 0 Faks: +49 991 - 29 67 - 23 90 E-mail: info@travianet.de Dane rejestracyjne: Wpis do rejestru handlowego. S\u0105d rejestrowy: s\u0105d rejonowy w [&hellip;]","og_url":"https:\/\/www.travianet.de\/pl\/stopka-redakcyjna\/","og_site_name":"travianet","article_modified_time":"2019-12-20T07:04:37+00:00","twitter_card":"summary_large_image","twitter_site":"@travianet","twitter_misc":{"Szacowany czas czytania":"4 minuty"},"schema":{"@context":"https:\/\/schema.org","@graph":[{"@type":"WebPage","@id":"https:\/\/www.travianet.de\/pl\/stopka-redakcyjna\/","url":"https:\/\/www.travianet.de\/pl\/stopka-redakcyjna\/","name":"Stopka redakcyjna - travianet","isPartOf":{"@id":"https:\/\/www.travianet.de\/#website"},"datePublished":"2019-11-19T14:39:06+00:00","dateModified":"2019-12-20T07:04:37+00:00","breadcrumb":{"@id":"https:\/\/www.travianet.de\/pl\/stopka-redakcyjna\/#breadcrumb"},"inLanguage":"pl-PL","potentialAction":[{"@type":"ReadAction","target":["https:\/\/www.travianet.de\/pl\/stopka-redakcyjna\/"]}]},{"@type":"BreadcrumbList","@id":"https:\/\/www.travianet.de\/pl\/stopka-redakcyjna\/#breadcrumb","itemListElement":[{"@type":"ListItem","position":1,"name":"Startseite","item":"https:\/\/www.travianet.de\/pl\/"},{"@type":"ListItem","position":2,"name":"Stopka redakcyjna"}]},{"@type":"WebSite","@id":"https:\/\/www.travianet.de\/#website","url":"https:\/\/www.travianet.de\/","name":"travianet","description":"Die Nummer Eins wenn es um Reisepartnerprogramme geht","publisher":{"@id":"https:\/\/www.travianet.de\/#organization"},"potentialAction":[{"@type":"SearchAction","target":{"@type":"EntryPoint","urlTemplate":"https:\/\/www.travianet.de\/?s={search_term_string}"},"query-input":{"@type":"PropertyValueSpecification","valueRequired":true,"valueName":"search_term_string"}}],"inLanguage":"pl-PL"},{"@type":"Organization","@id":"https:\/\/www.travianet.de\/#organization","name":"travianet GmbH","url":"https:\/\/www.travianet.de\/","logo":{"@type":"ImageObject","inLanguage":"pl-PL","@id":"https:\/\/www.travianet.de\/#\/schema\/logo\/image\/","url":"https:\/\/www.travianet.de\/wp-content\/uploads\/2017\/06\/travianetLogo.png","contentUrl":"https:\/\/www.travianet.de\/wp-content\/uploads\/2017\/06\/travianetLogo.png","width":426,"height":80,"caption":"travianet GmbH"},"image":{"@id":"https:\/\/www.travianet.de\/#\/schema\/logo\/image\/"},"sameAs":["https:\/\/x.com\/travianet","https:\/\/www.linkedin.com\/company-beta\/1138881\/"]}]}},"_links":{"self":[{"href":"https:\/\/www.travianet.de\/pl\/wp-json\/wp\/v2\/pages\/35993","targetHints":{"allow":["GET"]}}],"collection":[{"href":"https:\/\/www.travianet.de\/pl\/wp-json\/wp\/v2\/pages"}],"about":[{"href":"https:\/\/www.travianet.de\/pl\/wp-json\/wp\/v2\/types\/page"}],"author":[{"embeddable":true,"href":"https:\/\/www.travianet.de\/pl\/wp-json\/wp\/v2\/users\/4"}],"replies":[{"embeddable":true,"href":"https:\/\/www.travianet.de\/pl\/wp-json\/wp\/v2\/comments?post=35993"}],"version-history":[{"count":4,"href":"https:\/\/www.travianet.de\/pl\/wp-json\/wp\/v2\/pages\/35993\/revisions"}],"predecessor-version":[{"id":36255,"href":"https:\/\/www.travianet.de\/pl\/wp-json\/wp\/v2\/pages\/35993\/revisions\/36255"}],"wp:attachment":[{"href":"https:\/\/www.travianet.de\/pl\/wp-json\/wp\/v2\/media?parent=35993"}],"curies":[{"name":"wp","href":"https:\/\/api.w.org\/{rel}","templated":true}]}}