{"id":30279,"date":"2017-05-16T14:22:33","date_gmt":"2017-05-16T12:22:33","guid":{"rendered":"http:\/\/www.travianet.de\/our-solution\/"},"modified":"2019-12-20T08:22:59","modified_gmt":"2019-12-20T07:22:59","slug":"our-solution","status":"publish","type":"page","link":"https:\/\/www.travianet.de\/en\/our-solution\/","title":{"rendered":"Our solution"},"content":{"rendered":"<p>[et_pb_section fb_built=&#8221;1&#8243; admin_label=&#8221;section&#8221; _builder_version=&#8221;3.20.2&#8243; background_image=&#8221;https:\/\/www.travianet.de\/wp-content\/uploads\/2019\/03\/HeaderIdee.jpg&#8221; custom_padding=&#8221;240px||240px|&#8221;][et_pb_row custom_padding=&#8221;0px||0px|&#8221; admin_label=&#8221;row&#8221; _builder_version=&#8221;3.0.47&#8243; background_size=&#8221;initial&#8221; background_position=&#8221;top_left&#8221; background_repeat=&#8221;repeat&#8221;][et_pb_column type=&#8221;4_4&#8243; _builder_version=&#8221;3.0.47&#8243;][\/et_pb_column][\/et_pb_row][\/et_pb_section][et_pb_section fb_built=&#8221;1&#8243; admin_label=&#8221;Section&#8221; _builder_version=&#8221;3.0.47&#8243; custom_padding=&#8221;||100px|&#8221;][et_pb_row custom_width_px=&#8221;780px&#8221; custom_padding=&#8221;|||&#8221; padding_mobile=&#8221;on&#8221; column_padding_mobile=&#8221;on&#8221; parallax_method_1=&#8221;off&#8221; admin_label=&#8221;Row&#8221; _builder_version=&#8221;3.0.47&#8243; background_size=&#8221;initial&#8221; background_position=&#8221;top_left&#8221; background_repeat=&#8221;repeat&#8221;][et_pb_column type=&#8221;4_4&#8243; _builder_version=&#8221;3.0.47&#8243;][et_pb_text admin_label=&#8221;Reise gut. Alles gut. Mit travianet.&#8221; _builder_version=&#8221;3.0.74&#8243; header_text_color=&#8221;#2b82b1&#8243; header_font_size=&#8221;42px&#8221; header_font_size_phone=&#8221;30px&#8221; header_font_size_last_edited=&#8221;on|phone&#8221; background_size=&#8221;initial&#8221; background_position=&#8221;top_left&#8221; background_repeat=&#8221;repeat&#8221; text_orientation=&#8221;center&#8221; module_alignment=&#8221;center&#8221;]<\/p>\n<h1>Reise gut. Alles gut. Mit travianet.<\/h1>\n<p>[\/et_pb_text][et_pb_text _builder_version=&#8221;3.0.74&#8243; text_font=&#8221;Roboto Light||||&#8221; text_font_size=&#8221;20px&#8221; text_line_height=&#8221;1.5em&#8221; background_size=&#8221;initial&#8221; background_position=&#8221;top_left&#8221; background_repeat=&#8221;repeat&#8221; text_orientation=&#8221;center&#8221; module_alignment=&#8221;center&#8221; custom_margin=&#8221;|||&#8221;]L\u00f6sungen &#038; Leistungen[\/et_pb_text][\/et_pb_column][\/et_pb_row][et_pb_row custom_padding=&#8221;|30px||30px&#8221; column_padding_mobile=&#8221;on&#8221; parallax_method_1=&#8221;off&#8221; parallax_method_2=&#8221;off&#8221; parallax_method_3=&#8221;off&#8221; parallax_method_4=&#8221;off&#8221; admin_label=&#8221;Row&#8221; module_class=&#8221;et_pb_animation_right et-animated et-waypoint&#8221; _builder_version=&#8221;3.0.47&#8243; background_color=&#8221;rgba(43,130,177,0.2)&#8221; background_size=&#8221;initial&#8221; background_position=&#8221;top_left&#8221; background_repeat=&#8221;repeat&#8221;][et_pb_column type=&#8221;4_4&#8243; _builder_version=&#8221;3.0.47&#8243;][et_pb_text admin_label=&#8221;F\u00fcr Reiseunternehmen&#8221; _builder_version=&#8221;3.0.74&#8243; header_text_color=&#8221;#2b82b1&#8243; header_font_size=&#8221;40px&#8221; header_font_size_phone=&#8221;30px&#8221; header_font_size_last_edited=&#8221;on|phone&#8221; header_line_height=&#8221;1.5em&#8221; background_size=&#8221;initial&#8221; background_position=&#8221;top_left&#8221; background_repeat=&#8221;repeat&#8221; custom_margin=&#8221;|||&#8221;]<\/p>\n<h1 style=\"text-align: center;\">F\u00fcr Reiseunternehmen<\/h1>\n<p style=\"text-align: center;\">Mit unseren L\u00f6sungen und Leistungen erleichtern wir Reiseunternehmen die Arbeit, erh\u00f6hen ihre Servicequalit\u00e4t und sorgen f\u00fcr mehr Wirtschaftlichkeit in den Abl\u00e4ufen. Mit unserem Partnerprogramm er\u00f6ffnen wir au\u00dferdem zus\u00e4tzliche Einnahmequellen.<\/p>\n<p>[\/et_pb_text][et_pb_button button_url=&#8221;https:\/\/www.travianet.de\/en\/our-solution\/travel-companies\/&#8221; button_text=&#8221;Learn more&#8221; button_alignment=&#8221;center&#8221; _builder_version=&#8221;3.16&#8243; custom_button=&#8221;on&#8221; button_text_color_hover=&#8221;#ffffff&#8221; button_border_color_hover=&#8221;#2b82b1&#8243; button_bg_color_hover=&#8221;#2b82b1&#8243; button_text_size__hover_enabled=&#8221;off&#8221; button_one_text_size__hover_enabled=&#8221;off&#8221; button_two_text_size__hover_enabled=&#8221;off&#8221; button_text_color__hover_enabled=&#8221;on&#8221; button_text_color__hover=&#8221;#ffffff&#8221; button_one_text_color__hover_enabled=&#8221;off&#8221; button_two_text_color__hover_enabled=&#8221;off&#8221; button_border_width__hover_enabled=&#8221;off&#8221; button_one_border_width__hover_enabled=&#8221;off&#8221; button_two_border_width__hover_enabled=&#8221;off&#8221; button_border_color__hover_enabled=&#8221;on&#8221; button_border_color__hover=&#8221;#2b82b1&#8243; button_one_border_color__hover_enabled=&#8221;off&#8221; button_two_border_color__hover_enabled=&#8221;off&#8221; button_border_radius__hover_enabled=&#8221;off&#8221; button_one_border_radius__hover_enabled=&#8221;off&#8221; button_two_border_radius__hover_enabled=&#8221;off&#8221; button_letter_spacing__hover_enabled=&#8221;off&#8221; button_one_letter_spacing__hover_enabled=&#8221;off&#8221; button_two_letter_spacing__hover_enabled=&#8221;off&#8221; button_bg_color__hover_enabled=&#8221;on&#8221; button_bg_color__hover=&#8221;#2b82b1&#8243; button_one_bg_color__hover_enabled=&#8221;off&#8221; button_two_bg_color__hover_enabled=&#8221;off&#8221;][\/et_pb_button][\/et_pb_column][\/et_pb_row][et_pb_row custom_padding=&#8221;|30px||30px&#8221; custom_margin=&#8221;50px||50px|&#8221; column_padding_mobile=&#8221;on&#8221; parallax_method_1=&#8221;off&#8221; parallax_method_2=&#8221;off&#8221; parallax_method_3=&#8221;off&#8221; parallax_method_4=&#8221;off&#8221; admin_label=&#8221;Row&#8221; module_class=&#8221;et_pb_animation_right et-animated et-waypoint&#8221; _builder_version=&#8221;3.0.51&#8243; background_color=&#8221;rgba(43,130,177,0.15)&#8221; background_size=&#8221;initial&#8221; background_position=&#8221;top_left&#8221; background_repeat=&#8221;repeat&#8221;][et_pb_column type=&#8221;4_4&#8243; _builder_version=&#8221;3.0.47&#8243;][et_pb_text admin_label=&#8221;F\u00fcr Firmen, Vereine und Organisationen&#8221; _builder_version=&#8221;3.0.74&#8243; header_text_color=&#8221;#2b82b1&#8243; header_font_size=&#8221;40px&#8221; header_font_size_phone=&#8221;30px&#8221; header_font_size_last_edited=&#8221;on|phone&#8221; header_line_height=&#8221;1.5em&#8221; background_size=&#8221;initial&#8221; background_position=&#8221;top_left&#8221; background_repeat=&#8221;repeat&#8221; custom_margin=&#8221;|||&#8221;]<\/p>\n<h1 style=\"text-align: center;\">F\u00fcr Firmen, Vereine und Organisationen<\/h1>\n<p style=\"text-align: center;\">Wir er\u00f6ffnen Ihnen die M\u00f6glichkeit, Mehrwerte und Anreize f\u00fcr Kunden und Mitarbeiter zu schaffen. Das kostet Sie wenig bis nichts, sorgt f\u00fcr ein positives Image und bringt \u2013 clever realisiert \u2013 sogar zus\u00e4tzliche Einnahmen.<\/p>\n<p>[\/et_pb_text][et_pb_button button_url=&#8221;https:\/\/www.travianet.de\/en\/our-solution\/tourism-professionals\/&#8221; button_text=&#8221;Learn more&#8221; button_alignment=&#8221;center&#8221; _builder_version=&#8221;3.16&#8243; custom_button=&#8221;on&#8221; button_text_color_hover=&#8221;#ffffff&#8221; button_border_color_hover=&#8221;#2b82b1&#8243; button_bg_color_hover=&#8221;#2b82b1&#8243; button_text_size__hover_enabled=&#8221;off&#8221; button_one_text_size__hover_enabled=&#8221;off&#8221; button_two_text_size__hover_enabled=&#8221;off&#8221; button_text_color__hover_enabled=&#8221;on&#8221; button_text_color__hover=&#8221;#ffffff&#8221; button_one_text_color__hover_enabled=&#8221;off&#8221; button_two_text_color__hover_enabled=&#8221;off&#8221; button_border_width__hover_enabled=&#8221;off&#8221; button_one_border_width__hover_enabled=&#8221;off&#8221; button_two_border_width__hover_enabled=&#8221;off&#8221; button_border_color__hover_enabled=&#8221;on&#8221; button_border_color__hover=&#8221;#2b82b1&#8243; button_one_border_color__hover_enabled=&#8221;off&#8221; button_two_border_color__hover_enabled=&#8221;off&#8221; button_border_radius__hover_enabled=&#8221;off&#8221; button_one_border_radius__hover_enabled=&#8221;off&#8221; button_two_border_radius__hover_enabled=&#8221;off&#8221; button_letter_spacing__hover_enabled=&#8221;off&#8221; button_one_letter_spacing__hover_enabled=&#8221;off&#8221; button_two_letter_spacing__hover_enabled=&#8221;off&#8221; button_bg_color__hover_enabled=&#8221;on&#8221; button_bg_color__hover=&#8221;#2b82b1&#8243; button_one_bg_color__hover_enabled=&#8221;off&#8221; button_two_bg_color__hover_enabled=&#8221;off&#8221;][\/et_pb_button][\/et_pb_column][\/et_pb_row][et_pb_row custom_padding=&#8221;|30px||30px&#8221; custom_margin=&#8221;50px||50px|&#8221; column_padding_mobile=&#8221;on&#8221; parallax_method_1=&#8221;off&#8221; parallax_method_2=&#8221;off&#8221; parallax_method_3=&#8221;off&#8221; parallax_method_4=&#8221;off&#8221; admin_label=&#8221;Row&#8221; module_class=&#8221;et_pb_animation_right et-animated et-waypoint&#8221; _builder_version=&#8221;3.0.51&#8243; background_color=&#8221;rgba(43,130,177,0.1)&#8221; background_size=&#8221;initial&#8221; background_position=&#8221;top_left&#8221; background_repeat=&#8221;repeat&#8221;][et_pb_column type=&#8221;4_4&#8243; _builder_version=&#8221;3.0.47&#8243;][et_pb_text admin_label=&#8221;F\u00fcr Reise-Enthusiasten &#038; Blogger&#8221; _builder_version=&#8221;3.0.74&#8243; header_text_color=&#8221;#2b82b1&#8243; header_font_size=&#8221;40px&#8221; header_font_size_phone=&#8221;30px&#8221; header_font_size_last_edited=&#8221;on|phone&#8221; header_line_height=&#8221;1.5em&#8221; background_size=&#8221;initial&#8221; background_position=&#8221;top_left&#8221; background_repeat=&#8221;repeat&#8221; custom_margin=&#8221;|||&#8221;]<\/p>\n<h1 style=\"text-align: center;\">F\u00fcr Reise-Enthusiasten &#038; Blogger<\/h1>\n<p style=\"text-align: center;\">Wir erm\u00f6glichen Ihnen, mit dem, was sie am liebsten tun, Geld zu verdienen: Mit IHREN Reisen, Abenteuern, Erlebnissen und Geschichten dar\u00fcber. Wie das geht? Wir zeigen es Ihnen. Und k\u00fcmmern uns um alles, was Sie dazu brauchen.<\/p>\n<p>[\/et_pb_text][et_pb_button button_url=&#8221;https:\/\/www.travianet.de\/en\/our-solution\/for-those-who-love-travelling\/&#8221; button_text=&#8221;Learn more&#8221; button_alignment=&#8221;center&#8221; _builder_version=&#8221;3.16&#8243; custom_button=&#8221;on&#8221; button_text_color_hover=&#8221;#ffffff&#8221; button_border_color_hover=&#8221;#2b82b1&#8243; button_bg_color_hover=&#8221;#2b82b1&#8243; button_text_size__hover_enabled=&#8221;off&#8221; button_one_text_size__hover_enabled=&#8221;off&#8221; button_two_text_size__hover_enabled=&#8221;off&#8221; button_text_color__hover_enabled=&#8221;on&#8221; button_text_color__hover=&#8221;#ffffff&#8221; button_one_text_color__hover_enabled=&#8221;off&#8221; button_two_text_color__hover_enabled=&#8221;off&#8221; button_border_width__hover_enabled=&#8221;off&#8221; button_one_border_width__hover_enabled=&#8221;off&#8221; button_two_border_width__hover_enabled=&#8221;off&#8221; button_border_color__hover_enabled=&#8221;on&#8221; button_border_color__hover=&#8221;#2b82b1&#8243; button_one_border_color__hover_enabled=&#8221;off&#8221; button_two_border_color__hover_enabled=&#8221;off&#8221; button_border_radius__hover_enabled=&#8221;off&#8221; button_one_border_radius__hover_enabled=&#8221;off&#8221; button_two_border_radius__hover_enabled=&#8221;off&#8221; button_letter_spacing__hover_enabled=&#8221;off&#8221; button_one_letter_spacing__hover_enabled=&#8221;off&#8221; button_two_letter_spacing__hover_enabled=&#8221;off&#8221; button_bg_color__hover_enabled=&#8221;on&#8221; button_bg_color__hover=&#8221;#2b82b1&#8243; button_one_bg_color__hover_enabled=&#8221;off&#8221; button_two_bg_color__hover_enabled=&#8221;off&#8221;][\/et_pb_button][\/et_pb_column][\/et_pb_row][\/et_pb_section]<\/p>\n","protected":false},"excerpt":{"rendered":"<p>Reise gut. Alles gut. Mit travianet.L\u00f6sungen &#038; LeistungenF\u00fcr Reiseunternehmen Mit unseren L\u00f6sungen und Leistungen erleichtern wir Reiseunternehmen die Arbeit, erh\u00f6hen ihre Servicequalit\u00e4t und sorgen f\u00fcr mehr Wirtschaftlichkeit in den Abl\u00e4ufen. Mit unserem Partnerprogramm er\u00f6ffnen wir au\u00dferdem zus\u00e4tzliche Einnahmequellen.F\u00fcr Firmen, Vereine und Organisationen Wir er\u00f6ffnen Ihnen die M\u00f6glichkeit, Mehrwerte und Anreize f\u00fcr Kunden und Mitarbeiter zu [&hellip;]<\/p>\n","protected":false},"author":4,"featured_media":0,"parent":0,"menu_order":0,"comment_status":"closed","ping_status":"closed","template":"","meta":{"_et_pb_use_builder":"on","_et_pb_old_content":"","_et_gb_content_width":"","footnotes":""},"class_list":["post-30279","page","type-page","status-publish","hentry"],"yoast_head":"<!-- This site is optimized with the Yoast SEO plugin v27.5 - https:\/\/yoast.com\/product\/yoast-seo-wordpress\/ -->\n<title>travianet solutions for travel companies and those who love travelling<\/title>\n<meta name=\"description\" content=\"travianet solutions for all: travel companies, clubs, Blogger and those who love travelling \u2714 Call us under \u2706 +49 (0) 991\/29670\" \/>\n<meta name=\"robots\" content=\"index, follow, max-snippet:-1, max-image-preview:large, max-video-preview:-1\" \/>\n<link rel=\"canonical\" href=\"https:\/\/www.travianet.de\/en\/our-solution\/\" \/>\n<meta property=\"og:locale\" content=\"en_US\" \/>\n<meta property=\"og:type\" content=\"article\" \/>\n<meta property=\"og:title\" content=\"travianet solutions for travel companies and those who love travelling\" \/>\n<meta property=\"og:description\" content=\"travianet solutions for all: travel companies, clubs, Blogger and those who love travelling \u2714 Call us under \u2706 +49 (0) 991\/29670\" \/>\n<meta property=\"og:url\" content=\"https:\/\/www.travianet.de\/en\/our-solution\/\" \/>\n<meta property=\"og:site_name\" content=\"travianet\" \/>\n<meta property=\"article:modified_time\" content=\"2019-12-20T07:22:59+00:00\" \/>\n<meta name=\"twitter:card\" content=\"summary_large_image\" \/>\n<meta name=\"twitter:site\" content=\"@travianet\" \/>\n<meta name=\"twitter:label1\" content=\"Est. reading time\" \/>\n\t<meta name=\"twitter:data1\" content=\"6 minutes\" \/>\n<script type=\"application\/ld+json\" class=\"yoast-schema-graph\">{\"@context\":\"https:\\\/\\\/schema.org\",\"@graph\":[{\"@type\":\"WebPage\",\"@id\":\"https:\\\/\\\/www.travianet.de\\\/en\\\/our-solution\\\/\",\"url\":\"https:\\\/\\\/www.travianet.de\\\/en\\\/our-solution\\\/\",\"name\":\"travianet solutions for travel companies and those who love travelling\",\"isPartOf\":{\"@id\":\"https:\\\/\\\/www.travianet.de\\\/#website\"},\"datePublished\":\"2017-05-16T12:22:33+00:00\",\"dateModified\":\"2019-12-20T07:22:59+00:00\",\"description\":\"travianet solutions for all: travel companies, clubs, Blogger and those who love travelling \u2714 Call us under \u2706 +49 (0) 991\\\/29670\",\"breadcrumb\":{\"@id\":\"https:\\\/\\\/www.travianet.de\\\/en\\\/our-solution\\\/#breadcrumb\"},\"inLanguage\":\"en-US\",\"potentialAction\":[{\"@type\":\"ReadAction\",\"target\":[\"https:\\\/\\\/www.travianet.de\\\/en\\\/our-solution\\\/\"]}]},{\"@type\":\"BreadcrumbList\",\"@id\":\"https:\\\/\\\/www.travianet.de\\\/en\\\/our-solution\\\/#breadcrumb\",\"itemListElement\":[{\"@type\":\"ListItem\",\"position\":1,\"name\":\"Startseite\",\"item\":\"https:\\\/\\\/www.travianet.de\\\/en\\\/\"},{\"@type\":\"ListItem\",\"position\":2,\"name\":\"Our solution\"}]},{\"@type\":\"WebSite\",\"@id\":\"https:\\\/\\\/www.travianet.de\\\/#website\",\"url\":\"https:\\\/\\\/www.travianet.de\\\/\",\"name\":\"travianet\",\"description\":\"Die Nummer Eins wenn es um Reisepartnerprogramme geht\",\"publisher\":{\"@id\":\"https:\\\/\\\/www.travianet.de\\\/#organization\"},\"potentialAction\":[{\"@type\":\"SearchAction\",\"target\":{\"@type\":\"EntryPoint\",\"urlTemplate\":\"https:\\\/\\\/www.travianet.de\\\/?s={search_term_string}\"},\"query-input\":{\"@type\":\"PropertyValueSpecification\",\"valueRequired\":true,\"valueName\":\"search_term_string\"}}],\"inLanguage\":\"en-US\"},{\"@type\":\"Organization\",\"@id\":\"https:\\\/\\\/www.travianet.de\\\/#organization\",\"name\":\"travianet GmbH\",\"url\":\"https:\\\/\\\/www.travianet.de\\\/\",\"logo\":{\"@type\":\"ImageObject\",\"inLanguage\":\"en-US\",\"@id\":\"https:\\\/\\\/www.travianet.de\\\/#\\\/schema\\\/logo\\\/image\\\/\",\"url\":\"https:\\\/\\\/www.travianet.de\\\/wp-content\\\/uploads\\\/2017\\\/06\\\/travianetLogo.png\",\"contentUrl\":\"https:\\\/\\\/www.travianet.de\\\/wp-content\\\/uploads\\\/2017\\\/06\\\/travianetLogo.png\",\"width\":426,\"height\":80,\"caption\":\"travianet GmbH\"},\"image\":{\"@id\":\"https:\\\/\\\/www.travianet.de\\\/#\\\/schema\\\/logo\\\/image\\\/\"},\"sameAs\":[\"https:\\\/\\\/x.com\\\/travianet\",\"https:\\\/\\\/www.linkedin.com\\\/company-beta\\\/1138881\\\/\"]}]}<\/script>\n<!-- \/ Yoast SEO plugin. -->","yoast_head_json":{"title":"travianet solutions for travel companies and those who love travelling","description":"travianet solutions for all: travel companies, clubs, Blogger and those who love travelling \u2714 Call us under \u2706 +49 (0) 991\/29670","robots":{"index":"index","follow":"follow","max-snippet":"max-snippet:-1","max-image-preview":"max-image-preview:large","max-video-preview":"max-video-preview:-1"},"canonical":"https:\/\/www.travianet.de\/en\/our-solution\/","og_locale":"en_US","og_type":"article","og_title":"travianet solutions for travel companies and those who love travelling","og_description":"travianet solutions for all: travel companies, clubs, Blogger and those who love travelling \u2714 Call us under \u2706 +49 (0) 991\/29670","og_url":"https:\/\/www.travianet.de\/en\/our-solution\/","og_site_name":"travianet","article_modified_time":"2019-12-20T07:22:59+00:00","twitter_card":"summary_large_image","twitter_site":"@travianet","twitter_misc":{"Est. reading time":"6 minutes"},"schema":{"@context":"https:\/\/schema.org","@graph":[{"@type":"WebPage","@id":"https:\/\/www.travianet.de\/en\/our-solution\/","url":"https:\/\/www.travianet.de\/en\/our-solution\/","name":"travianet solutions for travel companies and those who love travelling","isPartOf":{"@id":"https:\/\/www.travianet.de\/#website"},"datePublished":"2017-05-16T12:22:33+00:00","dateModified":"2019-12-20T07:22:59+00:00","description":"travianet solutions for all: travel companies, clubs, Blogger and those who love travelling \u2714 Call us under \u2706 +49 (0) 991\/29670","breadcrumb":{"@id":"https:\/\/www.travianet.de\/en\/our-solution\/#breadcrumb"},"inLanguage":"en-US","potentialAction":[{"@type":"ReadAction","target":["https:\/\/www.travianet.de\/en\/our-solution\/"]}]},{"@type":"BreadcrumbList","@id":"https:\/\/www.travianet.de\/en\/our-solution\/#breadcrumb","itemListElement":[{"@type":"ListItem","position":1,"name":"Startseite","item":"https:\/\/www.travianet.de\/en\/"},{"@type":"ListItem","position":2,"name":"Our solution"}]},{"@type":"WebSite","@id":"https:\/\/www.travianet.de\/#website","url":"https:\/\/www.travianet.de\/","name":"travianet","description":"Die Nummer Eins wenn es um Reisepartnerprogramme geht","publisher":{"@id":"https:\/\/www.travianet.de\/#organization"},"potentialAction":[{"@type":"SearchAction","target":{"@type":"EntryPoint","urlTemplate":"https:\/\/www.travianet.de\/?s={search_term_string}"},"query-input":{"@type":"PropertyValueSpecification","valueRequired":true,"valueName":"search_term_string"}}],"inLanguage":"en-US"},{"@type":"Organization","@id":"https:\/\/www.travianet.de\/#organization","name":"travianet GmbH","url":"https:\/\/www.travianet.de\/","logo":{"@type":"ImageObject","inLanguage":"en-US","@id":"https:\/\/www.travianet.de\/#\/schema\/logo\/image\/","url":"https:\/\/www.travianet.de\/wp-content\/uploads\/2017\/06\/travianetLogo.png","contentUrl":"https:\/\/www.travianet.de\/wp-content\/uploads\/2017\/06\/travianetLogo.png","width":426,"height":80,"caption":"travianet GmbH"},"image":{"@id":"https:\/\/www.travianet.de\/#\/schema\/logo\/image\/"},"sameAs":["https:\/\/x.com\/travianet","https:\/\/www.linkedin.com\/company-beta\/1138881\/"]}]}},"_links":{"self":[{"href":"https:\/\/www.travianet.de\/en\/wp-json\/wp\/v2\/pages\/30279","targetHints":{"allow":["GET"]}}],"collection":[{"href":"https:\/\/www.travianet.de\/en\/wp-json\/wp\/v2\/pages"}],"about":[{"href":"https:\/\/www.travianet.de\/en\/wp-json\/wp\/v2\/types\/page"}],"author":[{"embeddable":true,"href":"https:\/\/www.travianet.de\/en\/wp-json\/wp\/v2\/users\/4"}],"replies":[{"embeddable":true,"href":"https:\/\/www.travianet.de\/en\/wp-json\/wp\/v2\/comments?post=30279"}],"version-history":[{"count":44,"href":"https:\/\/www.travianet.de\/en\/wp-json\/wp\/v2\/pages\/30279\/revisions"}],"predecessor-version":[{"id":35789,"href":"https:\/\/www.travianet.de\/en\/wp-json\/wp\/v2\/pages\/30279\/revisions\/35789"}],"wp:attachment":[{"href":"https:\/\/www.travianet.de\/en\/wp-json\/wp\/v2\/media?parent=30279"}],"curies":[{"name":"wp","href":"https:\/\/api.w.org\/{rel}","templated":true}]}}