{"id":33439,"date":"2018-06-04T12:37:47","date_gmt":"2018-06-04T10:37:47","guid":{"rendered":"https:\/\/www.travianet.de\/logout\/"},"modified":"2018-07-25T15:24:29","modified_gmt":"2018-07-25T13:24:29","slug":"logout","status":"publish","type":"page","link":"https:\/\/www.travianet.de\/cs\/logout\/","title":{"rendered":"Logout"},"content":{"rendered":"<p>[et_pb_section bb_built=&#8220;1&#8243; _builder_version=&#8220;3.0.66&#8243; background_image=&#8220;https:\/\/www.travianet.de\/wp-content\/uploads\/2017\/03\/HeaderUnterwasser-1.jpg&#8220; custom_padding=&#8220;215px|0px|256px|0px&#8220; next_background_color=&#8220;#3a3a3a&#8220;][et_pb_row admin_label=&#8220;row&#8220; use_custom_width=&#8220;on&#8220; custom_width_px=&#8220;500px&#8220; custom_padding=&#8220;50px|50px|50px|50px&#8220; background_color=&#8220;rgba(0,0,0,0.8)&#8220; parallax_method_1=&#8220;off&#8220; background_position_1=&#8220;top_left&#8220; background_repeat_1=&#8220;no-repeat&#8220; _builder_version=&#8220;3.0.66&#8243; background_size=&#8220;initial&#8220; background_position=&#8220;top_left&#8220; background_repeat=&#8220;repeat&#8220;][et_pb_column type=&#8220;4_4&#8243;][et_pb_text background_layout=&#8220;dark&#8220; _builder_version=&#8220;3.5.1&#8243; background_size=&#8220;initial&#8220; background_position=&#8220;top_left&#8220; background_repeat=&#8220;repeat&#8220; custom_margin=&#8220;||30px|&#8220;]<\/p>\n<h1>Na shledanou!<\/h1>\n<p>[\/et_pb_text][et_pb_text background_layout=&#8220;dark&#8220; _builder_version=&#8220;3.5.1&#8243; text_font_size=&#8220;16px&#8220; background_size=&#8220;initial&#8220; background_position=&#8220;top_left&#8220; background_repeat=&#8220;repeat&#8220;]<\/p>\n<h3><a href=\"https:\/\/www.travianet.de\/cs\/login\/\">\u00bb P\u0159ihl\u00e1sit se znovu<\/a><\/h3>\n<h3><a href=\"https:\/\/partner.travianet.de\/index\/forgotpassword\">\u00bb Zapomenut\u00e9 heslo?<\/a><\/h3>\n<p>&nbsp;<\/p>\n<p>[\/et_pb_text][\/et_pb_column][\/et_pb_row][\/et_pb_section][et_pb_section bb_built=&#8220;1&#8243; background_color=&#8220;#3a3a3a&#8220; _builder_version=&#8220;3.0.66&#8243; custom_padding=&#8220;1px|0px|54px|0px&#8220; prev_background_color=&#8220;#ffffff&#8220;][et_pb_row _builder_version=&#8220;3.0.47&#8243; background_size=&#8220;initial&#8220; background_position=&#8220;top_left&#8220; background_repeat=&#8220;repeat&#8220; custom_padding=&#8220;5px|0px|0px|0px&#8220;][et_pb_column type=&#8220;4_4&#8243;][\/et_pb_column][\/et_pb_row][\/et_pb_section]<\/p>\n","protected":false},"excerpt":{"rendered":"<p>Na shledanou! \u00bb P\u0159ihl\u00e1sit se znovu \u00bb Zapomenut\u00e9 heslo? &nbsp;<\/p>\n","protected":false},"author":4,"featured_media":0,"parent":0,"menu_order":0,"comment_status":"closed","ping_status":"closed","template":"","meta":{"_et_pb_use_builder":"on","_et_pb_old_content":"","_et_gb_content_width":"","footnotes":""},"class_list":["post-33439","page","type-page","status-publish","hentry"],"yoast_head":"<!-- This site is optimized with the Yoast SEO plugin v27.5 - https:\/\/yoast.com\/product\/yoast-seo-wordpress\/ -->\n<title>Logout - travianet<\/title>\n<meta name=\"robots\" content=\"index, follow, max-snippet:-1, max-image-preview:large, max-video-preview:-1\" \/>\n<link rel=\"canonical\" href=\"https:\/\/www.travianet.de\/cs\/logout\/\" \/>\n<meta property=\"og:locale\" content=\"cs_CZ\" \/>\n<meta property=\"og:type\" content=\"article\" \/>\n<meta property=\"og:title\" content=\"Logout - travianet\" \/>\n<meta property=\"og:description\" content=\"Na shledanou! \u00bb P\u0159ihl\u00e1sit se znovu \u00bb Zapomenut\u00e9 heslo? &nbsp;\" \/>\n<meta property=\"og:url\" content=\"https:\/\/www.travianet.de\/cs\/logout\/\" \/>\n<meta property=\"og:site_name\" content=\"travianet\" \/>\n<meta property=\"article:modified_time\" content=\"2018-07-25T13:24:29+00:00\" \/>\n<meta name=\"twitter:card\" content=\"summary_large_image\" \/>\n<meta name=\"twitter:site\" content=\"@travianet\" \/>\n<meta name=\"twitter:label1\" content=\"Odhadovan\u00e1 doba \u010dten\u00ed\" \/>\n\t<meta name=\"twitter:data1\" content=\"1 minuta\" \/>\n<script type=\"application\/ld+json\" class=\"yoast-schema-graph\">{\"@context\":\"https:\\\/\\\/schema.org\",\"@graph\":[{\"@type\":\"WebPage\",\"@id\":\"https:\\\/\\\/www.travianet.de\\\/cs\\\/logout\\\/\",\"url\":\"https:\\\/\\\/www.travianet.de\\\/cs\\\/logout\\\/\",\"name\":\"Logout - travianet\",\"isPartOf\":{\"@id\":\"https:\\\/\\\/www.travianet.de\\\/#website\"},\"datePublished\":\"2018-06-04T10:37:47+00:00\",\"dateModified\":\"2018-07-25T13:24:29+00:00\",\"breadcrumb\":{\"@id\":\"https:\\\/\\\/www.travianet.de\\\/cs\\\/logout\\\/#breadcrumb\"},\"inLanguage\":\"cs\",\"potentialAction\":[{\"@type\":\"ReadAction\",\"target\":[\"https:\\\/\\\/www.travianet.de\\\/cs\\\/logout\\\/\"]}]},{\"@type\":\"BreadcrumbList\",\"@id\":\"https:\\\/\\\/www.travianet.de\\\/cs\\\/logout\\\/#breadcrumb\",\"itemListElement\":[{\"@type\":\"ListItem\",\"position\":1,\"name\":\"Startseite\",\"item\":\"https:\\\/\\\/www.travianet.de\\\/cs\\\/\"},{\"@type\":\"ListItem\",\"position\":2,\"name\":\"Logout\"}]},{\"@type\":\"WebSite\",\"@id\":\"https:\\\/\\\/www.travianet.de\\\/#website\",\"url\":\"https:\\\/\\\/www.travianet.de\\\/\",\"name\":\"travianet\",\"description\":\"Die Nummer Eins wenn es um Reisepartnerprogramme geht\",\"publisher\":{\"@id\":\"https:\\\/\\\/www.travianet.de\\\/#organization\"},\"potentialAction\":[{\"@type\":\"SearchAction\",\"target\":{\"@type\":\"EntryPoint\",\"urlTemplate\":\"https:\\\/\\\/www.travianet.de\\\/?s={search_term_string}\"},\"query-input\":{\"@type\":\"PropertyValueSpecification\",\"valueRequired\":true,\"valueName\":\"search_term_string\"}}],\"inLanguage\":\"cs\"},{\"@type\":\"Organization\",\"@id\":\"https:\\\/\\\/www.travianet.de\\\/#organization\",\"name\":\"travianet GmbH\",\"url\":\"https:\\\/\\\/www.travianet.de\\\/\",\"logo\":{\"@type\":\"ImageObject\",\"inLanguage\":\"cs\",\"@id\":\"https:\\\/\\\/www.travianet.de\\\/#\\\/schema\\\/logo\\\/image\\\/\",\"url\":\"https:\\\/\\\/www.travianet.de\\\/wp-content\\\/uploads\\\/2017\\\/06\\\/travianetLogo.png\",\"contentUrl\":\"https:\\\/\\\/www.travianet.de\\\/wp-content\\\/uploads\\\/2017\\\/06\\\/travianetLogo.png\",\"width\":426,\"height\":80,\"caption\":\"travianet GmbH\"},\"image\":{\"@id\":\"https:\\\/\\\/www.travianet.de\\\/#\\\/schema\\\/logo\\\/image\\\/\"},\"sameAs\":[\"https:\\\/\\\/x.com\\\/travianet\",\"https:\\\/\\\/www.linkedin.com\\\/company-beta\\\/1138881\\\/\"]}]}<\/script>\n<!-- \/ Yoast SEO plugin. -->","yoast_head_json":{"title":"Logout - travianet","robots":{"index":"index","follow":"follow","max-snippet":"max-snippet:-1","max-image-preview":"max-image-preview:large","max-video-preview":"max-video-preview:-1"},"canonical":"https:\/\/www.travianet.de\/cs\/logout\/","og_locale":"cs_CZ","og_type":"article","og_title":"Logout - travianet","og_description":"Na shledanou! \u00bb P\u0159ihl\u00e1sit se znovu \u00bb Zapomenut\u00e9 heslo? &nbsp;","og_url":"https:\/\/www.travianet.de\/cs\/logout\/","og_site_name":"travianet","article_modified_time":"2018-07-25T13:24:29+00:00","twitter_card":"summary_large_image","twitter_site":"@travianet","twitter_misc":{"Odhadovan\u00e1 doba \u010dten\u00ed":"1 minuta"},"schema":{"@context":"https:\/\/schema.org","@graph":[{"@type":"WebPage","@id":"https:\/\/www.travianet.de\/cs\/logout\/","url":"https:\/\/www.travianet.de\/cs\/logout\/","name":"Logout - travianet","isPartOf":{"@id":"https:\/\/www.travianet.de\/#website"},"datePublished":"2018-06-04T10:37:47+00:00","dateModified":"2018-07-25T13:24:29+00:00","breadcrumb":{"@id":"https:\/\/www.travianet.de\/cs\/logout\/#breadcrumb"},"inLanguage":"cs","potentialAction":[{"@type":"ReadAction","target":["https:\/\/www.travianet.de\/cs\/logout\/"]}]},{"@type":"BreadcrumbList","@id":"https:\/\/www.travianet.de\/cs\/logout\/#breadcrumb","itemListElement":[{"@type":"ListItem","position":1,"name":"Startseite","item":"https:\/\/www.travianet.de\/cs\/"},{"@type":"ListItem","position":2,"name":"Logout"}]},{"@type":"WebSite","@id":"https:\/\/www.travianet.de\/#website","url":"https:\/\/www.travianet.de\/","name":"travianet","description":"Die Nummer Eins wenn es um Reisepartnerprogramme geht","publisher":{"@id":"https:\/\/www.travianet.de\/#organization"},"potentialAction":[{"@type":"SearchAction","target":{"@type":"EntryPoint","urlTemplate":"https:\/\/www.travianet.de\/?s={search_term_string}"},"query-input":{"@type":"PropertyValueSpecification","valueRequired":true,"valueName":"search_term_string"}}],"inLanguage":"cs"},{"@type":"Organization","@id":"https:\/\/www.travianet.de\/#organization","name":"travianet GmbH","url":"https:\/\/www.travianet.de\/","logo":{"@type":"ImageObject","inLanguage":"cs","@id":"https:\/\/www.travianet.de\/#\/schema\/logo\/image\/","url":"https:\/\/www.travianet.de\/wp-content\/uploads\/2017\/06\/travianetLogo.png","contentUrl":"https:\/\/www.travianet.de\/wp-content\/uploads\/2017\/06\/travianetLogo.png","width":426,"height":80,"caption":"travianet GmbH"},"image":{"@id":"https:\/\/www.travianet.de\/#\/schema\/logo\/image\/"},"sameAs":["https:\/\/x.com\/travianet","https:\/\/www.linkedin.com\/company-beta\/1138881\/"]}]}},"_links":{"self":[{"href":"https:\/\/www.travianet.de\/cs\/wp-json\/wp\/v2\/pages\/33439","targetHints":{"allow":["GET"]}}],"collection":[{"href":"https:\/\/www.travianet.de\/cs\/wp-json\/wp\/v2\/pages"}],"about":[{"href":"https:\/\/www.travianet.de\/cs\/wp-json\/wp\/v2\/types\/page"}],"author":[{"embeddable":true,"href":"https:\/\/www.travianet.de\/cs\/wp-json\/wp\/v2\/users\/4"}],"replies":[{"embeddable":true,"href":"https:\/\/www.travianet.de\/cs\/wp-json\/wp\/v2\/comments?post=33439"}],"version-history":[{"count":13,"href":"https:\/\/www.travianet.de\/cs\/wp-json\/wp\/v2\/pages\/33439\/revisions"}],"predecessor-version":[{"id":33751,"href":"https:\/\/www.travianet.de\/cs\/wp-json\/wp\/v2\/pages\/33439\/revisions\/33751"}],"wp:attachment":[{"href":"https:\/\/www.travianet.de\/cs\/wp-json\/wp\/v2\/media?parent=33439"}],"curies":[{"name":"wp","href":"https:\/\/api.w.org\/{rel}","templated":true}]}}