{"id":33160,"date":"2018-05-28T09:37:21","date_gmt":"2018-05-28T07:37:21","guid":{"rendered":"https:\/\/www.travianet.de\/nase-sluzby\/"},"modified":"2018-07-06T11:24:01","modified_gmt":"2018-07-06T09:24:01","slug":"nase-sluzby","status":"publish","type":"page","link":"https:\/\/www.travianet.de\/cs\/nase-sluzby\/","title":{"rendered":"Na\u0161e slu\u017eby"},"content":{"rendered":"<p>[et_pb_section bb_built=&#8220;1&#8243; admin_label=&#8220;section&#8220; custom_padding=&#8220;240px||240px|&#8220; _builder_version=&#8220;3.0.47&#8243; background_image=&#8220;https:\/\/www.travianet.de\/wp-content\/uploads\/2017\/04\/header_Besprechung.jpg&#8220;][et_pb_row admin_label=&#8220;row&#8220; custom_padding=&#8220;0px||0px|&#8220; _builder_version=&#8220;3.0.47&#8243; background_size=&#8220;initial&#8220; background_position=&#8220;top_left&#8220; background_repeat=&#8220;repeat&#8220;][et_pb_column type=&#8220;4_4&#8243;][\/et_pb_column][\/et_pb_row][\/et_pb_section][et_pb_section bb_built=&#8220;1&#8243; admin_label=&#8220;Section&#8220; custom_padding=&#8220;||100px|&#8220; _builder_version=&#8220;3.0.47&#8243;][et_pb_row admin_label=&#8220;Row&#8220; custom_width_px=&#8220;780px&#8220; custom_padding=&#8220;||50px|&#8220; column_padding_mobile=&#8220;on&#8220; parallax_method_1=&#8220;off&#8220; _builder_version=&#8220;3.0.47&#8243; background_size=&#8220;initial&#8220; background_position=&#8220;top_left&#8220; background_repeat=&#8220;repeat&#8220;][et_pb_column type=&#8220;4_4&#8243;][et_pb_text admin_label=&#8220;Unsere Kunden.&#8220; text_orientation=&#8220;center&#8220; _builder_version=&#8220;3.0.64&#8243; header_font_size=&#8220;42px&#8220; header_font_size_phone=&#8220;30px&#8220; header_font_size_last_edited=&#8220;on|phone&#8220; header_text_color=&#8220;#2b82b1&#8243; background_size=&#8220;initial&#8220; background_position=&#8220;top_left&#8220; background_repeat=&#8220;repeat&#8220;]<\/p>\n<h1>Na\u0161e slu\u017eby<\/h1>\n<p>[\/et_pb_text][et_pb_text text_orientation=&#8220;center&#8220; _builder_version=&#8220;3.0.47&#8243; text_font=&#8220;Roboto Light||||&#8220; text_font_size=&#8220;20px&#8220; text_line_height=&#8220;1.5em&#8220; background_size=&#8220;initial&#8220; background_position=&#8220;top_left&#8220; background_repeat=&#8220;repeat&#8220; custom_margin=&#8220;|||&#8220;]<\/p>\n<p>Portfolio na\u0161ich slu\u017eeb se pln\u011b koncentruje na VA\u0160E t\u00e9ma: cestov\u00e1n\u00ed a turismus.\u00a0D\u00edky tomu pro V\u00e1s vytv\u00e1\u0159\u00edme n\u00e1kladov\u011b efektivn\u00ed \u0159e\u0161en\u00ed a nov\u00e9, lukrativn\u00ed zdroje p\u0159\u00edjm\u016f.<\/p>\n<p>[\/et_pb_text][\/et_pb_column][\/et_pb_row][et_pb_row admin_label=&#8220;Row&#8220; custom_padding=&#8220;|30px||30px&#8220; background_color=&#8220;rgba(43,130,177,0.2)&#8220; column_padding_mobile=&#8220;on&#8220; parallax_method_1=&#8220;off&#8220; parallax_method_2=&#8220;off&#8220; parallax_method_3=&#8220;off&#8220; parallax_method_4=&#8220;off&#8220; module_class=&#8220;et_pb_animation_right et-animated et-waypoint&#8220; _builder_version=&#8220;3.0.47&#8243; background_size=&#8220;initial&#8220; background_position=&#8220;top_left&#8220; background_repeat=&#8220;repeat&#8220;][et_pb_column type=&#8220;4_4&#8243;][et_pb_text admin_label=&#8220;Reiseunternehmen&#8220; _builder_version=&#8220;3.0.64&#8243; text_font_size=&#8220;16px&#8220; header_font_size_phone=&#8220;28px&#8220; header_font_size_last_edited=&#8220;on|phone&#8220; header_text_color=&#8220;#2b82b1&#8243; header_line_height=&#8220;1.5em&#8220; background_size=&#8220;initial&#8220; background_position=&#8220;top_left&#8220; background_repeat=&#8220;repeat&#8220; custom_margin=&#8220;|||&#8220; header_line_height_last_edited=&#8220;on|desktop&#8220; header_line_height_phone=&#8220;1em&#8220;]<\/p>\n<h1 style=\"text-align: center;\">Profesion\u00e1ln\u00ed centrum slu\u017eeb pro cestov\u00e1n\u00ed<\/h1>\n<p style=\"text-align: center;\">Na\u0161e call centrum pro cestov\u00e1n\u00ed je V\u00e1m k dispozici 365 dn\u00ed v roce, v\u00edce ne\u017e 90 hodin t\u00fddn\u011b, ka\u017ed\u00fd den do 22 hodin (\u010desk\u00e9 poradenstv\u00ed po-p\u00e1 od 9:00-16:00). V centru slu\u017eeb pracuje jen dob\u0159e pro\u0161kolen\u00fd person\u00e1l. Na\u0161i pracovn\u00edci se skv\u011ble vyznaj\u00ed ve v\u0161ech b\u011b\u017en\u00fdch rezerva\u010dn\u00edch syst\u00e9mech. Na\u0161i partne\u0159i zvl\u00e1\u0161t\u011b oce\u0148uj\u00ed telefonickou podporu pro z\u00e1kazn\u00edky. Mnoho telefon\u00e1t\u016f na na\u0161i hotline kon\u010d\u00ed objedn\u00e1vkou slu\u017eeb.<\/p>\n<p>[\/et_pb_text][\/et_pb_column][\/et_pb_row][et_pb_row admin_label=&#8220;Row&#8220; custom_padding=&#8220;|30px||30px&#8220; custom_margin=&#8220;50px||50px|&#8220; background_color=&#8220;rgba(43,130,177,0.15)&#8220; column_padding_mobile=&#8220;on&#8220; parallax_method_1=&#8220;off&#8220; parallax_method_2=&#8220;off&#8220; parallax_method_3=&#8220;off&#8220; parallax_method_4=&#8220;off&#8220; module_class=&#8220;et_pb_animation_right et-animated et-waypoint&#8220; _builder_version=&#8220;3.0.47&#8243; background_size=&#8220;initial&#8220; background_position=&#8220;top_left&#8220; background_repeat=&#8220;repeat&#8220;][et_pb_column type=&#8220;4_4&#8243;][et_pb_text admin_label=&#8220;Reise-Enthusiasten &#038; Blogger&#8220; _builder_version=&#8220;3.0.64&#8243; text_font_size=&#8220;16px&#8220; header_font_size_phone=&#8220;28px&#8220; header_font_size_last_edited=&#8220;on|phone&#8220; header_text_color=&#8220;#2b82b1&#8243; background_size=&#8220;initial&#8220; background_position=&#8220;top_left&#8220; background_repeat=&#8220;repeat&#8220; custom_margin=&#8220;|||&#8220;]<\/p>\n<h1 style=\"text-align: center;\">Vlastn\u00ed rezerva\u010dn\u00ed technologie pro cestovn\u00ed port\u00e1ly<\/h1>\n<p style=\"text-align: center;\">Spolupracujeme se v\u0161emi relevantn\u00edmi poskytovateli rezerva\u010dn\u00edch technologi\u00ed. Vytvo\u0159ili jsme sv\u00e9 vlastn\u00ed rezerva\u010dn\u00ed procesy zalo\u017een\u00e9 na v\u00fdm\u011bn\u011b dat prost\u0159ednictv\u00edm XML rozhran\u00ed. To n\u00e1m p\u0159in\u00e1\u0161\u00ed nejvy\u0161\u0161\u00ed mo\u017enou flexibilitu ve v\u0161ech na\u0161ich partnersk\u00fdch programech. Samoz\u0159ejm\u011b m\u016f\u017eete i nad\u00e1le pracovat s Va\u0161imi vlastn\u00edmi rezerva\u010dn\u00edmi technologiemi a t\u00edm se pod\u00edlet na na\u0161em partnersk\u00e9m programu.<\/p>\n<p>[\/et_pb_text][\/et_pb_column][\/et_pb_row][et_pb_row admin_label=&#8220;Row&#8220; custom_padding=&#8220;|30px||30px&#8220; custom_margin=&#8220;50px||50px|&#8220; background_color=&#8220;rgba(43,130,177,0.12)&#8220; column_padding_mobile=&#8220;on&#8220; parallax_method_1=&#8220;off&#8220; parallax_method_2=&#8220;off&#8220; parallax_method_3=&#8220;off&#8220; parallax_method_4=&#8220;off&#8220; module_class=&#8220;et_pb_animation_right et-animated et-waypoint&#8220; _builder_version=&#8220;3.0.47&#8243; background_size=&#8220;initial&#8220; background_position=&#8220;top_left&#8220; background_repeat=&#8220;repeat&#8220;][et_pb_column type=&#8220;4_4&#8243;][et_pb_text admin_label=&#8220;Reise-Enthusiasten &#038; Blogger&#8220; _builder_version=&#8220;3.0.64&#8243; text_font_size=&#8220;16px&#8220; header_font_size_phone=&#8220;28px&#8220; header_font_size_last_edited=&#8220;on|phone&#8220; header_text_color=&#8220;#2b82b1&#8243; header_line_height=&#8220;1.5em&#8220; background_size=&#8220;initial&#8220; background_position=&#8220;top_left&#8220; background_repeat=&#8220;repeat&#8220; custom_margin=&#8220;|||&#8220; header_line_height_last_edited=&#8220;on|desktop&#8220; header_line_height_phone=&#8220;1em&#8220;]<\/p>\n<h1 style=\"text-align: center;\">Kompletn\u00ed nab\u00eddka cestovn\u00edch kancel\u00e1\u0159\u00ed a z\u00e1jezd\u016f<\/h1>\n<p style=\"text-align: center;\">Jako velk\u00e1 online cestovn\u00ed agentura jsme schopni uzav\u00edrat agenturn\u00ed smlouvy se v\u0161emi po\u0159adateli a prodejci z\u00e1jezd\u016f, jejich\u017e nab\u00eddky je mo\u017en\u00e9 rezervovat online. D\u00edky tomu mohou na\u0161i partne\u0159i na sv\u00fdch webech prezentovat kompletn\u00ed nab\u00eddku cestovn\u00edch kancel\u00e1\u0159\u00ed a z\u00e1jezd\u016f. Partne\u0159i si mohou vybrat, zda vyu\u017eij\u00ed svoje vlastn\u00ed rezerva\u010dn\u00ed technologie, nebo ty od travianetu.<\/p>\n<p>[\/et_pb_text][\/et_pb_column][\/et_pb_row][et_pb_row admin_label=&#8220;Row&#8220; custom_padding=&#8220;|30px||30px&#8220; custom_margin=&#8220;50px||50px|&#8220; background_color=&#8220;rgba(43,130,177,0.1)&#8220; column_padding_mobile=&#8220;on&#8220; parallax_method_1=&#8220;off&#8220; parallax_method_2=&#8220;off&#8220; parallax_method_3=&#8220;off&#8220; parallax_method_4=&#8220;off&#8220; module_class=&#8220;et_pb_animation_right et-animated et-waypoint&#8220; _builder_version=&#8220;3.0.47&#8243; background_size=&#8220;initial&#8220; background_position=&#8220;top_left&#8220; background_repeat=&#8220;repeat&#8220;][et_pb_column type=&#8220;4_4&#8243;][et_pb_text admin_label=&#8220;Reise-Enthusiasten &#038; Blogger&#8220; _builder_version=&#8220;3.0.64&#8243; text_font_size=&#8220;16px&#8220; header_font_size_phone=&#8220;28px&#8220; header_font_size_last_edited=&#8220;on|phone&#8220; header_text_color=&#8220;#2b82b1&#8243; background_size=&#8220;initial&#8220; background_position=&#8220;top_left&#8220; background_repeat=&#8220;repeat&#8220; custom_margin=&#8220;|||&#8220;]<\/p>\n<h1 style=\"text-align: center;\">Vytvo\u0159ili jsme nejmodern\u011bj\u0161\u00ed technologie pro zpracov\u00e1n\u00ed rezervac\u00ed<\/h1>\n<p style=\"text-align: center;\">Abychom mohli poskytovat optim\u00e1ln\u00ed podporu na\u0161im partner\u016fm pou\u017e\u00edvaj\u00edc\u00edm r\u016fzn\u00e9 obchodn\u00ed modely, ji\u017e p\u0159ed mnoha lety jsme vytvo\u0159ili sv\u016fj vlastn\u00ed, rozs\u00e1hl\u00fd Turistick\u00fd informa\u010dn\u00ed syst\u00e9m (TIS). P\u016fvodn\u011b jsme jej navrhovali jen jako syst\u00e9m pro st\u0159edn\u011b velkou kancel\u00e1\u0159, ale s postupem \u010dasu se stal v\u0161estrann\u00fdm syst\u00e9mem. Dnes prost\u0159ednictv\u00edm na\u0161eho TIS \u0159\u00edd\u00edme cel\u00fd rezerva\u010dn\u00ed syst\u00e9m a na\u0161e pln\u011b automatizovan\u00e9 partnersk\u00e9 vy\u00fa\u010dtov\u00e1n\u00ed. Prost\u0159ednictv\u00edm datov\u00fdch rozhran\u00ed na\u0161eho TIS komunikujeme s telefonn\u00ed \u00fast\u0159ednou, ale tak\u00e9 s rezerva\u010dn\u00edmi syst\u00e9my a syst\u00e9my cestovn\u00edch kancel\u00e1\u0159\u00ed. Sv\u016fj TIS neust\u00e1le rozv\u00edj\u00edme a dopl\u0148ujeme do n\u011bj nov\u00e9 funkce.<\/p>\n<p>[\/et_pb_text][\/et_pb_column][\/et_pb_row][et_pb_row admin_label=&#8220;Row&#8220; custom_padding=&#8220;|30px||30px&#8220; custom_margin=&#8220;50px||50px|&#8220; background_color=&#8220;rgba(43,130,177,0.08)&#8220; column_padding_mobile=&#8220;on&#8220; parallax_method_1=&#8220;off&#8220; parallax_method_2=&#8220;off&#8220; parallax_method_3=&#8220;off&#8220; parallax_method_4=&#8220;off&#8220; module_class=&#8220;et_pb_animation_right et-animated et-waypoint&#8220; _builder_version=&#8220;3.0.47&#8243; background_size=&#8220;initial&#8220; background_position=&#8220;top_left&#8220; background_repeat=&#8220;repeat&#8220;][et_pb_column type=&#8220;4_4&#8243;][et_pb_text admin_label=&#8220;Reise-Enthusiasten &#038; Blogger&#8220; _builder_version=&#8220;3.0.64&#8243; text_font_size=&#8220;16px&#8220; header_font_size_phone=&#8220;28px&#8220; header_font_size_last_edited=&#8220;on|phone&#8220; header_text_color=&#8220;#2b82b1&#8243; background_size=&#8220;initial&#8220; background_position=&#8220;top_left&#8220; background_repeat=&#8220;repeat&#8220; custom_margin=&#8220;|||&#8220;]<\/p>\n<h1 style=\"text-align: center;\">Podpora ve v\u0161ech oblastech<\/h1>\n<p style=\"text-align: center;\">Na\u0161e partnersk\u00e1 podpora V\u00e1m stoj\u00ed po boku \u2013 radou i \u010dinem \u2013 ve v\u0161ech ot\u00e1zk\u00e1ch t\u00fdkaj\u00edc\u00edch se Va\u0161eho partnerstv\u00ed, p\u0159i tvorb\u011b Va\u0161eho cestovn\u00edho port\u00e1lu s na\u0161imi rezerva\u010dn\u00edmi technologiemi nebo p\u0159i p\u0159ipojov\u00e1n\u00ed Va\u0161\u00ed rezerva\u010dn\u00ed technologie k na\u0161emu syst\u00e9mu. Pokud V\u00e1\u0161 cestovn\u00ed port\u00e1l bude m\u00edt technick\u00e9 probl\u00e9my, na\u0161i vlastn\u00ed webdesign\u00e9\u0159i V\u00e1m porad\u00ed rychle a spolehliv\u011b. Dokonce V\u00e1m mohou za v\u00fdhodn\u00fdch podm\u00ednek vytvo\u0159it kompletn\u00ed cestovn\u00ed port\u00e1l, budete-li to pot\u0159ebovat.<\/p>\n<p>[\/et_pb_text][\/et_pb_column][\/et_pb_row][\/et_pb_section][et_pb_section bb_built=&#8220;1&#8243; custom_padding=&#8220;0px||0px|&#8220; _builder_version=&#8220;3.0.47&#8243; background_image=&#8220;https:\/\/www.travianet.de\/wp-content\/uploads\/2017\/01\/bg_gradient1.jpg&#8220;][et_pb_row custom_padding=&#8220;0px||0px|&#8220; custom_margin=&#8220;|||&#8220; padding_top_1=&#8220;50px&#8220; padding_right_1=&#8220;0px&#8220; padding_bottom_1=&#8220;0px&#8220; padding_left_1=&#8220;0px&#8220; padding_top_2=&#8220;50px &#8220; padding_right_2=&#8220; 50px &#8220; padding_bottom_2=&#8220; 50px &#8220; padding_left_2=&#8220;50px&#8220; padding_top_3=&#8220;50px &#8220; padding_right_3=&#8220; 50px &#8220; padding_bottom_3=&#8220; 50px &#8220; padding_left_3=&#8220;50px&#8220; parallax_method_1=&#8220;off&#8220; parallax_method_2=&#8220;off&#8220; parallax_method_3=&#8220;off&#8220; _builder_version=&#8220;3.0.64&#8243; background_size=&#8220;initial&#8220; background_position=&#8220;top_left&#8220; background_repeat=&#8220;repeat&#8220;][et_pb_column type=&#8220;4_4&#8243;][et_pb_text admin_label=&#8220;F\u00fcr wen arbeitet travianet?&#8220; background_layout=&#8220;dark&#8220; text_orientation=&#8220;center&#8220; disabled_on=&#8220;off|off|off&#8220; _builder_version=&#8220;3.0.64&#8243; text_font=&#8220;Roboto||||&#8220; text_font_size=&#8220;20&#8243; text_text_color=&#8220;#ffffff&#8220; text_line_height=&#8220;1.2em&#8220; header_font_size=&#8220;42px&#8220; header_font_size_phone=&#8220;30px&#8220; header_font_size_last_edited=&#8220;on|phone&#8220; background_size=&#8220;initial&#8220; background_position=&#8220;top_left&#8220; background_repeat=&#8220;repeat&#8220; custom_margin=&#8220;24px||0px|&#8220; custom_css_main_element=&#8220;font-weight: 400;&#8220;]<\/p>\n<h1>Pro koho pracuje travianet?<\/h1>\n<p>[\/et_pb_text][et_pb_image src=&#8220;https:\/\/www.travianet.de\/wp-content\/uploads\/2017\/01\/Kundensegmente.png&#8220; animation=&#8220;fade_in&#8220; align=&#8220;center&#8220; _builder_version=&#8220;3.0.66&#8243; custom_margin=&#8220;||0px|&#8220; show_in_lightbox=&#8220;off&#8220; url_new_window=&#8220;off&#8220; use_overlay=&#8220;off&#8220; sticky=&#8220;off&#8220; always_center_on_mobile=&#8220;on&#8220; border_style=&#8220;solid&#8220; force_fullwidth=&#8220;off&#8220; alt=&#8220;Slu\u017eby travianetu pro ka\u017ed\u00e9ho&#8220; \/][\/et_pb_column][\/et_pb_row][\/et_pb_section]<\/p>\n","protected":false},"excerpt":{"rendered":"<p>Na\u0161e slu\u017eby Portfolio na\u0161ich slu\u017eeb se pln\u011b koncentruje na VA\u0160E t\u00e9ma: cestov\u00e1n\u00ed a turismus.\u00a0D\u00edky tomu pro V\u00e1s vytv\u00e1\u0159\u00edme n\u00e1kladov\u011b efektivn\u00ed \u0159e\u0161en\u00ed a nov\u00e9, lukrativn\u00ed zdroje p\u0159\u00edjm\u016f. Profesion\u00e1ln\u00ed centrum slu\u017eeb pro cestov\u00e1n\u00ed Na\u0161e call centrum pro cestov\u00e1n\u00ed je V\u00e1m k dispozici 365 dn\u00ed v roce, v\u00edce ne\u017e 90 hodin t\u00fddn\u011b, ka\u017ed\u00fd den do 22 hodin (\u010desk\u00e9 [&hellip;]<\/p>\n","protected":false},"author":4,"featured_media":0,"parent":0,"menu_order":0,"comment_status":"closed","ping_status":"closed","template":"","meta":{"_et_pb_use_builder":"on","_et_pb_old_content":"","_et_gb_content_width":"","footnotes":""},"class_list":["post-33160","page","type-page","status-publish","hentry"],"yoast_head":"<!-- This site is optimized with the Yoast SEO plugin v27.5 - https:\/\/yoast.com\/product\/yoast-seo-wordpress\/ -->\n<title>\u2192 Profitujte z rozs\u00e1hl\u00e9 nab\u00eddky slu\u017eeb firmy travianet! \u2190<\/title>\n<meta name=\"description\" content=\"travianet slu\u017eby sahaj\u00ed od profesion\u00e1ln\u00edho centra slu\u017eeb pro cestov\u00e1n\u00ed p\u0159es rezerva\u010dn\u00ed technologie pro cestovn\u00ed port\u00e1ly a\u017e po technickou podporu\" \/>\n<meta name=\"robots\" content=\"index, follow, max-snippet:-1, max-image-preview:large, max-video-preview:-1\" \/>\n<link rel=\"canonical\" href=\"https:\/\/www.travianet.de\/cs\/nase-sluzby\/\" \/>\n<meta property=\"og:locale\" content=\"cs_CZ\" \/>\n<meta property=\"og:type\" content=\"article\" \/>\n<meta property=\"og:title\" content=\"\u2192 Profitujte z rozs\u00e1hl\u00e9 nab\u00eddky slu\u017eeb firmy travianet! \u2190\" \/>\n<meta property=\"og:description\" content=\"travianet slu\u017eby sahaj\u00ed od profesion\u00e1ln\u00edho centra slu\u017eeb pro cestov\u00e1n\u00ed p\u0159es rezerva\u010dn\u00ed technologie pro cestovn\u00ed port\u00e1ly a\u017e po technickou podporu\" \/>\n<meta property=\"og:url\" content=\"https:\/\/www.travianet.de\/cs\/nase-sluzby\/\" \/>\n<meta property=\"og:site_name\" content=\"travianet\" \/>\n<meta property=\"article:modified_time\" content=\"2018-07-06T09:24:01+00:00\" \/>\n<meta name=\"twitter:card\" content=\"summary_large_image\" \/>\n<meta name=\"twitter:site\" content=\"@travianet\" \/>\n<meta name=\"twitter:label1\" content=\"Odhadovan\u00e1 doba \u010dten\u00ed\" \/>\n\t<meta name=\"twitter:data1\" content=\"8 minut\" \/>\n<script type=\"application\/ld+json\" class=\"yoast-schema-graph\">{\"@context\":\"https:\\\/\\\/schema.org\",\"@graph\":[{\"@type\":\"WebPage\",\"@id\":\"https:\\\/\\\/www.travianet.de\\\/cs\\\/nase-sluzby\\\/\",\"url\":\"https:\\\/\\\/www.travianet.de\\\/cs\\\/nase-sluzby\\\/\",\"name\":\"\u2192 Profitujte z rozs\u00e1hl\u00e9 nab\u00eddky slu\u017eeb firmy travianet! \u2190\",\"isPartOf\":{\"@id\":\"https:\\\/\\\/www.travianet.de\\\/#website\"},\"datePublished\":\"2018-05-28T07:37:21+00:00\",\"dateModified\":\"2018-07-06T09:24:01+00:00\",\"description\":\"travianet slu\u017eby sahaj\u00ed od profesion\u00e1ln\u00edho centra slu\u017eeb pro cestov\u00e1n\u00ed p\u0159es rezerva\u010dn\u00ed technologie pro cestovn\u00ed port\u00e1ly a\u017e po technickou podporu\",\"breadcrumb\":{\"@id\":\"https:\\\/\\\/www.travianet.de\\\/cs\\\/nase-sluzby\\\/#breadcrumb\"},\"inLanguage\":\"cs\",\"potentialAction\":[{\"@type\":\"ReadAction\",\"target\":[\"https:\\\/\\\/www.travianet.de\\\/cs\\\/nase-sluzby\\\/\"]}]},{\"@type\":\"BreadcrumbList\",\"@id\":\"https:\\\/\\\/www.travianet.de\\\/cs\\\/nase-sluzby\\\/#breadcrumb\",\"itemListElement\":[{\"@type\":\"ListItem\",\"position\":1,\"name\":\"Startseite\",\"item\":\"https:\\\/\\\/www.travianet.de\\\/cs\\\/\"},{\"@type\":\"ListItem\",\"position\":2,\"name\":\"Na\u0161e slu\u017eby\"}]},{\"@type\":\"WebSite\",\"@id\":\"https:\\\/\\\/www.travianet.de\\\/#website\",\"url\":\"https:\\\/\\\/www.travianet.de\\\/\",\"name\":\"travianet\",\"description\":\"Die Nummer Eins wenn es um Reisepartnerprogramme geht\",\"publisher\":{\"@id\":\"https:\\\/\\\/www.travianet.de\\\/#organization\"},\"potentialAction\":[{\"@type\":\"SearchAction\",\"target\":{\"@type\":\"EntryPoint\",\"urlTemplate\":\"https:\\\/\\\/www.travianet.de\\\/?s={search_term_string}\"},\"query-input\":{\"@type\":\"PropertyValueSpecification\",\"valueRequired\":true,\"valueName\":\"search_term_string\"}}],\"inLanguage\":\"cs\"},{\"@type\":\"Organization\",\"@id\":\"https:\\\/\\\/www.travianet.de\\\/#organization\",\"name\":\"travianet GmbH\",\"url\":\"https:\\\/\\\/www.travianet.de\\\/\",\"logo\":{\"@type\":\"ImageObject\",\"inLanguage\":\"cs\",\"@id\":\"https:\\\/\\\/www.travianet.de\\\/#\\\/schema\\\/logo\\\/image\\\/\",\"url\":\"https:\\\/\\\/www.travianet.de\\\/wp-content\\\/uploads\\\/2017\\\/06\\\/travianetLogo.png\",\"contentUrl\":\"https:\\\/\\\/www.travianet.de\\\/wp-content\\\/uploads\\\/2017\\\/06\\\/travianetLogo.png\",\"width\":426,\"height\":80,\"caption\":\"travianet GmbH\"},\"image\":{\"@id\":\"https:\\\/\\\/www.travianet.de\\\/#\\\/schema\\\/logo\\\/image\\\/\"},\"sameAs\":[\"https:\\\/\\\/x.com\\\/travianet\",\"https:\\\/\\\/www.linkedin.com\\\/company-beta\\\/1138881\\\/\"]}]}<\/script>\n<!-- \/ Yoast SEO plugin. -->","yoast_head_json":{"title":"\u2192 Profitujte z rozs\u00e1hl\u00e9 nab\u00eddky slu\u017eeb firmy travianet! \u2190","description":"travianet slu\u017eby sahaj\u00ed od profesion\u00e1ln\u00edho centra slu\u017eeb pro cestov\u00e1n\u00ed p\u0159es rezerva\u010dn\u00ed technologie pro cestovn\u00ed port\u00e1ly a\u017e po technickou podporu","robots":{"index":"index","follow":"follow","max-snippet":"max-snippet:-1","max-image-preview":"max-image-preview:large","max-video-preview":"max-video-preview:-1"},"canonical":"https:\/\/www.travianet.de\/cs\/nase-sluzby\/","og_locale":"cs_CZ","og_type":"article","og_title":"\u2192 Profitujte z rozs\u00e1hl\u00e9 nab\u00eddky slu\u017eeb firmy travianet! \u2190","og_description":"travianet slu\u017eby sahaj\u00ed od profesion\u00e1ln\u00edho centra slu\u017eeb pro cestov\u00e1n\u00ed p\u0159es rezerva\u010dn\u00ed technologie pro cestovn\u00ed port\u00e1ly a\u017e po technickou podporu","og_url":"https:\/\/www.travianet.de\/cs\/nase-sluzby\/","og_site_name":"travianet","article_modified_time":"2018-07-06T09:24:01+00:00","twitter_card":"summary_large_image","twitter_site":"@travianet","twitter_misc":{"Odhadovan\u00e1 doba \u010dten\u00ed":"8 minut"},"schema":{"@context":"https:\/\/schema.org","@graph":[{"@type":"WebPage","@id":"https:\/\/www.travianet.de\/cs\/nase-sluzby\/","url":"https:\/\/www.travianet.de\/cs\/nase-sluzby\/","name":"\u2192 Profitujte z rozs\u00e1hl\u00e9 nab\u00eddky slu\u017eeb firmy travianet! \u2190","isPartOf":{"@id":"https:\/\/www.travianet.de\/#website"},"datePublished":"2018-05-28T07:37:21+00:00","dateModified":"2018-07-06T09:24:01+00:00","description":"travianet slu\u017eby sahaj\u00ed od profesion\u00e1ln\u00edho centra slu\u017eeb pro cestov\u00e1n\u00ed p\u0159es rezerva\u010dn\u00ed technologie pro cestovn\u00ed port\u00e1ly a\u017e po technickou podporu","breadcrumb":{"@id":"https:\/\/www.travianet.de\/cs\/nase-sluzby\/#breadcrumb"},"inLanguage":"cs","potentialAction":[{"@type":"ReadAction","target":["https:\/\/www.travianet.de\/cs\/nase-sluzby\/"]}]},{"@type":"BreadcrumbList","@id":"https:\/\/www.travianet.de\/cs\/nase-sluzby\/#breadcrumb","itemListElement":[{"@type":"ListItem","position":1,"name":"Startseite","item":"https:\/\/www.travianet.de\/cs\/"},{"@type":"ListItem","position":2,"name":"Na\u0161e slu\u017eby"}]},{"@type":"WebSite","@id":"https:\/\/www.travianet.de\/#website","url":"https:\/\/www.travianet.de\/","name":"travianet","description":"Die Nummer Eins wenn es um Reisepartnerprogramme geht","publisher":{"@id":"https:\/\/www.travianet.de\/#organization"},"potentialAction":[{"@type":"SearchAction","target":{"@type":"EntryPoint","urlTemplate":"https:\/\/www.travianet.de\/?s={search_term_string}"},"query-input":{"@type":"PropertyValueSpecification","valueRequired":true,"valueName":"search_term_string"}}],"inLanguage":"cs"},{"@type":"Organization","@id":"https:\/\/www.travianet.de\/#organization","name":"travianet GmbH","url":"https:\/\/www.travianet.de\/","logo":{"@type":"ImageObject","inLanguage":"cs","@id":"https:\/\/www.travianet.de\/#\/schema\/logo\/image\/","url":"https:\/\/www.travianet.de\/wp-content\/uploads\/2017\/06\/travianetLogo.png","contentUrl":"https:\/\/www.travianet.de\/wp-content\/uploads\/2017\/06\/travianetLogo.png","width":426,"height":80,"caption":"travianet GmbH"},"image":{"@id":"https:\/\/www.travianet.de\/#\/schema\/logo\/image\/"},"sameAs":["https:\/\/x.com\/travianet","https:\/\/www.linkedin.com\/company-beta\/1138881\/"]}]}},"_links":{"self":[{"href":"https:\/\/www.travianet.de\/cs\/wp-json\/wp\/v2\/pages\/33160","targetHints":{"allow":["GET"]}}],"collection":[{"href":"https:\/\/www.travianet.de\/cs\/wp-json\/wp\/v2\/pages"}],"about":[{"href":"https:\/\/www.travianet.de\/cs\/wp-json\/wp\/v2\/types\/page"}],"author":[{"embeddable":true,"href":"https:\/\/www.travianet.de\/cs\/wp-json\/wp\/v2\/users\/4"}],"replies":[{"embeddable":true,"href":"https:\/\/www.travianet.de\/cs\/wp-json\/wp\/v2\/comments?post=33160"}],"version-history":[{"count":15,"href":"https:\/\/www.travianet.de\/cs\/wp-json\/wp\/v2\/pages\/33160\/revisions"}],"predecessor-version":[{"id":33855,"href":"https:\/\/www.travianet.de\/cs\/wp-json\/wp\/v2\/pages\/33160\/revisions\/33855"}],"wp:attachment":[{"href":"https:\/\/www.travianet.de\/cs\/wp-json\/wp\/v2\/media?parent=33160"}],"curies":[{"name":"wp","href":"https:\/\/api.w.org\/{rel}","templated":true}]}}