{"id":32843,"date":"2018-05-06T13:35:34","date_gmt":"2018-05-06T11:35:34","guid":{"rendered":"https:\/\/www.travianet.de\/turiste\/"},"modified":"2018-06-05T10:47:34","modified_gmt":"2018-06-05T08:47:34","slug":"turiste","status":"publish","type":"page","link":"https:\/\/www.travianet.de\/cs\/turiste\/","title":{"rendered":"Turist\u00e9"},"content":{"rendered":"<p>[et_pb_section bb_built=&#8220;1&#8243; admin_label=&#8220;section&#8220; background_image=&#8220;https:\/\/www.travianet.de\/wp-content\/uploads\/2017\/01\/HeaderBoardwalk.jpg&#8220; background_video_mp4=&#8220;https:\/\/www.travianet.de\/wp-content\/uploads\/2017\/04\/iStock-482883225.mp4&#8243; background_video_webm=&#8220;https:\/\/www.travianet.de\/wp-content\/uploads\/2017\/04\/iStock-482883225.webm&#8220; background_video_width=&#8220;640&#8243; background_video_height=&#8220;360&#8243; custom_padding=&#8220;400px||400px|&#8220; transparent_background=&#8220;off&#8220; allow_player_pause=&#8220;off&#8220; inner_shadow=&#8220;off&#8220; parallax=&#8220;off&#8220; parallax_method=&#8220;on&#8220; make_fullwidth=&#8220;off&#8220; use_custom_width=&#8220;off&#8220; width_unit=&#8220;on&#8220; make_equal=&#8220;off&#8220; use_custom_gutter=&#8220;off&#8220;][et_pb_row admin_label=&#8220;row&#8220; custom_padding=&#8220;0px||0px|&#8220; parallax_method_1=&#8220;off&#8220;][et_pb_column type=&#8220;4_4&#8243;][\/et_pb_column][\/et_pb_row][\/et_pb_section][et_pb_section bb_built=&#8220;1&#8243; admin_label=&#8220;Section&#8220;][et_pb_row admin_label=&#8220;Row&#8220; custom_width_px=&#8220;780px&#8220; custom_padding=&#8220;|||&#8220; padding_mobile=&#8220;on&#8220; column_padding_mobile=&#8220;on&#8220; parallax_method_1=&#8220;off&#8220;][et_pb_column type=&#8220;4_4&#8243;][et_pb_text admin_label=&#8220;travianet. Und die Reise kann beginnen.&#8220; text_orientation=&#8220;center&#8220; header_font_size=&#8220;42px&#8220; header_text_color=&#8220;#2b82b1&#8243;]<\/p>\n<h1>travianet. Postar\u00e1me se o Va\u0161\u00ed dovolenou<\/h1>\n<p>[\/et_pb_text][et_pb_text admin_label=&#8220;Text&#8220; text_orientation=&#8220;center&#8220; text_font=&#8220;Roboto Light||||&#8220; text_font_size=&#8220;20px&#8220; text_line_height=&#8220;1.5em&#8220; custom_margin=&#8220;|||&#8220;] Jsme velk\u00e1 cestovn\u00ed agentura s t\u00e9m\u011b\u0159 20letou prax\u00ed a jako specializovan\u00fd poskytovatel slu\u017eeb pro online cestovatelsk\u00e9 port\u00e1ly za V\u00e1s p\u0159evezmeme spr\u00e1vu objedn\u00e1vek. Va\u0161e objedn\u00e1vka je u n\u00e1s v t\u011bch nejlep\u0161\u00edch rukou. [\/et_pb_text][et_pb_text admin_label=&#8220;Text&#8220; text_orientation=&#8220;center&#8220; text_font=&#8220;Roboto Light||||&#8220; text_font_size=&#8220;20px&#8220; text_line_height=&#8220;1.5em&#8220; custom_margin=&#8220;|||&#8220;]<\/p>\n<h1>Nab\u00edz\u00edme<\/h1>\n<p>[\/et_pb_text][\/et_pb_column][\/et_pb_row][et_pb_row admin_label=&#8220;Row&#8220; custom_padding=&#8220;|||&#8220; padding_mobile=&#8220;on&#8220; column_padding_mobile=&#8220;on&#8220; parallax_method_1=&#8220;off&#8220; parallax_method_2=&#8220;off&#8220; parallax_method_3=&#8220;off&#8220; parallax_method_4=&#8220;off&#8220;][et_pb_column type=&#8220;1_4&#8243;][et_pb_blurb admin_label=&#8220;Informationstext&#8220; title=&#8220;365 dn\u00ed&#8220; use_icon=&#8220;on&#8220; font_icon=&#8220;%%128%%&#8220; text_orientation=&#8220;center&#8220; header_font=&#8220;|on|||&#8220; header_font_size=&#8220;24px&#8220; header_text_color=&#8220;#2b82b1&#8243;] v roce, p\u0159es 90 hodin t\u00fddn\u011b, pro V\u00e1s m\u00e1me otev\u0159eno a r\u00e1di V\u00e1m poskytneme komplexn\u00ed informace \u2013 i v ned\u011bli a o sv\u00e1tc\u00edch [\/et_pb_blurb][\/et_pb_column][et_pb_column type=&#8220;1_4&#8243;][et_pb_blurb admin_label=&#8220;Informationstext&#8220; title=&#8220;Nab\u00eddka cestovn\u00edch slu\u017eeb&#8220; use_icon=&#8220;on&#8220; font_icon=&#8220;%%114%%&#8220; text_orientation=&#8220;center&#8220; header_font=&#8220;|on|||&#8220; header_font_size=&#8220;24px&#8220; header_text_color=&#8220;#2b82b1&#8243;] V\u0161echny nab\u00eddky od v\u00edce ne\u017e 120 renomovan\u00fdch cestovn\u00edch agentur, kancel\u00e1\u0159\u00ed a lodn\u00edch spole\u010dnost\u00ed [\/et_pb_blurb][\/et_pb_column][et_pb_column type=&#8220;1_4&#8243;][et_pb_blurb admin_label=&#8220;Informationstext&#8220; title=&#8220;V\u00fdb\u011br&#8220; use_icon=&#8220;on&#8220; font_icon=&#8220;%%151%%&#8220; text_orientation=&#8220;center&#8220; header_font=&#8220;|on|||&#8220; header_font_size=&#8220;24px&#8220; header_text_color=&#8220;#2b82b1&#8243;] Mnohem v\u011bt\u0161\u00ed v\u00fdb\u011br ne\u017e v\u011bt\u0161ina klasick\u00fdch cestovn\u00edch kancel\u00e1\u0159\u00ed [\/et_pb_blurb][\/et_pb_column][et_pb_column type=&#8220;1_4&#8243;][et_pb_blurb admin_label=&#8220;Informationstext&#8220; title=&#8220;T\u00fdm&#8220; use_icon=&#8220;on&#8220; font_icon=&#8220;%%257%%&#8220; text_orientation=&#8220;center&#8220; header_font=&#8220;|on|||&#8220; header_font_size=&#8220;24px&#8220; header_text_color=&#8220;#2b82b1&#8243;] Po\u010detn\u00fd t\u00fdm vzd\u011blan\u00fdch, pro\u0161kolen\u00fdch a P\u0158\u00c1TELSK\u00ddCH zam\u011bstnanc\u016f [\/et_pb_blurb][\/et_pb_column][\/et_pb_row][et_pb_row admin_label=&#8220;Zeile&#8220;][et_pb_column type=&#8220;4_4&#8243;][et_pb_text admin_label=&#8220;Text&#8220; text_orientation=&#8220;center&#8220; text_font=&#8220;Roboto Light||||&#8220; text_font_size=&#8220;20px&#8220; text_line_height=&#8220;1.5em&#8220; custom_margin=&#8220;|||&#8220;]<\/p>\n<p><span style=\"font-size: small;\">Upozorn\u011bn\u00ed: Rezervace cest jsou mo\u017en\u00e9 pouze prost\u0159ednictv\u00edm na\u0161ich partnersk\u00fdch spole\u010dnost\u00ed<\/span><\/p>\n<p>[\/et_pb_text][\/et_pb_column][\/et_pb_row][\/et_pb_section]<\/p>\n","protected":false},"excerpt":{"rendered":"<p>travianet. Postar\u00e1me se o Va\u0161\u00ed dovolenou Jsme velk\u00e1 cestovn\u00ed agentura s t\u00e9m\u011b\u0159 20letou prax\u00ed a jako specializovan\u00fd poskytovatel slu\u017eeb pro online cestovatelsk\u00e9 port\u00e1ly za V\u00e1s p\u0159evezmeme spr\u00e1vu objedn\u00e1vek. Va\u0161e objedn\u00e1vka je u n\u00e1s v t\u011bch nejlep\u0161\u00edch rukou. Nab\u00edz\u00edme v roce, p\u0159es 90 hodin t\u00fddn\u011b, pro V\u00e1s m\u00e1me otev\u0159eno a r\u00e1di V\u00e1m poskytneme komplexn\u00ed informace \u2013 [&hellip;]<\/p>\n","protected":false},"author":4,"featured_media":0,"parent":0,"menu_order":0,"comment_status":"closed","ping_status":"closed","template":"","meta":{"_et_pb_use_builder":"on","_et_pb_old_content":"","_et_gb_content_width":"","footnotes":""},"class_list":["post-32843","page","type-page","status-publish","hentry"],"yoast_head":"<!-- This site is optimized with the Yoast SEO plugin v27.5 - https:\/\/yoast.com\/product\/yoast-seo-wordpress\/ -->\n<title>\u2605 travianet: Va\u0161e dovolen\u00e1 v rukou profesion\u00e1l\u016f \u2605<\/title>\n<meta name=\"description\" content=\"Zarezervovali jste si dovolenou p\u0159es online port\u00e1l? travianet je v\u00fdznamn\u00fd poskytovatel cestovn\u00edch slu\u017eeb, kter\u00fd se o Va\u0161i objedn\u00e1vku postar\u00e1 \u2794 travianet: dovolen\u00e1 od profesion\u00e1l\u016f\" \/>\n<meta name=\"robots\" content=\"index, follow, max-snippet:-1, max-image-preview:large, max-video-preview:-1\" \/>\n<link rel=\"canonical\" href=\"https:\/\/www.travianet.de\/cs\/turiste\/\" \/>\n<meta property=\"og:locale\" content=\"cs_CZ\" \/>\n<meta property=\"og:type\" content=\"article\" \/>\n<meta property=\"og:title\" content=\"\u2605 travianet: Va\u0161e dovolen\u00e1 v rukou profesion\u00e1l\u016f \u2605\" \/>\n<meta property=\"og:description\" content=\"Zarezervovali jste si dovolenou p\u0159es online port\u00e1l? travianet je v\u00fdznamn\u00fd poskytovatel cestovn\u00edch slu\u017eeb, kter\u00fd se o Va\u0161i objedn\u00e1vku postar\u00e1 \u2794 travianet: dovolen\u00e1 od profesion\u00e1l\u016f\" \/>\n<meta property=\"og:url\" content=\"https:\/\/www.travianet.de\/cs\/turiste\/\" \/>\n<meta property=\"og:site_name\" content=\"travianet\" \/>\n<meta property=\"article:modified_time\" content=\"2018-06-05T08:47:34+00:00\" \/>\n<meta name=\"twitter:card\" content=\"summary_large_image\" \/>\n<meta name=\"twitter:site\" content=\"@travianet\" \/>\n<meta name=\"twitter:label1\" content=\"Odhadovan\u00e1 doba \u010dten\u00ed\" \/>\n\t<meta name=\"twitter:data1\" content=\"3 minuty\" \/>\n<script type=\"application\/ld+json\" class=\"yoast-schema-graph\">{\"@context\":\"https:\\\/\\\/schema.org\",\"@graph\":[{\"@type\":\"WebPage\",\"@id\":\"https:\\\/\\\/www.travianet.de\\\/cs\\\/turiste\\\/\",\"url\":\"https:\\\/\\\/www.travianet.de\\\/cs\\\/turiste\\\/\",\"name\":\"\u2605 travianet: Va\u0161e dovolen\u00e1 v rukou profesion\u00e1l\u016f \u2605\",\"isPartOf\":{\"@id\":\"https:\\\/\\\/www.travianet.de\\\/#website\"},\"datePublished\":\"2018-05-06T11:35:34+00:00\",\"dateModified\":\"2018-06-05T08:47:34+00:00\",\"description\":\"Zarezervovali jste si dovolenou p\u0159es online port\u00e1l? travianet je v\u00fdznamn\u00fd poskytovatel cestovn\u00edch slu\u017eeb, kter\u00fd se o Va\u0161i objedn\u00e1vku postar\u00e1 \u2794 travianet: dovolen\u00e1 od profesion\u00e1l\u016f\",\"breadcrumb\":{\"@id\":\"https:\\\/\\\/www.travianet.de\\\/cs\\\/turiste\\\/#breadcrumb\"},\"inLanguage\":\"cs\",\"potentialAction\":[{\"@type\":\"ReadAction\",\"target\":[\"https:\\\/\\\/www.travianet.de\\\/cs\\\/turiste\\\/\"]}]},{\"@type\":\"BreadcrumbList\",\"@id\":\"https:\\\/\\\/www.travianet.de\\\/cs\\\/turiste\\\/#breadcrumb\",\"itemListElement\":[{\"@type\":\"ListItem\",\"position\":1,\"name\":\"Startseite\",\"item\":\"https:\\\/\\\/www.travianet.de\\\/cs\\\/\"},{\"@type\":\"ListItem\",\"position\":2,\"name\":\"Turist\u00e9\"}]},{\"@type\":\"WebSite\",\"@id\":\"https:\\\/\\\/www.travianet.de\\\/#website\",\"url\":\"https:\\\/\\\/www.travianet.de\\\/\",\"name\":\"travianet\",\"description\":\"Die Nummer Eins wenn es um Reisepartnerprogramme geht\",\"publisher\":{\"@id\":\"https:\\\/\\\/www.travianet.de\\\/#organization\"},\"potentialAction\":[{\"@type\":\"SearchAction\",\"target\":{\"@type\":\"EntryPoint\",\"urlTemplate\":\"https:\\\/\\\/www.travianet.de\\\/?s={search_term_string}\"},\"query-input\":{\"@type\":\"PropertyValueSpecification\",\"valueRequired\":true,\"valueName\":\"search_term_string\"}}],\"inLanguage\":\"cs\"},{\"@type\":\"Organization\",\"@id\":\"https:\\\/\\\/www.travianet.de\\\/#organization\",\"name\":\"travianet GmbH\",\"url\":\"https:\\\/\\\/www.travianet.de\\\/\",\"logo\":{\"@type\":\"ImageObject\",\"inLanguage\":\"cs\",\"@id\":\"https:\\\/\\\/www.travianet.de\\\/#\\\/schema\\\/logo\\\/image\\\/\",\"url\":\"https:\\\/\\\/www.travianet.de\\\/wp-content\\\/uploads\\\/2017\\\/06\\\/travianetLogo.png\",\"contentUrl\":\"https:\\\/\\\/www.travianet.de\\\/wp-content\\\/uploads\\\/2017\\\/06\\\/travianetLogo.png\",\"width\":426,\"height\":80,\"caption\":\"travianet GmbH\"},\"image\":{\"@id\":\"https:\\\/\\\/www.travianet.de\\\/#\\\/schema\\\/logo\\\/image\\\/\"},\"sameAs\":[\"https:\\\/\\\/x.com\\\/travianet\",\"https:\\\/\\\/www.linkedin.com\\\/company-beta\\\/1138881\\\/\"]}]}<\/script>\n<!-- \/ Yoast SEO plugin. -->","yoast_head_json":{"title":"\u2605 travianet: Va\u0161e dovolen\u00e1 v rukou profesion\u00e1l\u016f \u2605","description":"Zarezervovali jste si dovolenou p\u0159es online port\u00e1l? travianet je v\u00fdznamn\u00fd poskytovatel cestovn\u00edch slu\u017eeb, kter\u00fd se o Va\u0161i objedn\u00e1vku postar\u00e1 \u2794 travianet: dovolen\u00e1 od profesion\u00e1l\u016f","robots":{"index":"index","follow":"follow","max-snippet":"max-snippet:-1","max-image-preview":"max-image-preview:large","max-video-preview":"max-video-preview:-1"},"canonical":"https:\/\/www.travianet.de\/cs\/turiste\/","og_locale":"cs_CZ","og_type":"article","og_title":"\u2605 travianet: Va\u0161e dovolen\u00e1 v rukou profesion\u00e1l\u016f \u2605","og_description":"Zarezervovali jste si dovolenou p\u0159es online port\u00e1l? travianet je v\u00fdznamn\u00fd poskytovatel cestovn\u00edch slu\u017eeb, kter\u00fd se o Va\u0161i objedn\u00e1vku postar\u00e1 \u2794 travianet: dovolen\u00e1 od profesion\u00e1l\u016f","og_url":"https:\/\/www.travianet.de\/cs\/turiste\/","og_site_name":"travianet","article_modified_time":"2018-06-05T08:47:34+00:00","twitter_card":"summary_large_image","twitter_site":"@travianet","twitter_misc":{"Odhadovan\u00e1 doba \u010dten\u00ed":"3 minuty"},"schema":{"@context":"https:\/\/schema.org","@graph":[{"@type":"WebPage","@id":"https:\/\/www.travianet.de\/cs\/turiste\/","url":"https:\/\/www.travianet.de\/cs\/turiste\/","name":"\u2605 travianet: Va\u0161e dovolen\u00e1 v rukou profesion\u00e1l\u016f \u2605","isPartOf":{"@id":"https:\/\/www.travianet.de\/#website"},"datePublished":"2018-05-06T11:35:34+00:00","dateModified":"2018-06-05T08:47:34+00:00","description":"Zarezervovali jste si dovolenou p\u0159es online port\u00e1l? travianet je v\u00fdznamn\u00fd poskytovatel cestovn\u00edch slu\u017eeb, kter\u00fd se o Va\u0161i objedn\u00e1vku postar\u00e1 \u2794 travianet: dovolen\u00e1 od profesion\u00e1l\u016f","breadcrumb":{"@id":"https:\/\/www.travianet.de\/cs\/turiste\/#breadcrumb"},"inLanguage":"cs","potentialAction":[{"@type":"ReadAction","target":["https:\/\/www.travianet.de\/cs\/turiste\/"]}]},{"@type":"BreadcrumbList","@id":"https:\/\/www.travianet.de\/cs\/turiste\/#breadcrumb","itemListElement":[{"@type":"ListItem","position":1,"name":"Startseite","item":"https:\/\/www.travianet.de\/cs\/"},{"@type":"ListItem","position":2,"name":"Turist\u00e9"}]},{"@type":"WebSite","@id":"https:\/\/www.travianet.de\/#website","url":"https:\/\/www.travianet.de\/","name":"travianet","description":"Die Nummer Eins wenn es um Reisepartnerprogramme geht","publisher":{"@id":"https:\/\/www.travianet.de\/#organization"},"potentialAction":[{"@type":"SearchAction","target":{"@type":"EntryPoint","urlTemplate":"https:\/\/www.travianet.de\/?s={search_term_string}"},"query-input":{"@type":"PropertyValueSpecification","valueRequired":true,"valueName":"search_term_string"}}],"inLanguage":"cs"},{"@type":"Organization","@id":"https:\/\/www.travianet.de\/#organization","name":"travianet GmbH","url":"https:\/\/www.travianet.de\/","logo":{"@type":"ImageObject","inLanguage":"cs","@id":"https:\/\/www.travianet.de\/#\/schema\/logo\/image\/","url":"https:\/\/www.travianet.de\/wp-content\/uploads\/2017\/06\/travianetLogo.png","contentUrl":"https:\/\/www.travianet.de\/wp-content\/uploads\/2017\/06\/travianetLogo.png","width":426,"height":80,"caption":"travianet GmbH"},"image":{"@id":"https:\/\/www.travianet.de\/#\/schema\/logo\/image\/"},"sameAs":["https:\/\/x.com\/travianet","https:\/\/www.linkedin.com\/company-beta\/1138881\/"]}]}},"_links":{"self":[{"href":"https:\/\/www.travianet.de\/cs\/wp-json\/wp\/v2\/pages\/32843","targetHints":{"allow":["GET"]}}],"collection":[{"href":"https:\/\/www.travianet.de\/cs\/wp-json\/wp\/v2\/pages"}],"about":[{"href":"https:\/\/www.travianet.de\/cs\/wp-json\/wp\/v2\/types\/page"}],"author":[{"embeddable":true,"href":"https:\/\/www.travianet.de\/cs\/wp-json\/wp\/v2\/users\/4"}],"replies":[{"embeddable":true,"href":"https:\/\/www.travianet.de\/cs\/wp-json\/wp\/v2\/comments?post=32843"}],"version-history":[{"count":15,"href":"https:\/\/www.travianet.de\/cs\/wp-json\/wp\/v2\/pages\/32843\/revisions"}],"predecessor-version":[{"id":33685,"href":"https:\/\/www.travianet.de\/cs\/wp-json\/wp\/v2\/pages\/32843\/revisions\/33685"}],"wp:attachment":[{"href":"https:\/\/www.travianet.de\/cs\/wp-json\/wp\/v2\/media?parent=32843"}],"curies":[{"name":"wp","href":"https:\/\/api.w.org\/{rel}","templated":true}]}}