{"id":32825,"date":"2018-04-30T18:49:47","date_gmt":"2018-04-30T16:49:47","guid":{"rendered":"https:\/\/www.travianet.de\/nase-reseni\/"},"modified":"2019-12-20T08:22:59","modified_gmt":"2019-12-20T07:22:59","slug":"nase-reseni","status":"publish","type":"page","link":"https:\/\/www.travianet.de\/cs\/nase-reseni\/","title":{"rendered":"Na\u0161e \u0159e\u0161en\u00ed"},"content":{"rendered":"<p>[et_pb_section fb_built=&#8220;1&#8243; admin_label=&#8220;section&#8220; _builder_version=&#8220;3.20.2&#8243; background_image=&#8220;https:\/\/www.travianet.de\/wp-content\/uploads\/2019\/03\/HeaderIdee.jpg&#8220; custom_padding=&#8220;240px||240px|&#8220;][et_pb_row custom_padding=&#8220;0px||0px|&#8220; admin_label=&#8220;row&#8220; _builder_version=&#8220;3.0.47&#8243; background_size=&#8220;initial&#8220; background_position=&#8220;top_left&#8220; background_repeat=&#8220;repeat&#8220;][et_pb_column type=&#8220;4_4&#8243; _builder_version=&#8220;3.0.47&#8243;][\/et_pb_column][\/et_pb_row][\/et_pb_section][et_pb_section fb_built=&#8220;1&#8243; admin_label=&#8220;Section&#8220; _builder_version=&#8220;3.0.47&#8243; custom_padding=&#8220;||100px|&#8220;][et_pb_row custom_width_px=&#8220;780px&#8220; custom_padding=&#8220;|||&#8220; padding_mobile=&#8220;on&#8220; column_padding_mobile=&#8220;on&#8220; parallax_method_1=&#8220;off&#8220; admin_label=&#8220;Row&#8220; _builder_version=&#8220;3.0.47&#8243; background_size=&#8220;initial&#8220; background_position=&#8220;top_left&#8220; background_repeat=&#8220;repeat&#8220;][et_pb_column type=&#8220;4_4&#8243; _builder_version=&#8220;3.0.47&#8243;][et_pb_text admin_label=&#8220;Reise gut. Alles gut. Mit travianet.&#8220; _builder_version=&#8220;3.0.74&#8243; header_text_color=&#8220;#2b82b1&#8243; header_font_size=&#8220;42px&#8220; header_font_size_phone=&#8220;30px&#8220; header_font_size_last_edited=&#8220;on|phone&#8220; background_size=&#8220;initial&#8220; background_position=&#8220;top_left&#8220; background_repeat=&#8220;repeat&#8220; text_orientation=&#8220;center&#8220; module_alignment=&#8220;center&#8220;]<\/p>\n<h1>Reise gut. Alles gut. Mit travianet.<\/h1>\n<p>[\/et_pb_text][et_pb_text _builder_version=&#8220;3.0.74&#8243; text_font=&#8220;Roboto Light||||&#8220; text_font_size=&#8220;20px&#8220; text_line_height=&#8220;1.5em&#8220; background_size=&#8220;initial&#8220; background_position=&#8220;top_left&#8220; background_repeat=&#8220;repeat&#8220; text_orientation=&#8220;center&#8220; module_alignment=&#8220;center&#8220; custom_margin=&#8220;|||&#8220;]L\u00f6sungen &#038; Leistungen[\/et_pb_text][\/et_pb_column][\/et_pb_row][et_pb_row custom_padding=&#8220;|30px||30px&#8220; column_padding_mobile=&#8220;on&#8220; parallax_method_1=&#8220;off&#8220; parallax_method_2=&#8220;off&#8220; parallax_method_3=&#8220;off&#8220; parallax_method_4=&#8220;off&#8220; admin_label=&#8220;Row&#8220; module_class=&#8220;et_pb_animation_right et-animated et-waypoint&#8220; _builder_version=&#8220;3.0.47&#8243; background_color=&#8220;rgba(43,130,177,0.2)&#8220; background_size=&#8220;initial&#8220; background_position=&#8220;top_left&#8220; background_repeat=&#8220;repeat&#8220;][et_pb_column type=&#8220;4_4&#8243; _builder_version=&#8220;3.0.47&#8243;][et_pb_text admin_label=&#8220;F\u00fcr Reiseunternehmen&#8220; _builder_version=&#8220;3.0.74&#8243; header_text_color=&#8220;#2b82b1&#8243; header_font_size=&#8220;40px&#8220; header_font_size_phone=&#8220;30px&#8220; header_font_size_last_edited=&#8220;on|phone&#8220; header_line_height=&#8220;1.5em&#8220; background_size=&#8220;initial&#8220; background_position=&#8220;top_left&#8220; background_repeat=&#8220;repeat&#8220; custom_margin=&#8220;|||&#8220;]<\/p>\n<h1 style=\"text-align: center;\">F\u00fcr Reiseunternehmen<\/h1>\n<p style=\"text-align: center;\">Mit unseren L\u00f6sungen und Leistungen erleichtern wir Reiseunternehmen die Arbeit, erh\u00f6hen ihre Servicequalit\u00e4t und sorgen f\u00fcr mehr Wirtschaftlichkeit in den Abl\u00e4ufen. Mit unserem Partnerprogramm er\u00f6ffnen wir au\u00dferdem zus\u00e4tzliche Einnahmequellen.<\/p>\n<p>[\/et_pb_text][et_pb_button button_url=&#8220;https:\/\/www.travianet.de\/cs\/nase-reseni\/cestovni-kancelar\/&#8220; button_text=&#8220;Dal\u0161\u00ed podrobnosti&#8220; button_alignment=&#8220;center&#8220; _builder_version=&#8220;3.16&#8243; custom_button=&#8220;on&#8220; button_text_color_hover=&#8220;#ffffff&#8220; button_border_color_hover=&#8220;#2b82b1&#8243; button_bg_color_hover=&#8220;#2b82b1&#8243; button_text_size__hover_enabled=&#8220;off&#8220; button_one_text_size__hover_enabled=&#8220;off&#8220; button_two_text_size__hover_enabled=&#8220;off&#8220; button_text_color__hover_enabled=&#8220;on&#8220; button_text_color__hover=&#8220;#ffffff&#8220; button_one_text_color__hover_enabled=&#8220;off&#8220; button_two_text_color__hover_enabled=&#8220;off&#8220; button_border_width__hover_enabled=&#8220;off&#8220; button_one_border_width__hover_enabled=&#8220;off&#8220; button_two_border_width__hover_enabled=&#8220;off&#8220; button_border_color__hover_enabled=&#8220;on&#8220; button_border_color__hover=&#8220;#2b82b1&#8243; button_one_border_color__hover_enabled=&#8220;off&#8220; button_two_border_color__hover_enabled=&#8220;off&#8220; button_border_radius__hover_enabled=&#8220;off&#8220; button_one_border_radius__hover_enabled=&#8220;off&#8220; button_two_border_radius__hover_enabled=&#8220;off&#8220; button_letter_spacing__hover_enabled=&#8220;off&#8220; button_one_letter_spacing__hover_enabled=&#8220;off&#8220; button_two_letter_spacing__hover_enabled=&#8220;off&#8220; button_bg_color__hover_enabled=&#8220;on&#8220; button_bg_color__hover=&#8220;#2b82b1&#8243; button_one_bg_color__hover_enabled=&#8220;off&#8220; button_two_bg_color__hover_enabled=&#8220;off&#8220;][\/et_pb_button][\/et_pb_column][\/et_pb_row][et_pb_row custom_padding=&#8220;|30px||30px&#8220; custom_margin=&#8220;50px||50px|&#8220; column_padding_mobile=&#8220;on&#8220; parallax_method_1=&#8220;off&#8220; parallax_method_2=&#8220;off&#8220; parallax_method_3=&#8220;off&#8220; parallax_method_4=&#8220;off&#8220; admin_label=&#8220;Row&#8220; module_class=&#8220;et_pb_animation_right et-animated et-waypoint&#8220; _builder_version=&#8220;3.0.51&#8243; background_color=&#8220;rgba(43,130,177,0.15)&#8220; background_size=&#8220;initial&#8220; background_position=&#8220;top_left&#8220; background_repeat=&#8220;repeat&#8220;][et_pb_column type=&#8220;4_4&#8243; _builder_version=&#8220;3.0.47&#8243;][et_pb_text admin_label=&#8220;F\u00fcr Firmen, Vereine und Organisationen&#8220; _builder_version=&#8220;3.0.74&#8243; header_text_color=&#8220;#2b82b1&#8243; header_font_size=&#8220;40px&#8220; header_font_size_phone=&#8220;30px&#8220; header_font_size_last_edited=&#8220;on|phone&#8220; header_line_height=&#8220;1.5em&#8220; background_size=&#8220;initial&#8220; background_position=&#8220;top_left&#8220; background_repeat=&#8220;repeat&#8220; custom_margin=&#8220;|||&#8220;]<\/p>\n<h1 style=\"text-align: center;\">F\u00fcr Firmen, Vereine und Organisationen<\/h1>\n<p style=\"text-align: center;\">Wir er\u00f6ffnen Ihnen die M\u00f6glichkeit, Mehrwerte und Anreize f\u00fcr Kunden und Mitarbeiter zu schaffen. Das kostet Sie wenig bis nichts, sorgt f\u00fcr ein positives Image und bringt \u2013 clever realisiert \u2013 sogar zus\u00e4tzliche Einnahmen.<\/p>\n<p>[\/et_pb_text][et_pb_button button_url=&#8220;https:\/\/www.travianet.de\/cs\/nase-reseni\/profesional-v-oblasti-cestovniho-ruchu\/&#8220; button_text=&#8220;Dal\u0161\u00ed podrobnosti&#8220; button_alignment=&#8220;center&#8220; _builder_version=&#8220;3.16&#8243; custom_button=&#8220;on&#8220; button_text_color_hover=&#8220;#ffffff&#8220; button_border_color_hover=&#8220;#2b82b1&#8243; button_bg_color_hover=&#8220;#2b82b1&#8243; button_text_size__hover_enabled=&#8220;off&#8220; button_one_text_size__hover_enabled=&#8220;off&#8220; button_two_text_size__hover_enabled=&#8220;off&#8220; button_text_color__hover_enabled=&#8220;on&#8220; button_text_color__hover=&#8220;#ffffff&#8220; button_one_text_color__hover_enabled=&#8220;off&#8220; button_two_text_color__hover_enabled=&#8220;off&#8220; button_border_width__hover_enabled=&#8220;off&#8220; button_one_border_width__hover_enabled=&#8220;off&#8220; button_two_border_width__hover_enabled=&#8220;off&#8220; button_border_color__hover_enabled=&#8220;on&#8220; button_border_color__hover=&#8220;#2b82b1&#8243; button_one_border_color__hover_enabled=&#8220;off&#8220; button_two_border_color__hover_enabled=&#8220;off&#8220; button_border_radius__hover_enabled=&#8220;off&#8220; button_one_border_radius__hover_enabled=&#8220;off&#8220; button_two_border_radius__hover_enabled=&#8220;off&#8220; button_letter_spacing__hover_enabled=&#8220;off&#8220; button_one_letter_spacing__hover_enabled=&#8220;off&#8220; button_two_letter_spacing__hover_enabled=&#8220;off&#8220; button_bg_color__hover_enabled=&#8220;on&#8220; button_bg_color__hover=&#8220;#2b82b1&#8243; button_one_bg_color__hover_enabled=&#8220;off&#8220; button_two_bg_color__hover_enabled=&#8220;off&#8220;][\/et_pb_button][\/et_pb_column][\/et_pb_row][et_pb_row custom_padding=&#8220;|30px||30px&#8220; custom_margin=&#8220;50px||50px|&#8220; column_padding_mobile=&#8220;on&#8220; parallax_method_1=&#8220;off&#8220; parallax_method_2=&#8220;off&#8220; parallax_method_3=&#8220;off&#8220; parallax_method_4=&#8220;off&#8220; admin_label=&#8220;Row&#8220; module_class=&#8220;et_pb_animation_right et-animated et-waypoint&#8220; _builder_version=&#8220;3.0.51&#8243; background_color=&#8220;rgba(43,130,177,0.1)&#8220; background_size=&#8220;initial&#8220; background_position=&#8220;top_left&#8220; background_repeat=&#8220;repeat&#8220;][et_pb_column type=&#8220;4_4&#8243; _builder_version=&#8220;3.0.47&#8243;][et_pb_text admin_label=&#8220;F\u00fcr Reise-Enthusiasten &#038; Blogger&#8220; _builder_version=&#8220;3.0.74&#8243; header_text_color=&#8220;#2b82b1&#8243; header_font_size=&#8220;40px&#8220; header_font_size_phone=&#8220;30px&#8220; header_font_size_last_edited=&#8220;on|phone&#8220; header_line_height=&#8220;1.5em&#8220; background_size=&#8220;initial&#8220; background_position=&#8220;top_left&#8220; background_repeat=&#8220;repeat&#8220; custom_margin=&#8220;|||&#8220;]<\/p>\n<h1 style=\"text-align: center;\">F\u00fcr Reise-Enthusiasten &#038; Blogger<\/h1>\n<p style=\"text-align: center;\">Wir erm\u00f6glichen Ihnen, mit dem, was sie am liebsten tun, Geld zu verdienen: Mit IHREN Reisen, Abenteuern, Erlebnissen und Geschichten dar\u00fcber. Wie das geht? Wir zeigen es Ihnen. Und k\u00fcmmern uns um alles, was Sie dazu brauchen.<\/p>\n<p>[\/et_pb_text][et_pb_button button_url=&#8220;https:\/\/www.travianet.de\/cs\/nase-reseni\/nadseni-cestovatele\/&#8220; button_text=&#8220;Dal\u0161\u00ed podrobnosti&#8220; button_alignment=&#8220;center&#8220; _builder_version=&#8220;3.16&#8243; custom_button=&#8220;on&#8220; button_text_color_hover=&#8220;#ffffff&#8220; button_border_color_hover=&#8220;#2b82b1&#8243; button_bg_color_hover=&#8220;#2b82b1&#8243; button_text_size__hover_enabled=&#8220;off&#8220; button_one_text_size__hover_enabled=&#8220;off&#8220; button_two_text_size__hover_enabled=&#8220;off&#8220; button_text_color__hover_enabled=&#8220;on&#8220; button_text_color__hover=&#8220;#ffffff&#8220; button_one_text_color__hover_enabled=&#8220;off&#8220; button_two_text_color__hover_enabled=&#8220;off&#8220; button_border_width__hover_enabled=&#8220;off&#8220; button_one_border_width__hover_enabled=&#8220;off&#8220; button_two_border_width__hover_enabled=&#8220;off&#8220; button_border_color__hover_enabled=&#8220;on&#8220; button_border_color__hover=&#8220;#2b82b1&#8243; button_one_border_color__hover_enabled=&#8220;off&#8220; button_two_border_color__hover_enabled=&#8220;off&#8220; button_border_radius__hover_enabled=&#8220;off&#8220; button_one_border_radius__hover_enabled=&#8220;off&#8220; button_two_border_radius__hover_enabled=&#8220;off&#8220; button_letter_spacing__hover_enabled=&#8220;off&#8220; button_one_letter_spacing__hover_enabled=&#8220;off&#8220; button_two_letter_spacing__hover_enabled=&#8220;off&#8220; button_bg_color__hover_enabled=&#8220;on&#8220; button_bg_color__hover=&#8220;#2b82b1&#8243; button_one_bg_color__hover_enabled=&#8220;off&#8220; button_two_bg_color__hover_enabled=&#8220;off&#8220;][\/et_pb_button][\/et_pb_column][\/et_pb_row][\/et_pb_section]<\/p>\n","protected":false},"excerpt":{"rendered":"<p>Reise gut. Alles gut. Mit travianet.L\u00f6sungen &#038; LeistungenF\u00fcr Reiseunternehmen Mit unseren L\u00f6sungen und Leistungen erleichtern wir Reiseunternehmen die Arbeit, erh\u00f6hen ihre Servicequalit\u00e4t und sorgen f\u00fcr mehr Wirtschaftlichkeit in den Abl\u00e4ufen. Mit unserem Partnerprogramm er\u00f6ffnen wir au\u00dferdem zus\u00e4tzliche Einnahmequellen.F\u00fcr Firmen, Vereine und Organisationen Wir er\u00f6ffnen Ihnen die M\u00f6glichkeit, Mehrwerte und Anreize f\u00fcr Kunden und Mitarbeiter zu [&hellip;]<\/p>\n","protected":false},"author":4,"featured_media":0,"parent":0,"menu_order":0,"comment_status":"closed","ping_status":"closed","template":"","meta":{"_et_pb_use_builder":"on","_et_pb_old_content":"","_et_gb_content_width":"","footnotes":""},"class_list":["post-32825","page","type-page","status-publish","hentry"],"yoast_head":"<!-- This site is optimized with the Yoast SEO plugin v27.5 - https:\/\/yoast.com\/product\/yoast-seo-wordpress\/ -->\n<title>\u0158e\u0161en\u00ed firmy travianet pro v\u0161echny milovn\u00edky cestov\u00e1n\u00ed a podnikatele<\/title>\n<meta name=\"description\" content=\"\u0158e\u0161en\u00ed firmy travianet pro v\u0161echny: cestovn\u00ed kancel\u00e1\u0159e, firmy a spolky, milovn\u00edky cestov\u00e1n\u00ed a bloggery \u2714 Volejte n\u00e1m na \u010d\u00edslo \u2706 0991\/29670\" \/>\n<meta name=\"robots\" content=\"index, follow, max-snippet:-1, max-image-preview:large, max-video-preview:-1\" \/>\n<link rel=\"canonical\" href=\"https:\/\/www.travianet.de\/cs\/nase-reseni\/\" \/>\n<meta property=\"og:locale\" content=\"cs_CZ\" \/>\n<meta property=\"og:type\" content=\"article\" \/>\n<meta property=\"og:title\" content=\"\u0158e\u0161en\u00ed firmy travianet pro v\u0161echny milovn\u00edky cestov\u00e1n\u00ed a podnikatele\" \/>\n<meta property=\"og:description\" content=\"\u0158e\u0161en\u00ed firmy travianet pro v\u0161echny: cestovn\u00ed kancel\u00e1\u0159e, firmy a spolky, milovn\u00edky cestov\u00e1n\u00ed a bloggery \u2714 Volejte n\u00e1m na \u010d\u00edslo \u2706 0991\/29670\" \/>\n<meta property=\"og:url\" content=\"https:\/\/www.travianet.de\/cs\/nase-reseni\/\" \/>\n<meta property=\"og:site_name\" content=\"travianet\" \/>\n<meta property=\"article:modified_time\" content=\"2019-12-20T07:22:59+00:00\" \/>\n<meta name=\"twitter:card\" content=\"summary_large_image\" \/>\n<meta name=\"twitter:site\" content=\"@travianet\" \/>\n<meta name=\"twitter:label1\" content=\"Odhadovan\u00e1 doba \u010dten\u00ed\" \/>\n\t<meta name=\"twitter:data1\" content=\"6 minut\" \/>\n<script type=\"application\/ld+json\" class=\"yoast-schema-graph\">{\"@context\":\"https:\\\/\\\/schema.org\",\"@graph\":[{\"@type\":\"WebPage\",\"@id\":\"https:\\\/\\\/www.travianet.de\\\/cs\\\/nase-reseni\\\/\",\"url\":\"https:\\\/\\\/www.travianet.de\\\/cs\\\/nase-reseni\\\/\",\"name\":\"\u0158e\u0161en\u00ed firmy travianet pro v\u0161echny milovn\u00edky cestov\u00e1n\u00ed a podnikatele\",\"isPartOf\":{\"@id\":\"https:\\\/\\\/www.travianet.de\\\/#website\"},\"datePublished\":\"2018-04-30T16:49:47+00:00\",\"dateModified\":\"2019-12-20T07:22:59+00:00\",\"description\":\"\u0158e\u0161en\u00ed firmy travianet pro v\u0161echny: cestovn\u00ed kancel\u00e1\u0159e, firmy a spolky, milovn\u00edky cestov\u00e1n\u00ed a bloggery \u2714 Volejte n\u00e1m na \u010d\u00edslo \u2706 0991\\\/29670\",\"breadcrumb\":{\"@id\":\"https:\\\/\\\/www.travianet.de\\\/cs\\\/nase-reseni\\\/#breadcrumb\"},\"inLanguage\":\"cs\",\"potentialAction\":[{\"@type\":\"ReadAction\",\"target\":[\"https:\\\/\\\/www.travianet.de\\\/cs\\\/nase-reseni\\\/\"]}]},{\"@type\":\"BreadcrumbList\",\"@id\":\"https:\\\/\\\/www.travianet.de\\\/cs\\\/nase-reseni\\\/#breadcrumb\",\"itemListElement\":[{\"@type\":\"ListItem\",\"position\":1,\"name\":\"Startseite\",\"item\":\"https:\\\/\\\/www.travianet.de\\\/cs\\\/\"},{\"@type\":\"ListItem\",\"position\":2,\"name\":\"Na\u0161e \u0159e\u0161en\u00ed\"}]},{\"@type\":\"WebSite\",\"@id\":\"https:\\\/\\\/www.travianet.de\\\/#website\",\"url\":\"https:\\\/\\\/www.travianet.de\\\/\",\"name\":\"travianet\",\"description\":\"Die Nummer Eins wenn es um Reisepartnerprogramme geht\",\"publisher\":{\"@id\":\"https:\\\/\\\/www.travianet.de\\\/#organization\"},\"potentialAction\":[{\"@type\":\"SearchAction\",\"target\":{\"@type\":\"EntryPoint\",\"urlTemplate\":\"https:\\\/\\\/www.travianet.de\\\/?s={search_term_string}\"},\"query-input\":{\"@type\":\"PropertyValueSpecification\",\"valueRequired\":true,\"valueName\":\"search_term_string\"}}],\"inLanguage\":\"cs\"},{\"@type\":\"Organization\",\"@id\":\"https:\\\/\\\/www.travianet.de\\\/#organization\",\"name\":\"travianet GmbH\",\"url\":\"https:\\\/\\\/www.travianet.de\\\/\",\"logo\":{\"@type\":\"ImageObject\",\"inLanguage\":\"cs\",\"@id\":\"https:\\\/\\\/www.travianet.de\\\/#\\\/schema\\\/logo\\\/image\\\/\",\"url\":\"https:\\\/\\\/www.travianet.de\\\/wp-content\\\/uploads\\\/2017\\\/06\\\/travianetLogo.png\",\"contentUrl\":\"https:\\\/\\\/www.travianet.de\\\/wp-content\\\/uploads\\\/2017\\\/06\\\/travianetLogo.png\",\"width\":426,\"height\":80,\"caption\":\"travianet GmbH\"},\"image\":{\"@id\":\"https:\\\/\\\/www.travianet.de\\\/#\\\/schema\\\/logo\\\/image\\\/\"},\"sameAs\":[\"https:\\\/\\\/x.com\\\/travianet\",\"https:\\\/\\\/www.linkedin.com\\\/company-beta\\\/1138881\\\/\"]}]}<\/script>\n<!-- \/ Yoast SEO plugin. -->","yoast_head_json":{"title":"\u0158e\u0161en\u00ed firmy travianet pro v\u0161echny milovn\u00edky cestov\u00e1n\u00ed a podnikatele","description":"\u0158e\u0161en\u00ed firmy travianet pro v\u0161echny: cestovn\u00ed kancel\u00e1\u0159e, firmy a spolky, milovn\u00edky cestov\u00e1n\u00ed a bloggery \u2714 Volejte n\u00e1m na \u010d\u00edslo \u2706 0991\/29670","robots":{"index":"index","follow":"follow","max-snippet":"max-snippet:-1","max-image-preview":"max-image-preview:large","max-video-preview":"max-video-preview:-1"},"canonical":"https:\/\/www.travianet.de\/cs\/nase-reseni\/","og_locale":"cs_CZ","og_type":"article","og_title":"\u0158e\u0161en\u00ed firmy travianet pro v\u0161echny milovn\u00edky cestov\u00e1n\u00ed a podnikatele","og_description":"\u0158e\u0161en\u00ed firmy travianet pro v\u0161echny: cestovn\u00ed kancel\u00e1\u0159e, firmy a spolky, milovn\u00edky cestov\u00e1n\u00ed a bloggery \u2714 Volejte n\u00e1m na \u010d\u00edslo \u2706 0991\/29670","og_url":"https:\/\/www.travianet.de\/cs\/nase-reseni\/","og_site_name":"travianet","article_modified_time":"2019-12-20T07:22:59+00:00","twitter_card":"summary_large_image","twitter_site":"@travianet","twitter_misc":{"Odhadovan\u00e1 doba \u010dten\u00ed":"6 minut"},"schema":{"@context":"https:\/\/schema.org","@graph":[{"@type":"WebPage","@id":"https:\/\/www.travianet.de\/cs\/nase-reseni\/","url":"https:\/\/www.travianet.de\/cs\/nase-reseni\/","name":"\u0158e\u0161en\u00ed firmy travianet pro v\u0161echny milovn\u00edky cestov\u00e1n\u00ed a podnikatele","isPartOf":{"@id":"https:\/\/www.travianet.de\/#website"},"datePublished":"2018-04-30T16:49:47+00:00","dateModified":"2019-12-20T07:22:59+00:00","description":"\u0158e\u0161en\u00ed firmy travianet pro v\u0161echny: cestovn\u00ed kancel\u00e1\u0159e, firmy a spolky, milovn\u00edky cestov\u00e1n\u00ed a bloggery \u2714 Volejte n\u00e1m na \u010d\u00edslo \u2706 0991\/29670","breadcrumb":{"@id":"https:\/\/www.travianet.de\/cs\/nase-reseni\/#breadcrumb"},"inLanguage":"cs","potentialAction":[{"@type":"ReadAction","target":["https:\/\/www.travianet.de\/cs\/nase-reseni\/"]}]},{"@type":"BreadcrumbList","@id":"https:\/\/www.travianet.de\/cs\/nase-reseni\/#breadcrumb","itemListElement":[{"@type":"ListItem","position":1,"name":"Startseite","item":"https:\/\/www.travianet.de\/cs\/"},{"@type":"ListItem","position":2,"name":"Na\u0161e \u0159e\u0161en\u00ed"}]},{"@type":"WebSite","@id":"https:\/\/www.travianet.de\/#website","url":"https:\/\/www.travianet.de\/","name":"travianet","description":"Die Nummer Eins wenn es um Reisepartnerprogramme geht","publisher":{"@id":"https:\/\/www.travianet.de\/#organization"},"potentialAction":[{"@type":"SearchAction","target":{"@type":"EntryPoint","urlTemplate":"https:\/\/www.travianet.de\/?s={search_term_string}"},"query-input":{"@type":"PropertyValueSpecification","valueRequired":true,"valueName":"search_term_string"}}],"inLanguage":"cs"},{"@type":"Organization","@id":"https:\/\/www.travianet.de\/#organization","name":"travianet GmbH","url":"https:\/\/www.travianet.de\/","logo":{"@type":"ImageObject","inLanguage":"cs","@id":"https:\/\/www.travianet.de\/#\/schema\/logo\/image\/","url":"https:\/\/www.travianet.de\/wp-content\/uploads\/2017\/06\/travianetLogo.png","contentUrl":"https:\/\/www.travianet.de\/wp-content\/uploads\/2017\/06\/travianetLogo.png","width":426,"height":80,"caption":"travianet GmbH"},"image":{"@id":"https:\/\/www.travianet.de\/#\/schema\/logo\/image\/"},"sameAs":["https:\/\/x.com\/travianet","https:\/\/www.linkedin.com\/company-beta\/1138881\/"]}]}},"_links":{"self":[{"href":"https:\/\/www.travianet.de\/cs\/wp-json\/wp\/v2\/pages\/32825","targetHints":{"allow":["GET"]}}],"collection":[{"href":"https:\/\/www.travianet.de\/cs\/wp-json\/wp\/v2\/pages"}],"about":[{"href":"https:\/\/www.travianet.de\/cs\/wp-json\/wp\/v2\/types\/page"}],"author":[{"embeddable":true,"href":"https:\/\/www.travianet.de\/cs\/wp-json\/wp\/v2\/users\/4"}],"replies":[{"embeddable":true,"href":"https:\/\/www.travianet.de\/cs\/wp-json\/wp\/v2\/comments?post=32825"}],"version-history":[{"count":30,"href":"https:\/\/www.travianet.de\/cs\/wp-json\/wp\/v2\/pages\/32825\/revisions"}],"predecessor-version":[{"id":35788,"href":"https:\/\/www.travianet.de\/cs\/wp-json\/wp\/v2\/pages\/32825\/revisions\/35788"}],"wp:attachment":[{"href":"https:\/\/www.travianet.de\/cs\/wp-json\/wp\/v2\/media?parent=32825"}],"curies":[{"name":"wp","href":"https:\/\/api.w.org\/{rel}","templated":true}]}}