{"id":32816,"date":"2018-04-30T18:10:35","date_gmt":"2018-04-30T16:10:35","guid":{"rendered":"https:\/\/www.travianet.de\/travianet\/"},"modified":"2024-04-04T11:17:30","modified_gmt":"2024-04-04T09:17:30","slug":"travianet","status":"publish","type":"page","link":"https:\/\/www.travianet.de\/cs\/travianet\/","title":{"rendered":"O n\u00e1s"},"content":{"rendered":"<p>[et_pb_section fb_built=&#8220;1&#8243; admin_label=&#8220;section&#8220; _builder_version=&#8220;4.16&#8243; background_image=&#8220;https:\/\/www.travianet.de\/wp-content\/uploads\/2017\/01\/HeaderBoardwalk.jpg&#8220; custom_padding=&#8220;240px||240px|&#8220; global_colors_info=&#8220;{}&#8220;][et_pb_row admin_label=&#8220;row&#8220; _builder_version=&#8220;4.16&#8243; background_size=&#8220;initial&#8220; background_position=&#8220;top_left&#8220; background_repeat=&#8220;repeat&#8220; custom_padding=&#8220;0px||0px|&#8220; global_colors_info=&#8220;{}&#8220;][et_pb_column type=&#8220;4_4&#8243; _builder_version=&#8220;4.16&#8243; custom_padding=&#8220;|||&#8220; global_colors_info=&#8220;{}&#8220; custom_padding__hover=&#8220;|||&#8220;][\/et_pb_column][\/et_pb_row][\/et_pb_section][et_pb_section fb_built=&#8220;1&#8243; admin_label=&#8220;Section&#8220; _builder_version=&#8220;4.16&#8243; global_colors_info=&#8220;{}&#8220;][et_pb_row padding_mobile=&#8220;on&#8220; column_padding_mobile=&#8220;on&#8220; admin_label=&#8220;Row&#8220; _builder_version=&#8220;4.16&#8243; background_size=&#8220;initial&#8220; background_position=&#8220;top_left&#8220; background_repeat=&#8220;repeat&#8220; custom_padding=&#8220;|||&#8220; custom_width_px=&#8220;780px&#8220; global_colors_info=&#8220;{}&#8220;][et_pb_column type=&#8220;4_4&#8243; _builder_version=&#8220;4.16&#8243; custom_padding=&#8220;|||&#8220; global_colors_info=&#8220;{}&#8220; custom_padding__hover=&#8220;|||&#8220;][et_pb_text admin_label=&#8220;travianet. Und die Reise kann beginnen.&#8220; _builder_version=&#8220;4.16&#8243; header_text_color=&#8220;#2b82b1&#8243; header_font_size=&#8220;42px&#8220; background_size=&#8220;initial&#8220; background_position=&#8220;top_left&#8220; background_repeat=&#8220;repeat&#8220; text_orientation=&#8220;center&#8220; module_alignment=&#8220;center&#8220; header_font_size_tablet=&#8220;&#8220; header_font_size_phone=&#8220;30px&#8220; header_font_size_last_edited=&#8220;on|phone&#8220; global_colors_info=&#8220;{}&#8220;]<\/p>\n<h1>travianet. A cesta m\u016f\u017ee za\u010d\u00edt.<\/h1>\n<p>[\/et_pb_text][et_pb_text _builder_version=&#8220;4.16&#8243; text_font=&#8220;Roboto Light||||&#8220; text_font_size=&#8220;20px&#8220; text_line_height=&#8220;1.5em&#8220; background_size=&#8220;initial&#8220; background_position=&#8220;top_left&#8220; background_repeat=&#8220;repeat&#8220; text_orientation=&#8220;center&#8220; module_alignment=&#8220;center&#8220; custom_margin=&#8220;|||&#8220; hover_enabled=&#8220;0&#8243; global_colors_info=&#8220;{}&#8220; sticky_enabled=&#8220;0&#8243;]<\/p>\n<p>Nab\u00edz\u00edme \u0159e\u0161en\u00ed pro v\u0161echny oblasti turistiky.<br \/>\nBez n\u00e1s to jde tak\u00e9. Ale s n\u00e1mi to jde l\u00e9pe.<\/p>\n<p>[\/et_pb_text][\/et_pb_column][\/et_pb_row][et_pb_row column_structure=&#8220;1_2,1_2&#8243; padding_mobile=&#8220;on&#8220; column_padding_mobile=&#8220;on&#8220; admin_label=&#8220;Row&#8220; _builder_version=&#8220;4.16&#8243; background_size=&#8220;initial&#8220; background_position=&#8220;top_left&#8220; background_repeat=&#8220;repeat&#8220; custom_padding=&#8220;|||&#8220; global_colors_info=&#8220;{}&#8220;][et_pb_column type=&#8220;1_2&#8243; _builder_version=&#8220;4.16&#8243; custom_padding=&#8220;|||&#8220; global_colors_info=&#8220;{}&#8220; custom_padding__hover=&#8220;|||&#8220;][et_pb_text _builder_version=&#8220;4.24.2&#8243; text_font=&#8220;||||&#8220; background_size=&#8220;initial&#8220; background_position=&#8220;top_left&#8220; background_repeat=&#8220;repeat&#8220; custom_margin=&#8220;|||&#8220; hover_enabled=&#8220;0&#8243; global_colors_info=&#8220;{}&#8220; sticky_enabled=&#8220;0&#8243;]<\/p>\n<p>Spole\u010dnost travianet byla zalo\u017eena v roce 1998 jako &#8222;Touristikb\u00f6rse Deggendorf&#8220; a od roku 2006 p\u016fsob\u00ed pod n\u00e1zvem travianet GmbH. V roce 2012 ji p\u0159evzala spole\u010dnost FTI GROUP. Od 1. listopadu 2023 m\u00e1 spole\u010dnost travianet GmbH nov\u00e9ho akcion\u00e1\u0159e, spole\u010dnost travianet Beteiligungsgesellschaft mbH, a nen\u00ed ji\u017e sou\u010d\u00e1st\u00ed skupiny FTI GROUP.<\/p>\n<p>V sou\u010dasn\u00e9 dob\u011b je spole\u010dnost travianet GmbH l\u00eddrem na trhu v oblasti partnersk\u00fdch cestovn\u00edch program\u016f. Zam\u011bstnanci spole\u010dnosti travianet pracuj\u00ed jak v s\u00eddle spole\u010dnosti travianet GmbH v Deggendorfu, tak z domova (teleworking). V centru cestovn\u00edch slu\u017eeb rad\u00ed odborn\u00edci na cestov\u00e1n\u00ed spole\u010dnosti travianet z\u00e1kazn\u00edk\u016fm 7 dn\u00ed v t\u00fddnu \/ 365 dn\u00ed v roce ve v\u0161ech ot\u00e1zk\u00e1ch t\u00fdkaj\u00edc\u00edch se nejkr\u00e1sn\u011bj\u0161\u00edho t\u00e9matu na sv\u011bt\u011b: dovolen\u00e9!<\/p>\n<p>[\/et_pb_text][\/et_pb_column][et_pb_column type=&#8220;1_2&#8243; _builder_version=&#8220;4.16&#8243; custom_padding=&#8220;|||&#8220; global_colors_info=&#8220;{}&#8220; custom_padding__hover=&#8220;|||&#8220;][et_pb_text _builder_version=&#8220;4.24.2&#8243; text_font=&#8220;||||&#8220; background_size=&#8220;initial&#8220; background_position=&#8220;top_left&#8220; background_repeat=&#8220;repeat&#8220; custom_margin=&#8220;|||&#8220; hover_enabled=&#8220;0&#8243; global_colors_info=&#8220;{}&#8220; sticky_enabled=&#8220;0&#8243;]<\/p>\n<p>Tak\u00e9 v oblasti backoffice je spole\u010dnost v odd\u011blen\u00edch techniky a podpory technicky a person\u00e1ln\u011b velmi dob\u0159e vybavena. IT odd\u011blen\u00ed disponuje ve v\u0161ech relevantn\u00edch firemn\u00edch oblastech vlastn\u00edmi odborn\u00fdmi kompetencemi, d\u00edky \u010demu\u017e je zaji\u0161t\u011bna nez\u00e1vislost na extern\u00edch dodavatel\u00edch slu\u017eeb. Odd\u011blen\u00ed m\u00e1 pro v\u0161echny \u00fa\u010dastn\u00edky partnersk\u00e9ho programu k dispozici sedm zku\u0161en\u00fdch pracovn\u00edk\u016f.<\/p>\n<p>&nbsp;<\/p>\n<p>[\/et_pb_text][\/et_pb_column][\/et_pb_row][\/et_pb_section][et_pb_section fb_built=&#8220;1&#8243; admin_label=&#8220;Section&#8220; _builder_version=&#8220;4.16&#8243; background_color=&#8220;#132a4a&#8220; global_colors_info=&#8220;{}&#8220;][et_pb_row padding_mobile=&#8220;on&#8220; column_padding_mobile=&#8220;on&#8220; admin_label=&#8220;Row&#8220; _builder_version=&#8220;4.16&#8243; background_size=&#8220;initial&#8220; background_position=&#8220;top_left&#8220; background_repeat=&#8220;repeat&#8220; custom_padding=&#8220;|||&#8220; custom_width_px=&#8220;780px&#8220; global_colors_info=&#8220;{}&#8220;][et_pb_column type=&#8220;4_4&#8243; _builder_version=&#8220;4.16&#8243; custom_padding=&#8220;|||&#8220; global_colors_info=&#8220;{}&#8220; custom_padding__hover=&#8220;|||&#8220;][et_pb_text admin_label=&#8220;Die FTI GROUP&#8220; _builder_version=&#8220;4.16&#8243; header_text_color=&#8220;#01bcd4&#8243; header_font_size=&#8220;42px&#8220; background_size=&#8220;initial&#8220; background_position=&#8220;top_left&#8220; background_repeat=&#8220;repeat&#8220; text_orientation=&#8220;center&#8220; module_alignment=&#8220;center&#8220; header_font_size_tablet=&#8220;&#8220; header_font_size_phone=&#8220;30px&#8220; header_font_size_last_edited=&#8220;on|phone&#8220; global_colors_info=&#8220;{}&#8220; disabled_on=&#8220;on|on|on&#8220; disabled=&#8220;on&#8220;]<\/p>\n<h1>Skupina FTI GROUP.<\/h1>\n<p>[\/et_pb_text][et_pb_text _builder_version=&#8220;4.16&#8243; text_font=&#8220;Roboto Light||||&#8220; text_font_size=&#8220;20px&#8220; text_line_height=&#8220;1.5em&#8220; background_size=&#8220;initial&#8220; background_position=&#8220;top_left&#8220; background_repeat=&#8220;repeat&#8220; text_orientation=&#8220;center&#8220; background_layout=&#8220;dark&#8220; module_alignment=&#8220;center&#8220; custom_margin=&#8220;|||&#8220; global_colors_info=&#8220;{}&#8220; disabled_on=&#8220;on|on|on&#8220; disabled=&#8220;on&#8220;]<\/p>\n<p>T\u0159et\u00ed nejv\u011bt\u0161\u00ed cestovn\u00ed skupina v Evrop\u011b.<\/p>\n<p>[\/et_pb_text][\/et_pb_column][\/et_pb_row][et_pb_row column_structure=&#8220;1_2,1_2&#8243; padding_mobile=&#8220;on&#8220; column_padding_mobile=&#8220;on&#8220; admin_label=&#8220;Row&#8220; _builder_version=&#8220;4.16&#8243; background_size=&#8220;initial&#8220; background_position=&#8220;top_left&#8220; background_repeat=&#8220;repeat&#8220; custom_padding=&#8220;|||&#8220; global_colors_info=&#8220;{}&#8220;][et_pb_column type=&#8220;1_2&#8243; _builder_version=&#8220;4.16&#8243; custom_padding=&#8220;|||&#8220; global_colors_info=&#8220;{}&#8220; custom_padding__hover=&#8220;|||&#8220;][et_pb_text _builder_version=&#8220;4.16&#8243; background_size=&#8220;initial&#8220; background_position=&#8220;top_left&#8220; background_repeat=&#8220;repeat&#8220; background_layout=&#8220;dark&#8220; custom_margin=&#8220;|||&#8220; global_colors_info=&#8220;{}&#8220; disabled_on=&#8220;on|on|on&#8220; disabled=&#8220;on&#8220;]<\/p>\n<p>Ke spole\u010dnosti FTI GROUP pat\u0159\u00ed:<\/p>\n<ul>\n<li>touroper\u00e1tor FTI Touristik<\/li>\n<li>poskytovatel last minute z\u00e1jezd\u016f 5vorFlug<\/li>\n<li>zprost\u0159edkovatel pron\u00e1jmu vozidel driveFTI<\/li>\n<li>spole\u010dnost pro spr\u00e1vu cestovn\u00edch destinac\u00ed (DMC) Meeting Point International<\/li>\n<li>organiz\u00e1tor ak\u010dn\u00edch z\u00e1jezd\u016f BigXtra<\/li>\n<li>glob\u00e1ln\u00ed online B2B poskytovatel online ubytov\u00e1n\u00ed Youtravel<\/li>\n<li>konsolid\u00e1tor letenek FTI-Ticketshop<\/li>\n<li>poskytovatel fran\u010d\u00edz pro cestovn\u00ed kancel\u00e1\u0159e Touristik Vertriebsgesellschaft (TVG)<\/li>\n<li>nejv\u011bt\u0161\u00ed evropsk\u00e1 televizn\u00ed stanice prod\u00e1vaj\u00edc\u00ed z\u00e1jezdy sonnenklar.TV<\/li>\n<\/ul>\n<p>[\/et_pb_text][\/et_pb_column][et_pb_column type=&#8220;1_2&#8243; _builder_version=&#8220;4.16&#8243; custom_padding=&#8220;|||&#8220; global_colors_info=&#8220;{}&#8220; custom_padding__hover=&#8220;|||&#8220;][et_pb_text _builder_version=&#8220;4.16&#8243; background_size=&#8220;initial&#8220; background_position=&#8220;top_left&#8220; background_repeat=&#8220;repeat&#8220; background_layout=&#8220;dark&#8220; custom_margin=&#8220;|||&#8220; global_colors_info=&#8220;{}&#8220; disabled_on=&#8220;on|on|on&#8220; disabled=&#8220;on&#8220;]<\/p>\n<p>Ke skupin\u011b FTI GROUP pat\u0159\u00ed rovn\u011b\u017e sestersk\u00e9 firmy spole\u010dnosti travianet, spole\u010dnost erf24 touristic services GmbH se s\u00eddlem v Erfurtu a bsl24 se s\u00eddlem ve \u0161v\u00fdcarsk\u00e9 Basileji. Ve v\u0161ech t\u0159ech m\u011bstech se nach\u00e1zej\u00ed rovn\u011b\u017e vysoce profesion\u00e1ln\u00ed cestovn\u00ed servisn\u00ed centra, kter\u00e1 vedle produkt\u016f skupiny FTI GROUP realizuj\u00ed vysok\u00fd pod\u00edl slu\u017eeb pro jin\u00e9 dodavatele.<\/p>\n<p>D\u00edky \u00fazk\u00e9 spolupr\u00e1ci mezi servisn\u00edmi centry vznikaj\u00ed \u010detn\u00e9 synergie. D\u00e1le se jednotliv\u00e1 centra vz\u00e1jemn\u011b dopl\u0148uj\u00ed a pro nepravd\u011bpodobn\u00fd p\u0159\u00edpad kompletn\u00edho v\u00fdpadku jednoho z nich jsou schopna pro toto dot\u010den\u00e9 centrum ve velmi kr\u00e1tk\u00e9 dob\u011b zorganizovat nouzov\u00fd provoz.<\/p>\n<p>[\/et_pb_text][\/et_pb_column][\/et_pb_row][\/et_pb_section]<\/p>\n","protected":false},"excerpt":{"rendered":"<p>travianet. A cesta m\u016f\u017ee za\u010d\u00edt. Nab\u00edz\u00edme \u0159e\u0161en\u00ed pro v\u0161echny oblasti turistiky. Bez n\u00e1s to jde tak\u00e9. Ale s n\u00e1mi to jde l\u00e9pe. Spole\u010dnost travianet byla zalo\u017eena v roce 1998 jako &#8222;Touristikb\u00f6rse Deggendorf&#8220; a od roku 2006 p\u016fsob\u00ed pod n\u00e1zvem travianet GmbH. V roce 2012 ji p\u0159evzala spole\u010dnost FTI GROUP. Od 1. listopadu 2023 m\u00e1 spole\u010dnost [&hellip;]<\/p>\n","protected":false},"author":4,"featured_media":0,"parent":0,"menu_order":0,"comment_status":"closed","ping_status":"closed","template":"","meta":{"_et_pb_use_builder":"on","_et_pb_old_content":"","_et_gb_content_width":"","footnotes":""},"class_list":["post-32816","page","type-page","status-publish","hentry"],"yoast_head":"<!-- This site is optimized with the Yoast SEO plugin v27.5 - https:\/\/yoast.com\/product\/yoast-seo-wordpress\/ -->\n<title>\u2714 travianet GmbH: A cesta m\u016f\u017ee za\u010d\u00edt \u2714<\/title>\n<meta name=\"description\" content=\"travianet GmbH je poskytovatelem \u0159e\u0161en\u00ed pro v\u0161echny oblasti turistiky \u2714 Program pro cestovn\u00ed partnery, partnersk\u00e1 call centra a technick\u00e1 podpora\" \/>\n<meta name=\"robots\" content=\"index, follow, max-snippet:-1, max-image-preview:large, max-video-preview:-1\" \/>\n<link rel=\"canonical\" href=\"https:\/\/www.travianet.de\/cs\/travianet\/\" \/>\n<meta property=\"og:locale\" content=\"cs_CZ\" \/>\n<meta property=\"og:type\" content=\"article\" \/>\n<meta property=\"og:title\" content=\"\u2714 travianet GmbH: A cesta m\u016f\u017ee za\u010d\u00edt \u2714\" \/>\n<meta property=\"og:description\" content=\"travianet GmbH je poskytovatelem \u0159e\u0161en\u00ed pro v\u0161echny oblasti turistiky \u2714 Program pro cestovn\u00ed partnery, partnersk\u00e1 call centra a technick\u00e1 podpora\" \/>\n<meta property=\"og:url\" content=\"https:\/\/www.travianet.de\/cs\/travianet\/\" \/>\n<meta property=\"og:site_name\" content=\"travianet\" \/>\n<meta property=\"article:modified_time\" content=\"2024-04-04T09:17:30+00:00\" \/>\n<meta name=\"twitter:card\" content=\"summary_large_image\" \/>\n<meta name=\"twitter:site\" content=\"@travianet\" \/>\n<meta name=\"twitter:label1\" content=\"Odhadovan\u00e1 doba \u010dten\u00ed\" \/>\n\t<meta name=\"twitter:data1\" content=\"2 minuty\" \/>\n<script type=\"application\/ld+json\" class=\"yoast-schema-graph\">{\"@context\":\"https:\\\/\\\/schema.org\",\"@graph\":[{\"@type\":\"WebPage\",\"@id\":\"https:\\\/\\\/www.travianet.de\\\/cs\\\/travianet\\\/\",\"url\":\"https:\\\/\\\/www.travianet.de\\\/cs\\\/travianet\\\/\",\"name\":\"\u2714 travianet GmbH: A cesta m\u016f\u017ee za\u010d\u00edt \u2714\",\"isPartOf\":{\"@id\":\"https:\\\/\\\/www.travianet.de\\\/#website\"},\"datePublished\":\"2018-04-30T16:10:35+00:00\",\"dateModified\":\"2024-04-04T09:17:30+00:00\",\"description\":\"travianet GmbH je poskytovatelem \u0159e\u0161en\u00ed pro v\u0161echny oblasti turistiky \u2714 Program pro cestovn\u00ed partnery, partnersk\u00e1 call centra a technick\u00e1 podpora\",\"breadcrumb\":{\"@id\":\"https:\\\/\\\/www.travianet.de\\\/cs\\\/travianet\\\/#breadcrumb\"},\"inLanguage\":\"cs\",\"potentialAction\":[{\"@type\":\"ReadAction\",\"target\":[\"https:\\\/\\\/www.travianet.de\\\/cs\\\/travianet\\\/\"]}]},{\"@type\":\"BreadcrumbList\",\"@id\":\"https:\\\/\\\/www.travianet.de\\\/cs\\\/travianet\\\/#breadcrumb\",\"itemListElement\":[{\"@type\":\"ListItem\",\"position\":1,\"name\":\"Startseite\",\"item\":\"https:\\\/\\\/www.travianet.de\\\/cs\\\/\"},{\"@type\":\"ListItem\",\"position\":2,\"name\":\"O n\u00e1s\"}]},{\"@type\":\"WebSite\",\"@id\":\"https:\\\/\\\/www.travianet.de\\\/#website\",\"url\":\"https:\\\/\\\/www.travianet.de\\\/\",\"name\":\"travianet\",\"description\":\"Die Nummer Eins wenn es um Reisepartnerprogramme geht\",\"publisher\":{\"@id\":\"https:\\\/\\\/www.travianet.de\\\/#organization\"},\"potentialAction\":[{\"@type\":\"SearchAction\",\"target\":{\"@type\":\"EntryPoint\",\"urlTemplate\":\"https:\\\/\\\/www.travianet.de\\\/?s={search_term_string}\"},\"query-input\":{\"@type\":\"PropertyValueSpecification\",\"valueRequired\":true,\"valueName\":\"search_term_string\"}}],\"inLanguage\":\"cs\"},{\"@type\":\"Organization\",\"@id\":\"https:\\\/\\\/www.travianet.de\\\/#organization\",\"name\":\"travianet GmbH\",\"url\":\"https:\\\/\\\/www.travianet.de\\\/\",\"logo\":{\"@type\":\"ImageObject\",\"inLanguage\":\"cs\",\"@id\":\"https:\\\/\\\/www.travianet.de\\\/#\\\/schema\\\/logo\\\/image\\\/\",\"url\":\"https:\\\/\\\/www.travianet.de\\\/wp-content\\\/uploads\\\/2017\\\/06\\\/travianetLogo.png\",\"contentUrl\":\"https:\\\/\\\/www.travianet.de\\\/wp-content\\\/uploads\\\/2017\\\/06\\\/travianetLogo.png\",\"width\":426,\"height\":80,\"caption\":\"travianet GmbH\"},\"image\":{\"@id\":\"https:\\\/\\\/www.travianet.de\\\/#\\\/schema\\\/logo\\\/image\\\/\"},\"sameAs\":[\"https:\\\/\\\/x.com\\\/travianet\",\"https:\\\/\\\/www.linkedin.com\\\/company-beta\\\/1138881\\\/\"]}]}<\/script>\n<!-- \/ Yoast SEO plugin. -->","yoast_head_json":{"title":"\u2714 travianet GmbH: A cesta m\u016f\u017ee za\u010d\u00edt \u2714","description":"travianet GmbH je poskytovatelem \u0159e\u0161en\u00ed pro v\u0161echny oblasti turistiky \u2714 Program pro cestovn\u00ed partnery, partnersk\u00e1 call centra a technick\u00e1 podpora","robots":{"index":"index","follow":"follow","max-snippet":"max-snippet:-1","max-image-preview":"max-image-preview:large","max-video-preview":"max-video-preview:-1"},"canonical":"https:\/\/www.travianet.de\/cs\/travianet\/","og_locale":"cs_CZ","og_type":"article","og_title":"\u2714 travianet GmbH: A cesta m\u016f\u017ee za\u010d\u00edt \u2714","og_description":"travianet GmbH je poskytovatelem \u0159e\u0161en\u00ed pro v\u0161echny oblasti turistiky \u2714 Program pro cestovn\u00ed partnery, partnersk\u00e1 call centra a technick\u00e1 podpora","og_url":"https:\/\/www.travianet.de\/cs\/travianet\/","og_site_name":"travianet","article_modified_time":"2024-04-04T09:17:30+00:00","twitter_card":"summary_large_image","twitter_site":"@travianet","twitter_misc":{"Odhadovan\u00e1 doba \u010dten\u00ed":"2 minuty"},"schema":{"@context":"https:\/\/schema.org","@graph":[{"@type":"WebPage","@id":"https:\/\/www.travianet.de\/cs\/travianet\/","url":"https:\/\/www.travianet.de\/cs\/travianet\/","name":"\u2714 travianet GmbH: A cesta m\u016f\u017ee za\u010d\u00edt \u2714","isPartOf":{"@id":"https:\/\/www.travianet.de\/#website"},"datePublished":"2018-04-30T16:10:35+00:00","dateModified":"2024-04-04T09:17:30+00:00","description":"travianet GmbH je poskytovatelem \u0159e\u0161en\u00ed pro v\u0161echny oblasti turistiky \u2714 Program pro cestovn\u00ed partnery, partnersk\u00e1 call centra a technick\u00e1 podpora","breadcrumb":{"@id":"https:\/\/www.travianet.de\/cs\/travianet\/#breadcrumb"},"inLanguage":"cs","potentialAction":[{"@type":"ReadAction","target":["https:\/\/www.travianet.de\/cs\/travianet\/"]}]},{"@type":"BreadcrumbList","@id":"https:\/\/www.travianet.de\/cs\/travianet\/#breadcrumb","itemListElement":[{"@type":"ListItem","position":1,"name":"Startseite","item":"https:\/\/www.travianet.de\/cs\/"},{"@type":"ListItem","position":2,"name":"O n\u00e1s"}]},{"@type":"WebSite","@id":"https:\/\/www.travianet.de\/#website","url":"https:\/\/www.travianet.de\/","name":"travianet","description":"Die Nummer Eins wenn es um Reisepartnerprogramme geht","publisher":{"@id":"https:\/\/www.travianet.de\/#organization"},"potentialAction":[{"@type":"SearchAction","target":{"@type":"EntryPoint","urlTemplate":"https:\/\/www.travianet.de\/?s={search_term_string}"},"query-input":{"@type":"PropertyValueSpecification","valueRequired":true,"valueName":"search_term_string"}}],"inLanguage":"cs"},{"@type":"Organization","@id":"https:\/\/www.travianet.de\/#organization","name":"travianet GmbH","url":"https:\/\/www.travianet.de\/","logo":{"@type":"ImageObject","inLanguage":"cs","@id":"https:\/\/www.travianet.de\/#\/schema\/logo\/image\/","url":"https:\/\/www.travianet.de\/wp-content\/uploads\/2017\/06\/travianetLogo.png","contentUrl":"https:\/\/www.travianet.de\/wp-content\/uploads\/2017\/06\/travianetLogo.png","width":426,"height":80,"caption":"travianet GmbH"},"image":{"@id":"https:\/\/www.travianet.de\/#\/schema\/logo\/image\/"},"sameAs":["https:\/\/x.com\/travianet","https:\/\/www.linkedin.com\/company-beta\/1138881\/"]}]}},"_links":{"self":[{"href":"https:\/\/www.travianet.de\/cs\/wp-json\/wp\/v2\/pages\/32816","targetHints":{"allow":["GET"]}}],"collection":[{"href":"https:\/\/www.travianet.de\/cs\/wp-json\/wp\/v2\/pages"}],"about":[{"href":"https:\/\/www.travianet.de\/cs\/wp-json\/wp\/v2\/types\/page"}],"author":[{"embeddable":true,"href":"https:\/\/www.travianet.de\/cs\/wp-json\/wp\/v2\/users\/4"}],"replies":[{"embeddable":true,"href":"https:\/\/www.travianet.de\/cs\/wp-json\/wp\/v2\/comments?post=32816"}],"version-history":[{"count":31,"href":"https:\/\/www.travianet.de\/cs\/wp-json\/wp\/v2\/pages\/32816\/revisions"}],"predecessor-version":[{"id":38282,"href":"https:\/\/www.travianet.de\/cs\/wp-json\/wp\/v2\/pages\/32816\/revisions\/38282"}],"wp:attachment":[{"href":"https:\/\/www.travianet.de\/cs\/wp-json\/wp\/v2\/media?parent=32816"}],"curies":[{"name":"wp","href":"https:\/\/api.w.org\/{rel}","templated":true}]}}