{"id":32808,"date":"2018-04-30T16:45:28","date_gmt":"2018-04-30T14:45:28","guid":{"rendered":"https:\/\/www.travianet.de\/politika-cookies\/"},"modified":"2018-06-05T08:51:48","modified_gmt":"2018-06-05T06:51:48","slug":"politika-cookies","status":"publish","type":"page","link":"https:\/\/www.travianet.de\/cs\/politika-cookies\/","title":{"rendered":"Politika cookies"},"content":{"rendered":"<p>[et_pb_section bb_built=&#8220;1&#8243; admin_label=&#8220;section&#8220;][et_pb_row admin_label=&#8220;row&#8220; background_position=&#8220;top_left&#8220; background_repeat=&#8220;repeat&#8220; background_size=&#8220;initial&#8220;][et_pb_column type=&#8220;4_4&#8243;][et_pb_text admin_label=&#8220;Text&#8220; background_layout=&#8220;light&#8220; text_orientation=&#8220;left&#8220; border_style=&#8220;solid&#8220; background_position=&#8220;top_left&#8220; background_repeat=&#8220;repeat&#8220; background_size=&#8220;initial&#8220; _builder_version=&#8220;3.0.51&#8243;]<\/p>\n<h2>Cookies<\/h2>\n<p>Internetov\u00e9 str\u00e1nky z\u010d\u00e1sti vyu\u017e\u00edvaj\u00ed takzvan\u00e9 cookies. Cookies na Va\u0161em po\u010d\u00edta\u010di nezp\u016fsobuj\u00ed \u017e\u00e1dn\u00e9 \u0161kody a neobsahuj\u00ed viry. Cookies n\u00e1m pom\u00e1haj\u00ed upravit na\u0161i nab\u00eddku, aby byla u\u017eivatelsky p\u0159\u00edv\u011btiv\u011bj\u0161\u00ed, efektivn\u011bj\u0161\u00ed a bezpe\u010dn\u011bj\u0161\u00ed. Cookies jsou mal\u00e9 textov\u00e9 soubory, kter\u00e9 V\u00e1\u0161 internetov\u00fd prohl\u00ed\u017ee\u010d ukl\u00e1d\u00e1 na Va\u0161em po\u010d\u00edta\u010di.<\/p>\n<p>V\u011bt\u0161ina n\u00e1mi pou\u017e\u00edvan\u00fdch cookies jsou takzvan\u00e9 \u201esession cookies\u201c. Po ukon\u010den\u00ed Va\u0161\u00ed n\u00e1v\u0161t\u011bvy se automaticky vyma\u017eou. Jin\u00e9 cookies z\u016fst\u00e1vaj\u00ed ulo\u017eeny na Va\u0161em koncov\u00e9m za\u0159\u00edzen\u00ed do t\u00e9 doby, ne\u017e je vyma\u017eete. Tyto cookies n\u00e1m umo\u017e\u0148uj\u00ed op\u011btovn\u011b identifikovat V\u00e1\u0161 prohl\u00ed\u017ee\u010d p\u0159i p\u0159\u00ed\u0161t\u00ed n\u00e1v\u0161t\u011bv\u011b.<\/p>\n<p>V\u00e1\u0161 prohl\u00ed\u017ee\u010d si m\u016f\u017eete nastavit tak, aby V\u00e1s informoval o nastaven\u00ed cookies a povoloval cookies pouze jednotliv\u011b. D\u00e1le m\u016f\u017eete p\u0159\u00edjem cookies zak\u00e1zat v ur\u010dit\u00fdch p\u0159\u00edpadech nebo jej zak\u00e1zat zcela. Tak\u00e9 si m\u016f\u017eete aktivovat funkci automatick\u00e9ho v\u00fdmazu cookies p\u0159i zav\u00edr\u00e1n\u00ed prohl\u00ed\u017ee\u010de. P\u0159i deaktivaci cookies m\u016f\u017ee b\u00fdt funk\u010dnost t\u00e9to str\u00e1nky omezena.<\/p>\n<p>[\/et_pb_text][\/et_pb_column][\/et_pb_row][\/et_pb_section]<\/p>\n","protected":false},"excerpt":{"rendered":"<p>Cookies Internetov\u00e9 str\u00e1nky z\u010d\u00e1sti vyu\u017e\u00edvaj\u00ed takzvan\u00e9 cookies. Cookies na Va\u0161em po\u010d\u00edta\u010di nezp\u016fsobuj\u00ed \u017e\u00e1dn\u00e9 \u0161kody a neobsahuj\u00ed viry. Cookies n\u00e1m pom\u00e1haj\u00ed upravit na\u0161i nab\u00eddku, aby byla u\u017eivatelsky p\u0159\u00edv\u011btiv\u011bj\u0161\u00ed, efektivn\u011bj\u0161\u00ed a bezpe\u010dn\u011bj\u0161\u00ed. Cookies jsou mal\u00e9 textov\u00e9 soubory, kter\u00e9 V\u00e1\u0161 internetov\u00fd prohl\u00ed\u017ee\u010d ukl\u00e1d\u00e1 na Va\u0161em po\u010d\u00edta\u010di. V\u011bt\u0161ina n\u00e1mi pou\u017e\u00edvan\u00fdch cookies jsou takzvan\u00e9 \u201esession cookies\u201c. Po ukon\u010den\u00ed Va\u0161\u00ed n\u00e1v\u0161t\u011bvy [&hellip;]<\/p>\n","protected":false},"author":4,"featured_media":0,"parent":0,"menu_order":0,"comment_status":"closed","ping_status":"closed","template":"","meta":{"_et_pb_use_builder":"on","_et_pb_old_content":"<p>This site uses cookies - small text files that are placed on your machine to help the site provide a better user experience. In general, cookies are used to retain user preferences, store information for things like shopping carts, and provide anonymised tracking data to third party applications like Google Analytics. As a rule, cookies will make your browsing experience better. However, you may prefer to disable cookies on this site and on others. The most effective way to do this is to disable cookies in your browser. We suggest consulting the Help section of your browser or taking a look at <a href=\"http:\/\/www.aboutcookies.org\">the About Cookies website<\/a> which offers guidance for all modern browsers<\/p>","_et_gb_content_width":"","footnotes":""},"class_list":["post-32808","page","type-page","status-publish","hentry"],"yoast_head":"<!-- This site is optimized with the Yoast SEO plugin v27.5 - https:\/\/yoast.com\/product\/yoast-seo-wordpress\/ -->\n<title>Politika cookies - travianet<\/title>\n<meta name=\"robots\" content=\"index, follow, max-snippet:-1, max-image-preview:large, max-video-preview:-1\" \/>\n<link rel=\"canonical\" href=\"https:\/\/www.travianet.de\/cs\/politika-cookies\/\" \/>\n<meta property=\"og:locale\" content=\"cs_CZ\" \/>\n<meta property=\"og:type\" content=\"article\" \/>\n<meta property=\"og:title\" content=\"Politika cookies - travianet\" \/>\n<meta property=\"og:description\" content=\"Cookies Internetov\u00e9 str\u00e1nky z\u010d\u00e1sti vyu\u017e\u00edvaj\u00ed takzvan\u00e9 cookies. Cookies na Va\u0161em po\u010d\u00edta\u010di nezp\u016fsobuj\u00ed \u017e\u00e1dn\u00e9 \u0161kody a neobsahuj\u00ed viry. Cookies n\u00e1m pom\u00e1haj\u00ed upravit na\u0161i nab\u00eddku, aby byla u\u017eivatelsky p\u0159\u00edv\u011btiv\u011bj\u0161\u00ed, efektivn\u011bj\u0161\u00ed a bezpe\u010dn\u011bj\u0161\u00ed. Cookies jsou mal\u00e9 textov\u00e9 soubory, kter\u00e9 V\u00e1\u0161 internetov\u00fd prohl\u00ed\u017ee\u010d ukl\u00e1d\u00e1 na Va\u0161em po\u010d\u00edta\u010di. V\u011bt\u0161ina n\u00e1mi pou\u017e\u00edvan\u00fdch cookies jsou takzvan\u00e9 \u201esession cookies\u201c. Po ukon\u010den\u00ed Va\u0161\u00ed n\u00e1v\u0161t\u011bvy [&hellip;]\" \/>\n<meta property=\"og:url\" content=\"https:\/\/www.travianet.de\/cs\/politika-cookies\/\" \/>\n<meta property=\"og:site_name\" content=\"travianet\" \/>\n<meta property=\"article:modified_time\" content=\"2018-06-05T06:51:48+00:00\" \/>\n<meta name=\"twitter:card\" content=\"summary_large_image\" \/>\n<meta name=\"twitter:site\" content=\"@travianet\" \/>\n<meta name=\"twitter:label1\" content=\"Odhadovan\u00e1 doba \u010dten\u00ed\" \/>\n\t<meta name=\"twitter:data1\" content=\"1 minuta\" \/>\n<script type=\"application\/ld+json\" class=\"yoast-schema-graph\">{\"@context\":\"https:\\\/\\\/schema.org\",\"@graph\":[{\"@type\":\"WebPage\",\"@id\":\"https:\\\/\\\/www.travianet.de\\\/cs\\\/politika-cookies\\\/\",\"url\":\"https:\\\/\\\/www.travianet.de\\\/cs\\\/politika-cookies\\\/\",\"name\":\"Politika cookies - travianet\",\"isPartOf\":{\"@id\":\"https:\\\/\\\/www.travianet.de\\\/#website\"},\"datePublished\":\"2018-04-30T14:45:28+00:00\",\"dateModified\":\"2018-06-05T06:51:48+00:00\",\"breadcrumb\":{\"@id\":\"https:\\\/\\\/www.travianet.de\\\/cs\\\/politika-cookies\\\/#breadcrumb\"},\"inLanguage\":\"cs\",\"potentialAction\":[{\"@type\":\"ReadAction\",\"target\":[\"https:\\\/\\\/www.travianet.de\\\/cs\\\/politika-cookies\\\/\"]}]},{\"@type\":\"BreadcrumbList\",\"@id\":\"https:\\\/\\\/www.travianet.de\\\/cs\\\/politika-cookies\\\/#breadcrumb\",\"itemListElement\":[{\"@type\":\"ListItem\",\"position\":1,\"name\":\"Startseite\",\"item\":\"https:\\\/\\\/www.travianet.de\\\/cs\\\/\"},{\"@type\":\"ListItem\",\"position\":2,\"name\":\"Politika cookies\"}]},{\"@type\":\"WebSite\",\"@id\":\"https:\\\/\\\/www.travianet.de\\\/#website\",\"url\":\"https:\\\/\\\/www.travianet.de\\\/\",\"name\":\"travianet\",\"description\":\"Die Nummer Eins wenn es um Reisepartnerprogramme geht\",\"publisher\":{\"@id\":\"https:\\\/\\\/www.travianet.de\\\/#organization\"},\"potentialAction\":[{\"@type\":\"SearchAction\",\"target\":{\"@type\":\"EntryPoint\",\"urlTemplate\":\"https:\\\/\\\/www.travianet.de\\\/?s={search_term_string}\"},\"query-input\":{\"@type\":\"PropertyValueSpecification\",\"valueRequired\":true,\"valueName\":\"search_term_string\"}}],\"inLanguage\":\"cs\"},{\"@type\":\"Organization\",\"@id\":\"https:\\\/\\\/www.travianet.de\\\/#organization\",\"name\":\"travianet GmbH\",\"url\":\"https:\\\/\\\/www.travianet.de\\\/\",\"logo\":{\"@type\":\"ImageObject\",\"inLanguage\":\"cs\",\"@id\":\"https:\\\/\\\/www.travianet.de\\\/#\\\/schema\\\/logo\\\/image\\\/\",\"url\":\"https:\\\/\\\/www.travianet.de\\\/wp-content\\\/uploads\\\/2017\\\/06\\\/travianetLogo.png\",\"contentUrl\":\"https:\\\/\\\/www.travianet.de\\\/wp-content\\\/uploads\\\/2017\\\/06\\\/travianetLogo.png\",\"width\":426,\"height\":80,\"caption\":\"travianet GmbH\"},\"image\":{\"@id\":\"https:\\\/\\\/www.travianet.de\\\/#\\\/schema\\\/logo\\\/image\\\/\"},\"sameAs\":[\"https:\\\/\\\/x.com\\\/travianet\",\"https:\\\/\\\/www.linkedin.com\\\/company-beta\\\/1138881\\\/\"]}]}<\/script>\n<!-- \/ Yoast SEO plugin. -->","yoast_head_json":{"title":"Politika cookies - travianet","robots":{"index":"index","follow":"follow","max-snippet":"max-snippet:-1","max-image-preview":"max-image-preview:large","max-video-preview":"max-video-preview:-1"},"canonical":"https:\/\/www.travianet.de\/cs\/politika-cookies\/","og_locale":"cs_CZ","og_type":"article","og_title":"Politika cookies - travianet","og_description":"Cookies Internetov\u00e9 str\u00e1nky z\u010d\u00e1sti vyu\u017e\u00edvaj\u00ed takzvan\u00e9 cookies. Cookies na Va\u0161em po\u010d\u00edta\u010di nezp\u016fsobuj\u00ed \u017e\u00e1dn\u00e9 \u0161kody a neobsahuj\u00ed viry. Cookies n\u00e1m pom\u00e1haj\u00ed upravit na\u0161i nab\u00eddku, aby byla u\u017eivatelsky p\u0159\u00edv\u011btiv\u011bj\u0161\u00ed, efektivn\u011bj\u0161\u00ed a bezpe\u010dn\u011bj\u0161\u00ed. Cookies jsou mal\u00e9 textov\u00e9 soubory, kter\u00e9 V\u00e1\u0161 internetov\u00fd prohl\u00ed\u017ee\u010d ukl\u00e1d\u00e1 na Va\u0161em po\u010d\u00edta\u010di. V\u011bt\u0161ina n\u00e1mi pou\u017e\u00edvan\u00fdch cookies jsou takzvan\u00e9 \u201esession cookies\u201c. Po ukon\u010den\u00ed Va\u0161\u00ed n\u00e1v\u0161t\u011bvy [&hellip;]","og_url":"https:\/\/www.travianet.de\/cs\/politika-cookies\/","og_site_name":"travianet","article_modified_time":"2018-06-05T06:51:48+00:00","twitter_card":"summary_large_image","twitter_site":"@travianet","twitter_misc":{"Odhadovan\u00e1 doba \u010dten\u00ed":"1 minuta"},"schema":{"@context":"https:\/\/schema.org","@graph":[{"@type":"WebPage","@id":"https:\/\/www.travianet.de\/cs\/politika-cookies\/","url":"https:\/\/www.travianet.de\/cs\/politika-cookies\/","name":"Politika cookies - travianet","isPartOf":{"@id":"https:\/\/www.travianet.de\/#website"},"datePublished":"2018-04-30T14:45:28+00:00","dateModified":"2018-06-05T06:51:48+00:00","breadcrumb":{"@id":"https:\/\/www.travianet.de\/cs\/politika-cookies\/#breadcrumb"},"inLanguage":"cs","potentialAction":[{"@type":"ReadAction","target":["https:\/\/www.travianet.de\/cs\/politika-cookies\/"]}]},{"@type":"BreadcrumbList","@id":"https:\/\/www.travianet.de\/cs\/politika-cookies\/#breadcrumb","itemListElement":[{"@type":"ListItem","position":1,"name":"Startseite","item":"https:\/\/www.travianet.de\/cs\/"},{"@type":"ListItem","position":2,"name":"Politika cookies"}]},{"@type":"WebSite","@id":"https:\/\/www.travianet.de\/#website","url":"https:\/\/www.travianet.de\/","name":"travianet","description":"Die Nummer Eins wenn es um Reisepartnerprogramme geht","publisher":{"@id":"https:\/\/www.travianet.de\/#organization"},"potentialAction":[{"@type":"SearchAction","target":{"@type":"EntryPoint","urlTemplate":"https:\/\/www.travianet.de\/?s={search_term_string}"},"query-input":{"@type":"PropertyValueSpecification","valueRequired":true,"valueName":"search_term_string"}}],"inLanguage":"cs"},{"@type":"Organization","@id":"https:\/\/www.travianet.de\/#organization","name":"travianet GmbH","url":"https:\/\/www.travianet.de\/","logo":{"@type":"ImageObject","inLanguage":"cs","@id":"https:\/\/www.travianet.de\/#\/schema\/logo\/image\/","url":"https:\/\/www.travianet.de\/wp-content\/uploads\/2017\/06\/travianetLogo.png","contentUrl":"https:\/\/www.travianet.de\/wp-content\/uploads\/2017\/06\/travianetLogo.png","width":426,"height":80,"caption":"travianet GmbH"},"image":{"@id":"https:\/\/www.travianet.de\/#\/schema\/logo\/image\/"},"sameAs":["https:\/\/x.com\/travianet","https:\/\/www.linkedin.com\/company-beta\/1138881\/"]}]}},"_links":{"self":[{"href":"https:\/\/www.travianet.de\/cs\/wp-json\/wp\/v2\/pages\/32808","targetHints":{"allow":["GET"]}}],"collection":[{"href":"https:\/\/www.travianet.de\/cs\/wp-json\/wp\/v2\/pages"}],"about":[{"href":"https:\/\/www.travianet.de\/cs\/wp-json\/wp\/v2\/types\/page"}],"author":[{"embeddable":true,"href":"https:\/\/www.travianet.de\/cs\/wp-json\/wp\/v2\/users\/4"}],"replies":[{"embeddable":true,"href":"https:\/\/www.travianet.de\/cs\/wp-json\/wp\/v2\/comments?post=32808"}],"version-history":[{"count":3,"href":"https:\/\/www.travianet.de\/cs\/wp-json\/wp\/v2\/pages\/32808\/revisions"}],"predecessor-version":[{"id":33642,"href":"https:\/\/www.travianet.de\/cs\/wp-json\/wp\/v2\/pages\/32808\/revisions\/33642"}],"wp:attachment":[{"href":"https:\/\/www.travianet.de\/cs\/wp-json\/wp\/v2\/media?parent=32808"}],"curies":[{"name":"wp","href":"https:\/\/api.w.org\/{rel}","templated":true}]}}