{"id":32803,"date":"2018-04-30T16:18:48","date_gmt":"2018-04-30T14:18:48","guid":{"rendered":"https:\/\/www.travianet.de\/login\/"},"modified":"2019-10-18T13:32:53","modified_gmt":"2019-10-18T11:32:53","slug":"login","status":"publish","type":"page","link":"https:\/\/www.travianet.de\/cs\/login\/","title":{"rendered":"P\u0159ihl\u00e1\u0161en\u00ed"},"content":{"rendered":"<p>[et_pb_section fb_built=&#8220;1&#8243; admin_label=&#8220;section&#8220; _builder_version=&#8220;3.22&#8243; background_image=&#8220;https:\/\/www.travianet.de\/wp-content\/uploads\/2017\/01\/HeaderUnterwasser.jpg&#8220; custom_padding=&#8220;240px||240px|&#8220; fb_built=&#8220;1&#8243; bb_built=&#8220;1&#8243; _i=&#8220;0&#8243; _address=&#8220;0&#8243;][et_pb_row admin_label=&#8220;row&#8220; _builder_version=&#8220;3.25&#8243; background_color=&#8220;rgba(0,0,0,0.8)&#8220; background_size=&#8220;initial&#8220; background_position=&#8220;top_left&#8220; background_repeat=&#8220;repeat&#8220; max_width=&#8220;500px&#8220; custom_padding=&#8220;50px|50px|50px|50px&#8220; make_fullwidth=&#8220;off&#8220; use_custom_width=&#8220;on&#8220; width_unit=&#8220;on&#8220; custom_width_px=&#8220;500px&#8220; custom_width_percent=&#8220;29%&#8220; _i=&#8220;0&#8243; _address=&#8220;0.0&#8243;][et_pb_column type=&#8220;4_4&#8243; _builder_version=&#8220;3.25&#8243; custom_padding=&#8220;|||&#8220; _i=&#8220;0&#8243; _address=&#8220;0.0.0&#8243; custom_padding__hover=&#8220;|||&#8220;][et_pb_text _builder_version=&#8220;3.0.87&#8243; background_size=&#8220;initial&#8220; background_position=&#8220;top_left&#8220; background_repeat=&#8220;repeat&#8220; background_layout=&#8220;dark&#8220; custom_margin=&#8220;||30px|&#8220; use_border_color=&#8220;off&#8220; border_color=&#8220;#ffffff&#8220; border_style=&#8220;solid&#8220; _i=&#8220;0&#8243; _address=&#8220;0.0.0.0&#8243;]<\/p>\n<h1>P\u0159ihl\u00e1\u0161en\u00ed<\/h1>\n<p>[\/et_pb_text][et_pb_code _builder_version=&#8220;3.27.3&#8243; hover_enabled=&#8220;0&#8243; _i=&#8220;1&#8243; _address=&#8220;0.0.0.1&#8243;]<\/p>\n<div class=\"et_pb_contact\"><!-- [et_pb_line_break_holder] --><\/p>\n<form class=\"et_pb_contact_form clearfix\" method=\"post\" action=\"https:\/\/partner.travianet.de\/site\/login\"><!-- [et_pb_line_break_holder] --><pee class=\"et_pb_contact_field et_pb_contact_field_0 et_pb_contact_field_last\"><!-- [et_pb_line_break_holder] --><label for=\"et_pb_contact_benutzername_1\" class=\"et_pb_contact_form_label\">U\u017eivatelsk\u00e9 jm\u00e9no<\/label><!-- [et_pb_line_break_holder] --><input type=\"text\" id=\"et_pb_contact_benutzername_1\" class=\"input\" value=\"\" name=\"username\" data-required_mark=\"required\" data-field_type=\"input\" data-original_id=\"benutzername\" placeholder=\"U\u017eivatelsk\u00e9 jm\u00e9no\"><!-- [et_pb_line_break_holder] --><\/pee><pee class=\"et_pb_contact_field et_pb_contact_field_1 et_pb_contact_field_last\"><!-- [et_pb_line_break_holder] --><label for=\"et_pb_contact_passwort_1\" class=\"et_pb_contact_form_label\">Heslo<\/label><!-- [et_pb_line_break_holder] --><input type=\"password\" id=\"et_pb_contact_passwort_1\" class=\"input\" value=\"\" name=\"passwd\" data-required_mark=\"required\" data-field_type=\"input\" data-original_id=\"passwort\" placeholder=\"Heslo\"><!-- [et_pb_line_break_holder] --><\/pee> <!-- [et_pb_line_break_holder] --><!--<input type=\"hidden\" value=\"et_contact_proccess\" name=\"et_pb_contactform_submit_0\"><!-- [et_pb_line_break_holder] --><input type=\"text\" value=\"\" name=\"et_pb_contactform_validate_0\" class=\"et_pb_contactform_validate_field\">&#8211;><!-- [et_pb_line_break_holder] --><\/p>\n<div class=\"et_contact_bottom_container\"><!-- [et_pb_line_break_holder] --><button type=\"submit\" class=\"et_pb_contact_submit et_pb_button\">Odeslat<\/button><!-- [et_pb_line_break_holder] --><\/div>\n<p><!-- [et_pb_line_break_holder] --><input type=\"hidden\" id=\"_wpnonce-et-pb-contact-form-submitted\" name=\"_wpnonce-et-pb-contact-form-submitted\" value=\"b6d3ff886f\"><input type=\"hidden\" name=\"_wp_http_referer\" value=\"\/cs\/login\/\"><!-- [et_pb_line_break_holder] --><input type=\"hidden\" name=\"source\" value=\"https:\/\/www.travianet.de\/cs\/logout\/\"><!-- [et_pb_line_break_holder] --><\/form>\n<p><!-- [et_pb_line_break_holder] --><\/div>\n<p>[\/et_pb_code][et_pb_text _builder_version=&#8220;3.0.87&#8243; text_font_size=&#8220;16px&#8220; background_size=&#8220;initial&#8220; background_position=&#8220;top_left&#8220; background_repeat=&#8220;repeat&#8220; background_layout=&#8220;dark&#8220; use_border_color=&#8220;off&#8220; border_color=&#8220;#ffffff&#8220; border_style=&#8220;solid&#8220; _i=&#8220;2&#8243; _address=&#8220;0.0.0.2&#8243;]<\/p>\n<h3><a href=\"https:\/\/partner.travianet.de\/registration\">\u00bb Nov\u00e1 registrace?<\/a><\/h3>\n<h3><a href=\"https:\/\/partner.travianet.de\/index\/forgotpassword\">\u00bb Zapomenut\u00e9 heslo?<\/a><\/h3>\n<p>[\/et_pb_text][\/et_pb_column][\/et_pb_row][\/et_pb_section][et_pb_section fb_built=&#8220;1&#8243; _builder_version=&#8220;3.22&#8243; background_color=&#8220;#3a3a3a&#8220; transparent_background=&#8220;off&#8220; make_fullwidth=&#8220;off&#8220; use_custom_width=&#8220;off&#8220; width_unit=&#8220;on&#8220; fb_built=&#8220;1&#8243; bb_built=&#8220;1&#8243; _i=&#8220;1&#8243; _address=&#8220;1&#8243;][et_pb_row _builder_version=&#8220;3.25&#8243; background_size=&#8220;initial&#8220; background_position=&#8220;top_left&#8220; background_repeat=&#8220;repeat&#8220; _i=&#8220;0&#8243; _address=&#8220;1.0&#8243;][et_pb_column type=&#8220;4_4&#8243; _builder_version=&#8220;3.25&#8243; custom_padding=&#8220;|||&#8220; _i=&#8220;0&#8243; _address=&#8220;1.0.0&#8243; custom_padding__hover=&#8220;|||&#8220;][\/et_pb_column][\/et_pb_row][\/et_pb_section]<\/p>\n","protected":false},"excerpt":{"rendered":"<p>P\u0159ihl\u00e1\u0161en\u00ed \u00bb Nov\u00e1 registrace? \u00bb Zapomenut\u00e9 heslo?<\/p>\n","protected":false},"author":4,"featured_media":0,"parent":0,"menu_order":0,"comment_status":"closed","ping_status":"closed","template":"","meta":{"_et_pb_use_builder":"on","_et_pb_old_content":"","_et_gb_content_width":"","footnotes":""},"class_list":["post-32803","page","type-page","status-publish","hentry"],"yoast_head":"<!-- This site is optimized with the Yoast SEO plugin v27.5 - https:\/\/yoast.com\/product\/yoast-seo-wordpress\/ -->\n<title>P\u0159ihl\u00e1\u0161en\u00ed - travianet<\/title>\n<meta name=\"robots\" content=\"index, follow, max-snippet:-1, max-image-preview:large, max-video-preview:-1\" \/>\n<link rel=\"canonical\" href=\"https:\/\/www.travianet.de\/cs\/login\/\" \/>\n<meta property=\"og:locale\" content=\"cs_CZ\" \/>\n<meta property=\"og:type\" content=\"article\" \/>\n<meta property=\"og:title\" content=\"P\u0159ihl\u00e1\u0161en\u00ed - travianet\" \/>\n<meta property=\"og:description\" content=\"P\u0159ihl\u00e1\u0161en\u00ed \u00bb Nov\u00e1 registrace? \u00bb Zapomenut\u00e9 heslo?\" \/>\n<meta property=\"og:url\" content=\"https:\/\/www.travianet.de\/cs\/login\/\" \/>\n<meta property=\"og:site_name\" content=\"travianet\" \/>\n<meta property=\"article:modified_time\" content=\"2019-10-18T11:32:53+00:00\" \/>\n<meta name=\"twitter:card\" content=\"summary_large_image\" \/>\n<meta name=\"twitter:site\" content=\"@travianet\" \/>\n<meta name=\"twitter:label1\" content=\"Odhadovan\u00e1 doba \u010dten\u00ed\" \/>\n\t<meta name=\"twitter:data1\" content=\"1 minuta\" \/>\n<script type=\"application\/ld+json\" class=\"yoast-schema-graph\">{\"@context\":\"https:\\\/\\\/schema.org\",\"@graph\":[{\"@type\":\"WebPage\",\"@id\":\"https:\\\/\\\/www.travianet.de\\\/cs\\\/login\\\/\",\"url\":\"https:\\\/\\\/www.travianet.de\\\/cs\\\/login\\\/\",\"name\":\"P\u0159ihl\u00e1\u0161en\u00ed - travianet\",\"isPartOf\":{\"@id\":\"https:\\\/\\\/www.travianet.de\\\/#website\"},\"datePublished\":\"2018-04-30T14:18:48+00:00\",\"dateModified\":\"2019-10-18T11:32:53+00:00\",\"breadcrumb\":{\"@id\":\"https:\\\/\\\/www.travianet.de\\\/cs\\\/login\\\/#breadcrumb\"},\"inLanguage\":\"cs\",\"potentialAction\":[{\"@type\":\"ReadAction\",\"target\":[\"https:\\\/\\\/www.travianet.de\\\/cs\\\/login\\\/\"]}]},{\"@type\":\"BreadcrumbList\",\"@id\":\"https:\\\/\\\/www.travianet.de\\\/cs\\\/login\\\/#breadcrumb\",\"itemListElement\":[{\"@type\":\"ListItem\",\"position\":1,\"name\":\"Startseite\",\"item\":\"https:\\\/\\\/www.travianet.de\\\/cs\\\/\"},{\"@type\":\"ListItem\",\"position\":2,\"name\":\"P\u0159ihl\u00e1\u0161en\u00ed\"}]},{\"@type\":\"WebSite\",\"@id\":\"https:\\\/\\\/www.travianet.de\\\/#website\",\"url\":\"https:\\\/\\\/www.travianet.de\\\/\",\"name\":\"travianet\",\"description\":\"Die Nummer Eins wenn es um Reisepartnerprogramme geht\",\"publisher\":{\"@id\":\"https:\\\/\\\/www.travianet.de\\\/#organization\"},\"potentialAction\":[{\"@type\":\"SearchAction\",\"target\":{\"@type\":\"EntryPoint\",\"urlTemplate\":\"https:\\\/\\\/www.travianet.de\\\/?s={search_term_string}\"},\"query-input\":{\"@type\":\"PropertyValueSpecification\",\"valueRequired\":true,\"valueName\":\"search_term_string\"}}],\"inLanguage\":\"cs\"},{\"@type\":\"Organization\",\"@id\":\"https:\\\/\\\/www.travianet.de\\\/#organization\",\"name\":\"travianet GmbH\",\"url\":\"https:\\\/\\\/www.travianet.de\\\/\",\"logo\":{\"@type\":\"ImageObject\",\"inLanguage\":\"cs\",\"@id\":\"https:\\\/\\\/www.travianet.de\\\/#\\\/schema\\\/logo\\\/image\\\/\",\"url\":\"https:\\\/\\\/www.travianet.de\\\/wp-content\\\/uploads\\\/2017\\\/06\\\/travianetLogo.png\",\"contentUrl\":\"https:\\\/\\\/www.travianet.de\\\/wp-content\\\/uploads\\\/2017\\\/06\\\/travianetLogo.png\",\"width\":426,\"height\":80,\"caption\":\"travianet GmbH\"},\"image\":{\"@id\":\"https:\\\/\\\/www.travianet.de\\\/#\\\/schema\\\/logo\\\/image\\\/\"},\"sameAs\":[\"https:\\\/\\\/x.com\\\/travianet\",\"https:\\\/\\\/www.linkedin.com\\\/company-beta\\\/1138881\\\/\"]}]}<\/script>\n<!-- \/ Yoast SEO plugin. -->","yoast_head_json":{"title":"P\u0159ihl\u00e1\u0161en\u00ed - travianet","robots":{"index":"index","follow":"follow","max-snippet":"max-snippet:-1","max-image-preview":"max-image-preview:large","max-video-preview":"max-video-preview:-1"},"canonical":"https:\/\/www.travianet.de\/cs\/login\/","og_locale":"cs_CZ","og_type":"article","og_title":"P\u0159ihl\u00e1\u0161en\u00ed - travianet","og_description":"P\u0159ihl\u00e1\u0161en\u00ed \u00bb Nov\u00e1 registrace? \u00bb Zapomenut\u00e9 heslo?","og_url":"https:\/\/www.travianet.de\/cs\/login\/","og_site_name":"travianet","article_modified_time":"2019-10-18T11:32:53+00:00","twitter_card":"summary_large_image","twitter_site":"@travianet","twitter_misc":{"Odhadovan\u00e1 doba \u010dten\u00ed":"1 minuta"},"schema":{"@context":"https:\/\/schema.org","@graph":[{"@type":"WebPage","@id":"https:\/\/www.travianet.de\/cs\/login\/","url":"https:\/\/www.travianet.de\/cs\/login\/","name":"P\u0159ihl\u00e1\u0161en\u00ed - travianet","isPartOf":{"@id":"https:\/\/www.travianet.de\/#website"},"datePublished":"2018-04-30T14:18:48+00:00","dateModified":"2019-10-18T11:32:53+00:00","breadcrumb":{"@id":"https:\/\/www.travianet.de\/cs\/login\/#breadcrumb"},"inLanguage":"cs","potentialAction":[{"@type":"ReadAction","target":["https:\/\/www.travianet.de\/cs\/login\/"]}]},{"@type":"BreadcrumbList","@id":"https:\/\/www.travianet.de\/cs\/login\/#breadcrumb","itemListElement":[{"@type":"ListItem","position":1,"name":"Startseite","item":"https:\/\/www.travianet.de\/cs\/"},{"@type":"ListItem","position":2,"name":"P\u0159ihl\u00e1\u0161en\u00ed"}]},{"@type":"WebSite","@id":"https:\/\/www.travianet.de\/#website","url":"https:\/\/www.travianet.de\/","name":"travianet","description":"Die Nummer Eins wenn es um Reisepartnerprogramme geht","publisher":{"@id":"https:\/\/www.travianet.de\/#organization"},"potentialAction":[{"@type":"SearchAction","target":{"@type":"EntryPoint","urlTemplate":"https:\/\/www.travianet.de\/?s={search_term_string}"},"query-input":{"@type":"PropertyValueSpecification","valueRequired":true,"valueName":"search_term_string"}}],"inLanguage":"cs"},{"@type":"Organization","@id":"https:\/\/www.travianet.de\/#organization","name":"travianet GmbH","url":"https:\/\/www.travianet.de\/","logo":{"@type":"ImageObject","inLanguage":"cs","@id":"https:\/\/www.travianet.de\/#\/schema\/logo\/image\/","url":"https:\/\/www.travianet.de\/wp-content\/uploads\/2017\/06\/travianetLogo.png","contentUrl":"https:\/\/www.travianet.de\/wp-content\/uploads\/2017\/06\/travianetLogo.png","width":426,"height":80,"caption":"travianet GmbH"},"image":{"@id":"https:\/\/www.travianet.de\/#\/schema\/logo\/image\/"},"sameAs":["https:\/\/x.com\/travianet","https:\/\/www.linkedin.com\/company-beta\/1138881\/"]}]}},"_links":{"self":[{"href":"https:\/\/www.travianet.de\/cs\/wp-json\/wp\/v2\/pages\/32803","targetHints":{"allow":["GET"]}}],"collection":[{"href":"https:\/\/www.travianet.de\/cs\/wp-json\/wp\/v2\/pages"}],"about":[{"href":"https:\/\/www.travianet.de\/cs\/wp-json\/wp\/v2\/types\/page"}],"author":[{"embeddable":true,"href":"https:\/\/www.travianet.de\/cs\/wp-json\/wp\/v2\/users\/4"}],"replies":[{"embeddable":true,"href":"https:\/\/www.travianet.de\/cs\/wp-json\/wp\/v2\/comments?post=32803"}],"version-history":[{"count":40,"href":"https:\/\/www.travianet.de\/cs\/wp-json\/wp\/v2\/pages\/32803\/revisions"}],"predecessor-version":[{"id":35884,"href":"https:\/\/www.travianet.de\/cs\/wp-json\/wp\/v2\/pages\/32803\/revisions\/35884"}],"wp:attachment":[{"href":"https:\/\/www.travianet.de\/cs\/wp-json\/wp\/v2\/media?parent=32803"}],"curies":[{"name":"wp","href":"https:\/\/api.w.org\/{rel}","templated":true}]}}